{"id":5495,"date":"2023-06-26T14:43:07","date_gmt":"2023-06-26T19:43:07","guid":{"rendered":"https:\/\/www.ces.gob.ec\/?page_id=5495"},"modified":"2023-06-27T09:42:03","modified_gmt":"2023-06-27T14:42:03","slug":"comunidad-ies","status":"publish","type":"page","link":"https:\/\/www.ces.gob.ec\/?page_id=5495","title":{"rendered":"Comunidad IES"},"content":{"rendered":"\n<h3 class=\"wp-block-heading\">Universidades y Escuelas Polit\u00e9cnicas<\/h3>\n\n\n\n<div style=\"height:26px\" aria-hidden=\"true\" class=\"wp-block-spacer\"><\/div>\n\n\n\n<div class=\"wp-block-columns is-layout-flex wp-container-core-columns-is-layout-9d6595d7 wp-block-columns-is-layout-flex\">\n<div class=\"wp-block-column is-layout-flow wp-block-column-is-layout-flow\">\n<div class=\"caja card\">\n  <a href=\"?page_id=328\"><img decoding=\"async\" src=\"wp-content\/uploads\/2019\/07\/Universidad.png\">\n  <br><h5>P\u00fablicas nacionales<\/a><\/h5>\n<\/div>\n<\/div>\n\n\n\n<div class=\"wp-block-column is-layout-flow wp-block-column-is-layout-flow\">\n<div class=\"caja card\">\n  <a href=\"?page_id=5398\"><img decoding=\"async\" src=\"wp-content\/uploads\/2019\/07\/Universidad.png\">\n  <h5>Particulares cofinanciadas<\/a><\/h5>\n<\/div>\n<\/div>\n\n\n\n<div class=\"wp-block-column is-layout-flow wp-block-column-is-layout-flow\">\n<div class=\"caja card\">\n  <a href=\"?page_id=1540\"><img decoding=\"async\" src=\"wp-content\/uploads\/2019\/07\/Universidad.png\">\n  <h5>Particulares autofinanciadas<\/a><\/h5>\n<\/div>\n<\/div>\n<\/div>\n\n\n\n<div style=\"height:26px\" aria-hidden=\"true\" class=\"wp-block-spacer\"><\/div>\n\n\n\n<h3 class=\"wp-block-heading\">Institutos superiores t\u00e9cnicos, tecnol\u00f3gicos, pedag\u00f3gicos de artes y conservatorios superiores <\/h3>\n\n\n\n<div style=\"height:26px\" aria-hidden=\"true\" class=\"wp-block-spacer\"><\/div>\n\n\n\n<div class=\"wp-block-columns is-layout-flex wp-container-core-columns-is-layout-9d6595d7 wp-block-columns-is-layout-flex\">\n<div class=\"wp-block-column is-layout-flow wp-block-column-is-layout-flow\">\n<div class=\"caja card\">\n  <a href=\"?page_id=1543\"><img decoding=\"async\" src=\"wp-content\/uploads\/2019\/07\/Universidad.png\">\n  <h5>P\u00fablicos<\/a><\/h5>\n<\/div>\n<\/div>\n\n\n\n<div class=\"wp-block-column is-layout-flow wp-block-column-is-layout-flow\">\n<div class=\"caja card\">\n  <a href=\"?page_id=5058\"><img decoding=\"async\" src=\"wp-content\/uploads\/2019\/07\/Universidad.png\">\n  <h5>Particulares<\/a><\/h5>\n<\/div>\n<\/div>\n<\/div>\n\n\n\n<div style=\"height:203px\" aria-hidden=\"true\" class=\"wp-block-spacer\"><\/div>\n","protected":false},"excerpt":{"rendered":"<p>Universidades y Escuelas Polit\u00e9cnicas P\u00fablicas nacionales Particulares cofinanciadas Particulares autofinanciadas Institutos superiores t\u00e9cnicos, tecnol\u00f3gicos, pedag\u00f3gicos de artes y conservatorios superiores P\u00fablicos Particulares<\/p>\n","protected":false},"author":1,"featured_media":0,"parent":0,"menu_order":0,"comment_status":"closed","ping_status":"closed","template":"","meta":{"_monsterinsights_skip_tracking":false,"_monsterinsights_sitenote_active":false,"_monsterinsights_sitenote_note":"","_monsterinsights_sitenote_category":0,"footnotes":""},"class_list":["post-5495","page","type-page","status-publish","hentry"],"_links":{"self":[{"href":"https:\/\/www.ces.gob.ec\/index.php?rest_route=\/wp\/v2\/pages\/5495","targetHints":{"allow":["GET"]}}],"collection":[{"href":"https:\/\/www.ces.gob.ec\/index.php?rest_route=\/wp\/v2\/pages"}],"about":[{"href":"https:\/\/www.ces.gob.ec\/index.php?rest_route=\/wp\/v2\/types\/page"}],"author":[{"embeddable":true,"href":"https:\/\/www.ces.gob.ec\/index.php?rest_route=\/wp\/v2\/users\/1"}],"replies":[{"embeddable":true,"href":"https:\/\/www.ces.gob.ec\/index.php?rest_route=%2Fwp%2Fv2%2Fcomments&post=5495"}],"version-history":[{"count":7,"href":"https:\/\/www.ces.gob.ec\/index.php?rest_route=\/wp\/v2\/pages\/5495\/revisions"}],"predecessor-version":[{"id":5536,"href":"https:\/\/www.ces.gob.ec\/index.php?rest_route=\/wp\/v2\/pages\/5495\/revisions\/5536"}],"wp:attachment":[{"href":"https:\/\/www.ces.gob.ec\/index.php?rest_route=%2Fwp%2Fv2%2Fmedia&parent=5495"}],"curies":[{"name":"wp","href":"https:\/\/api.w.org\/{rel}","templated":true}]}}