{"id":519,"date":"2019-05-17T13:48:37","date_gmt":"2019-05-17T19:48:37","guid":{"rendered":"https:\/\/www.ces.gob.ec\/?page_id=519"},"modified":"2023-06-26T16:31:26","modified_gmt":"2023-06-26T21:31:26","slug":"unidad-administrativa","status":"publish","type":"page","link":"https:\/\/www.ces.gob.ec\/?page_id=519","title":{"rendered":"Unidad Administrativa"},"content":{"rendered":"\n<h4 class=\"has-text-align-center wp-block-heading\"><strong> Tel\u00e9lefono: (593-2) 3947820 <\/strong><\/h4>\n\n\n\n<table id=\"tablepress-1\" class=\"tablepress tablepress-id-1 mtr-table mtr-thead-th\">\n<thead>\n<tr class=\"row-1\">\n\t<th class=\"column-1 mtr-th-tag\" data-mtr-content=\"Unidad Administrativa\"><div class=\"mtr-cell-content\">Unidad Administrativa<\/div><\/th><th class=\"column-2 mtr-th-tag\" data-mtr-content=\"Contacto\"><div class=\"mtr-cell-content\">Contacto<\/div><\/th><th class=\"column-3 mtr-th-tag\" data-mtr-content=\"Ext.\"><div class=\"mtr-cell-content\">Ext.<\/div><\/th>\n<\/tr>\n<\/thead>\n<tbody class=\"row-hover\">\n<tr class=\"row-2\">\n\t<td class=\"column-1 mtr-td-tag\" data-mtr-content=\"Unidad Administrativa\"><div class=\"mtr-cell-content\">Presidencia<\/div><\/td><td class=\"column-2 mtr-td-tag\" data-mtr-content=\"Contacto\"><div class=\"mtr-cell-content\">Mar\u00eda Daniela Silva<\/div><\/td><td class=\"column-3 mtr-td-tag\" data-mtr-content=\"Ext.\"><div class=\"mtr-cell-content\">2003<\/div><\/td>\n<\/tr>\n<tr class=\"row-3\">\n\t<td class=\"column-1 mtr-td-tag\" data-mtr-content=\"Unidad Administrativa\"><div class=\"mtr-cell-content\">Comisi\u00f3n Permanente de Posgrados<\/div><\/td><td class=\"column-2 mtr-td-tag\" data-mtr-content=\"Contacto\"><div class=\"mtr-cell-content\">Carla Rumbea<\/div><\/td><td class=\"column-3 mtr-td-tag\" data-mtr-content=\"Ext.\"><div class=\"mtr-cell-content\">5007<\/div><\/td>\n<\/tr>\n<tr class=\"row-4\">\n\t<td class=\"column-1 mtr-td-tag\" data-mtr-content=\"Unidad Administrativa\"><div class=\"mtr-cell-content\">Comisi\u00f3n Permanente de Doctorados<\/div><\/td><td class=\"column-2 mtr-td-tag\" data-mtr-content=\"Contacto\"><div class=\"mtr-cell-content\">Jimmy Alem\u00e1n<\/div><\/td><td class=\"column-3 mtr-td-tag\" data-mtr-content=\"Ext.\"><div class=\"mtr-cell-content\">2008<\/div><\/td>\n<\/tr>\n<tr class=\"row-5\">\n\t<td class=\"column-1 mtr-td-tag\" data-mtr-content=\"Unidad Administrativa\"><div class=\"mtr-cell-content\">Comisi\u00f3n Permanente de Universidades y Escuelas Polit\u00e9cnicas<\/div><\/td><td class=\"column-2 mtr-td-tag\" data-mtr-content=\"Contacto\"><div class=\"mtr-cell-content\">Evelyn Herrera<\/div><\/td><td class=\"column-3 mtr-td-tag\" data-mtr-content=\"Ext.\"><div class=\"mtr-cell-content\">2001<\/div><\/td>\n<\/tr>\n<tr class=\"row-6\">\n\t<td class=\"column-1 mtr-td-tag\" data-mtr-content=\"Unidad Administrativa\"><div class=\"mtr-cell-content\">Comisi\u00f3n Permanente de Institutos y Conservatorios Superiores<\/div><\/td><td class=\"column-2 mtr-td-tag\" data-mtr-content=\"Contacto\"><div class=\"mtr-cell-content\">Elvia Lozano<\/div><\/td><td class=\"column-3 mtr-td-tag\" data-mtr-content=\"Ext.\"><div class=\"mtr-cell-content\">3010<\/div><\/td>\n<\/tr>\n<tr class=\"row-7\">\n\t<td class=\"column-1 mtr-td-tag\" data-mtr-content=\"Unidad Administrativa\"><div class=\"mtr-cell-content\">Comisi\u00f3n Permanente de Salud<\/div><\/td><td class=\"column-2 mtr-td-tag\" data-mtr-content=\"Contacto\"><div class=\"mtr-cell-content\">Silvana Galeas<\/div><\/td><td class=\"column-3 mtr-td-tag\" data-mtr-content=\"Ext.\"><div class=\"mtr-cell-content\">3054<\/div><\/td>\n<\/tr>\n<tr class=\"row-8\">\n\t<td class=\"column-1 mtr-td-tag\" data-mtr-content=\"Unidad Administrativa\"><div class=\"mtr-cell-content\">Secretar\u00eda General<\/div><\/td><td class=\"column-2 mtr-td-tag\" data-mtr-content=\"Contacto\"><div class=\"mtr-cell-content\">Valentina Cisneros<\/div><\/td><td class=\"column-3 mtr-td-tag\" data-mtr-content=\"Ext.\"><div class=\"mtr-cell-content\">1003<\/div><\/td>\n<\/tr>\n<tr class=\"row-9\">\n\t<td class=\"column-1 mtr-td-tag\" data-mtr-content=\"Unidad Administrativa\"><div class=\"mtr-cell-content\">Coordinaci\u00f3n de Planificaci\u00f3n Acad\u00e9mica<\/div><\/td><td class=\"column-2 mtr-td-tag\" data-mtr-content=\"Contacto\"><div class=\"mtr-cell-content\">Adolfo Alvarado<\/div><\/td><td class=\"column-3 mtr-td-tag\" data-mtr-content=\"Ext.\"><div class=\"mtr-cell-content\">3050<\/div><\/td>\n<\/tr>\n<tr class=\"row-10\">\n\t<td class=\"column-1 mtr-td-tag\" data-mtr-content=\"Unidad Administrativa\"><div class=\"mtr-cell-content\">Coordinaci\u00f3n de Normativa<\/div><\/td><td class=\"column-2 mtr-td-tag\" data-mtr-content=\"Contacto\"><div class=\"mtr-cell-content\">Patricia Bautista<\/div><\/td><td class=\"column-3 mtr-td-tag\" data-mtr-content=\"Ext.\"><div class=\"mtr-cell-content\">3001<\/div><\/td>\n<\/tr>\n<tr class=\"row-11\">\n\t<td class=\"column-1 mtr-td-tag\" data-mtr-content=\"Unidad Administrativa\"><div class=\"mtr-cell-content\">Coordinaci\u00f3n de Monitoreo e Informaci\u00f3n del SES<\/div><\/td><td class=\"column-2 mtr-td-tag\" data-mtr-content=\"Contacto\"><div class=\"mtr-cell-content\">Janneth Sarsoza<\/div><\/td><td class=\"column-3 mtr-td-tag\" data-mtr-content=\"Ext.\"><div class=\"mtr-cell-content\">5006<\/div><\/td>\n<\/tr>\n<tr class=\"row-12\">\n\t<td class=\"column-1 mtr-td-tag\" data-mtr-content=\"Unidad Administrativa\"><div class=\"mtr-cell-content\">Procuradur\u00eda<\/div><\/td><td class=\"column-2 mtr-td-tag\" data-mtr-content=\"Contacto\"><div class=\"mtr-cell-content\">Ver\u00f3nica Rosero<\/div><\/td><td class=\"column-3 mtr-td-tag\" data-mtr-content=\"Ext.\"><div class=\"mtr-cell-content\">1050<\/div><\/td>\n<\/tr>\n<tr class=\"row-13\">\n\t<td class=\"column-1 mtr-td-tag\" data-mtr-content=\"Unidad Administrativa\"><div class=\"mtr-cell-content\">Coordinaci\u00f3n Administrativa Financiera<\/div><\/td><td class=\"column-2 mtr-td-tag\" data-mtr-content=\"Contacto\"><div class=\"mtr-cell-content\">Jimena Ba\u00f1o<\/div><\/td><td class=\"column-3 mtr-td-tag\" data-mtr-content=\"Ext.\"><div class=\"mtr-cell-content\">1009 - 4005<\/div><\/td>\n<\/tr>\n<tr class=\"row-14\">\n\t<td class=\"column-1 mtr-td-tag\" data-mtr-content=\"Unidad Administrativa\"><div class=\"mtr-cell-content\">Comunicaci\u00f3n Social<\/div><\/td><td class=\"column-2 mtr-td-tag\" data-mtr-content=\"Contacto\"><div class=\"mtr-cell-content\">Felipe Villaviciencio<\/div><\/td><td class=\"column-3 mtr-td-tag\" data-mtr-content=\"Ext.\"><div class=\"mtr-cell-content\">4007<\/div><\/td>\n<\/tr>\n<tr class=\"row-15\">\n\t<td class=\"column-1 mtr-td-tag\" data-mtr-content=\"Unidad Administrativa\"><div class=\"mtr-cell-content\">Plan de Contingencia<\/div><\/td><td class=\"column-2 mtr-td-tag\" data-mtr-content=\"Contacto\"><div class=\"mtr-cell-content\">Alejandra Arcos<\/div><\/td><td class=\"column-3 mtr-td-tag\" data-mtr-content=\"Ext.\"><div class=\"mtr-cell-content\">1006<\/div><\/td>\n<\/tr>\n<tr class=\"row-16\">\n\t<td class=\"column-1 mtr-td-tag\" data-mtr-content=\"Unidad Administrativa\"><div class=\"mtr-cell-content\">Servicio de Atenci\u00f3n al Usuario<\/div><\/td><td class=\"column-2 mtr-td-tag\" data-mtr-content=\"Contacto\"><div class=\"mtr-cell-content\">Ines Hidalgo<\/div><\/td><td class=\"column-3 mtr-td-tag\" data-mtr-content=\"Ext.\"><div class=\"mtr-cell-content\">4001 - 4002<\/div><\/td>\n<\/tr>\n<tr class=\"row-17\">\n\t<td class=\"column-1 mtr-td-tag\" data-mtr-content=\"Unidad Administrativa\"><div class=\"mtr-cell-content\">Seguridad y Vigilancia CES<\/div><\/td><td class=\"column-2 mtr-td-tag\" data-mtr-content=\"Contacto\"><div class=\"mtr-cell-content\"><\/div><\/td><td class=\"column-3 mtr-td-tag\" data-mtr-content=\"Ext.\"><div class=\"mtr-cell-content\">4002<\/div><\/td>\n<\/tr>\n<\/tbody>\n<\/table>\n<!-- #tablepress-1 from cache -->\n\n\n\n<p><\/p>\n","protected":false},"excerpt":{"rendered":"<p>Tel\u00e9lefono: (593-2) 3947820<\/p>\n","protected":false},"author":1,"featured_media":0,"parent":0,"menu_order":0,"comment_status":"closed","ping_status":"closed","template":"","meta":{"_monsterinsights_skip_tracking":false,"_monsterinsights_sitenote_active":false,"_monsterinsights_sitenote_note":"","_monsterinsights_sitenote_category":0,"footnotes":""},"class_list":["post-519","page","type-page","status-publish","hentry"],"_links":{"self":[{"href":"https:\/\/www.ces.gob.ec\/index.php?rest_route=\/wp\/v2\/pages\/519","targetHints":{"allow":["GET"]}}],"collection":[{"href":"https:\/\/www.ces.gob.ec\/index.php?rest_route=\/wp\/v2\/pages"}],"about":[{"href":"https:\/\/www.ces.gob.ec\/index.php?rest_route=\/wp\/v2\/types\/page"}],"author":[{"embeddable":true,"href":"https:\/\/www.ces.gob.ec\/index.php?rest_route=\/wp\/v2\/users\/1"}],"replies":[{"embeddable":true,"href":"https:\/\/www.ces.gob.ec\/index.php?rest_route=%2Fwp%2Fv2%2Fcomments&post=519"}],"version-history":[{"count":8,"href":"https:\/\/www.ces.gob.ec\/index.php?rest_route=\/wp\/v2\/pages\/519\/revisions"}],"predecessor-version":[{"id":6217,"href":"https:\/\/www.ces.gob.ec\/index.php?rest_route=\/wp\/v2\/pages\/519\/revisions\/6217"}],"wp:attachment":[{"href":"https:\/\/www.ces.gob.ec\/index.php?rest_route=%2Fwp%2Fv2%2Fmedia&parent=519"}],"curies":[{"name":"wp","href":"https:\/\/api.w.org\/{rel}","templated":true}]}}