{"id":4745,"date":"2022-05-12T09:49:23","date_gmt":"2022-05-12T14:49:23","guid":{"rendered":"https:\/\/www.ces.gob.ec\/?page_id=4745"},"modified":"2022-05-12T10:24:35","modified_gmt":"2022-05-12T15:24:35","slug":"alvaro-hernan-villagomez-palacios","status":"publish","type":"page","link":"https:\/\/www.ces.gob.ec\/?page_id=4745","title":{"rendered":"\u00c1lvaro Hern\u00e1n Villag\u00f3mez Palacios"},"content":{"rendered":"\n<div class=\"wp-block-columns has-2-columns is-layout-flex wp-container-core-columns-is-layout-9d6595d7 wp-block-columns-is-layout-flex\">\n<div class=\"wp-block-column is-layout-flow wp-block-column-is-layout-flow\">\n<h2 class=\"wp-block-heading\"><strong>\u00c1lvaro Hern\u00e1n Villag\u00f3mez Palacios<\/strong><\/h2>\n\n\n\n<p><strong>Representante de las y los estudiantes al Consejo de Educaci\u00f3n Superior CES<\/strong><\/p>\n\n\n\n<p><strong>Tel:<\/strong> (02) 3947 820&nbsp;&nbsp; <\/p>\n\n\n\n<p><strong>Correo:<\/strong> <a href=\"alvaro.villagomez@ces.gob.ec\">alvaro.villagomez@ces.gob.ec<\/a><\/p>\n\n\n\n<p><\/p>\n<\/div>\n\n\n\n<div class=\"wp-block-column is-layout-flow wp-block-column-is-layout-flow\">\n<figure class=\"wp-block-gallery columns-1 is-cropped wp-block-gallery-1 is-layout-flex wp-block-gallery-is-layout-flex\"><ul class=\"blocks-gallery-grid\"><li class=\"blocks-gallery-item\"><figure><img loading=\"lazy\" decoding=\"async\" width=\"800\" height=\"532\" src=\"https:\/\/www.ces.gob.ec\/wp-content\/uploads\/2019\/05\/A\u0301lvaro-Villago\u0301mez.jpg\" alt=\"\" data-id=\"4731\" data-full-url=\"https:\/\/www.ces.gob.ec\/wp-content\/uploads\/2019\/05\/A\u0301lvaro-Villago\u0301mez.jpg\" data-link=\"https:\/\/www.ces.gob.ec\/?attachment_id=4731\" class=\"wp-image-4731\" srcset=\"https:\/\/www.ces.gob.ec\/wp-content\/uploads\/2019\/05\/A\u0301lvaro-Villago\u0301mez.jpg 800w, https:\/\/www.ces.gob.ec\/wp-content\/uploads\/2019\/05\/A\u0301lvaro-Villago\u0301mez-300x200.jpg 300w, https:\/\/www.ces.gob.ec\/wp-content\/uploads\/2019\/05\/A\u0301lvaro-Villago\u0301mez-768x511.jpg 768w\" sizes=\"auto, (max-width: 800px) 100vw, 800px\" \/><\/figure><\/li><\/ul><\/figure>\n\n\n\n<p><\/p>\n<\/div>\n<\/div>\n\n\n\n<h3 class=\"wp-block-heading\">Formaci\u00f3n Acad\u00e9mica <\/h3>\n\n\n\n<ul class=\"wp-block-list\"><li>Estudiante de la Universidad Estatal de Milagro.<\/li><li>Carreras: Ingenier\u00eda en Sistemas Computacionales &#8211;&nbsp;&nbsp; Ingenier\u00eda en TICS.<\/li><\/ul>\n\n\n\n<h3 class=\"wp-block-heading\">Trayectoria Acad\u00e9mica<\/h3>\n\n\n\n<ul class=\"wp-block-list\"><li>Presidente de la Federaci\u00f3n de Estudiantes FEUE \u2013 UNEMI 2021-2023<\/li><li>Representante de los Estudiantes en el \u00d3rgano Colegiado Acad\u00e9mico Superior \u2013OCAS-UNEMI 2018 \u2013 2021.<\/li><li>Presidente del Movimiento Universitario por el Cambio (MUC).<\/li><\/ul>\n\n\n\n<p><\/p>\n","protected":false},"excerpt":{"rendered":"<p>\u00c1lvaro Hern\u00e1n Villag\u00f3mez Palacios Representante de las y los estudiantes al Consejo de Educaci\u00f3n Superior CES Tel: (02) 3947 820&nbsp;&nbsp; Correo: alvaro.villagomez@ces.gob.ec Formaci\u00f3n Acad\u00e9mica Estudiante de la Universidad Estatal de Milagro. Carreras: Ingenier\u00eda en Sistemas Computacionales &#8211;&nbsp;&nbsp; Ingenier\u00eda en TICS. Trayectoria Acad\u00e9mica Presidente de la Federaci\u00f3n de Estudiantes FEUE \u2013 UNEMI 2021-2023 Representante de los <a class=\"read-more\" href=\"https:\/\/www.ces.gob.ec\/?page_id=4745\">Read More<\/a><\/p>\n","protected":false},"author":1,"featured_media":0,"parent":0,"menu_order":0,"comment_status":"closed","ping_status":"closed","template":"","meta":{"_monsterinsights_skip_tracking":false,"_monsterinsights_sitenote_active":false,"_monsterinsights_sitenote_note":"","_monsterinsights_sitenote_category":0,"footnotes":""},"class_list":["post-4745","page","type-page","status-publish","hentry"],"_links":{"self":[{"href":"https:\/\/www.ces.gob.ec\/index.php?rest_route=\/wp\/v2\/pages\/4745","targetHints":{"allow":["GET"]}}],"collection":[{"href":"https:\/\/www.ces.gob.ec\/index.php?rest_route=\/wp\/v2\/pages"}],"about":[{"href":"https:\/\/www.ces.gob.ec\/index.php?rest_route=\/wp\/v2\/types\/page"}],"author":[{"embeddable":true,"href":"https:\/\/www.ces.gob.ec\/index.php?rest_route=\/wp\/v2\/users\/1"}],"replies":[{"embeddable":true,"href":"https:\/\/www.ces.gob.ec\/index.php?rest_route=%2Fwp%2Fv2%2Fcomments&post=4745"}],"version-history":[{"count":2,"href":"https:\/\/www.ces.gob.ec\/index.php?rest_route=\/wp\/v2\/pages\/4745\/revisions"}],"predecessor-version":[{"id":4747,"href":"https:\/\/www.ces.gob.ec\/index.php?rest_route=\/wp\/v2\/pages\/4745\/revisions\/4747"}],"wp:attachment":[{"href":"https:\/\/www.ces.gob.ec\/index.php?rest_route=%2Fwp%2Fv2%2Fmedia&parent=4745"}],"curies":[{"name":"wp","href":"https:\/\/api.w.org\/{rel}","templated":true}]}}