{"id":4598,"date":"2022-03-31T08:43:45","date_gmt":"2022-03-31T13:43:45","guid":{"rendered":"https:\/\/www.ces.gob.ec\/?page_id=4598"},"modified":"2022-04-12T14:25:35","modified_gmt":"2022-04-12T19:25:35","slug":"boletin-de-prensa-2","status":"publish","type":"page","link":"https:\/\/www.ces.gob.ec\/?page_id=4598","title":{"rendered":"Proceso de creaci\u00f3n de Institutos y Conservatorios Superiores"},"content":{"rendered":"\n<h3 class=\"wp-block-heading\"><strong><a href=\"https:\/\/www.ces.gob.ec\/wp-admin\/post.php?post=4659&amp;action=edit\">Proceso de creaci\u00f3n de Institutos y Conservatorios Superiores<\/a><\/strong><\/h3>\n\n\n\t\t\t\t\t\t<style>\r\n\t\t\t\t<style>\r\n#wpsm_accordion_4659 .wpsm_panel-heading{\r\n\tpadding:0px !important;\r\n}\r\n#wpsm_accordion_4659 .wpsm_panel-title {\r\n\tmargin:0px !important; \r\n\ttext-transform:none !important;\r\n\tline-height: 1 !important;\r\n}\r\n#wpsm_accordion_4659 .wpsm_panel-title a{\r\n\ttext-decoration:none;\r\n\toverflow:hidden;\r\n\tdisplay:block;\r\n\tpadding:0px;\r\n\tfont-size: 15px !important;\r\n\tfont-family: Verdana !important;\r\n\tcolor:#1e73be !important;\r\n\tborder-bottom:0px !important;\r\n}\r\n\r\n#wpsm_accordion_4659 .wpsm_panel-title a:focus {\r\noutline: 0px !important;\r\n}\r\n\r\n#wpsm_accordion_4659 .wpsm_panel-title a:hover, #wpsm_accordion_4659 .wpsm_panel-title a:focus {\r\n\tcolor:#1e73be !important;\r\n}\r\n#wpsm_accordion_4659 .acc-a{\r\n\tcolor: #1e73be !important;\r\n\tbackground-color:#e8e8e8 !important;\r\n\tborder-color: #ddd;\r\n}\r\n#wpsm_accordion_4659 .wpsm_panel-default > .wpsm_panel-heading{\r\n\tcolor: #1e73be !important;\r\n\tbackground-color: #e8e8e8 !important;\r\n\tborder-color: #e8e8e8 !important;\r\n\tborder-top-left-radius: 0px;\r\n\tborder-top-right-radius: 0px;\r\n}\r\n#wpsm_accordion_4659 .wpsm_panel-default {\r\n\t\tborder:1px solid transparent !important;\r\n\t}\r\n#wpsm_accordion_4659 {\r\n\tmargin-bottom: 20px;\r\n\toverflow: hidden;\r\n\tfloat: none;\r\n\twidth: 100%;\r\n\tdisplay: block;\r\n}\r\n#wpsm_accordion_4659 .ac_title_class{\r\n\tdisplay: block;\r\n\tpadding-top: 12px;\r\n\tpadding-bottom: 12px;\r\n\tpadding-left: 15px;\r\n\tpadding-right: 15px;\r\n}\r\n#wpsm_accordion_4659  .wpsm_panel {\r\n\toverflow:hidden;\r\n\t-webkit-box-shadow: 0 0px 0px rgba(0, 0, 0, .05);\r\n\tbox-shadow: 0 0px 0px rgba(0, 0, 0, .05);\r\n\t\tborder-radius: 4px;\r\n\t}\r\n#wpsm_accordion_4659  .wpsm_panel + .wpsm_panel {\r\n\t\tmargin-top: 5px;\r\n\t}\r\n#wpsm_accordion_4659  .wpsm_panel-body{\r\n\tbackground-color:#ffffff !important;\r\n\tcolor:#000000 !important;\r\n\tborder-top-color: #e8e8e8 !important;\r\n\tfont-size:14px !important;\r\n\tfont-family: Verdana !important;\r\n\toverflow: hidden;\r\n\t\tborder: 2px solid #e8e8e8 !important;\r\n\t}\r\n\r\n#wpsm_accordion_4659 .ac_open_cl_icon{\r\n\tbackground-color:#e8e8e8 !important;\r\n\tcolor: #1e73be !important;\r\n\tfloat:right !important;\r\n\tpadding-top: 12px !important;\r\n\tpadding-bottom: 12px !important;\r\n\tline-height: 1.0 !important;\r\n\tpadding-left: 15px !important;\r\n\tpadding-right: 15px !important;\r\n\tdisplay: inline-block !important;\r\n}\r\n\r\n\t\t\t\r\n\t\t\t<\/style>\t\r\n\t\t\t<\/style>\r\n\t\t\t<div class=\"wpsm_panel-group\" id=\"wpsm_accordion_4659\" >\r\n\t\t\t\t\t\t\t\t\r\n\t\t\t\t\t<!-- Inner panel Start -->\r\n\t\t\t\t\t<div class=\"wpsm_panel wpsm_panel-default\">\r\n\t\t\t\t\t\t<div class=\"wpsm_panel-heading\" role=\"tab\" >\r\n\t\t\t\t\t\t  <h4 class=\"wpsm_panel-title\">\r\n\t\t\t\t\t\t\t<a  class=\"\"  data-toggle=\"collapse\" data-parent=\"#wpsm_accordion_4659 \" href=\"javascript:void(0)\" data-target=\"#ac_4659_collapse1\" onclick=\"do_resize()\">\r\n\t\t\t\t\t\t\t\t\t\t\t\t\t\t\t\t\t<span class=\"ac_open_cl_icon fa fa-plus\"><\/span>\r\n\t\t\t\t\t\t\t\t\t\r\n\t\t\t\t\t\t\t\t \r\n\t\t\t\t\t\t\t\t<span class=\"ac_title_class\">\r\n\t\t\t\t\t\t\t\t\t\t\t\t\t\t\t\t\t\t\t\t<span style=\"margin-right:6px;\" class=\"fa fa-arrow-circle-down\"><\/span>\r\n\t\t\t\t\t\t\t\t\tConsejo de Educaci\u00f3n Superior (CES)\t\t\t\t\t\t\t\t<\/span>\r\n\t\t\t\t\t\t\t<\/a>\r\n\t\t\t\t\t\t  <\/h4>\r\n\t\t\t\t\t\t<\/div>\r\n\t\t\t\t\t\t<div id=\"ac_4659_collapse1\" class=\"wpsm_panel-collapse collapse \"  >\r\n\t\t\t\t\t\t  <div class=\"wpsm_panel-body\">\r\n\t\t\t\t\t\t\t<div class=\"pdf\"><a href=\"https:\/\/www.ces.gob.ec\/documentos\/istcs\/RPC-SP-04-No.057-2019.pdf\" target=\"_blank\" rel=\"noopener noreferrer\">Reglamento de las instituciones de educaci\u00f3n superior de formaci\u00f3n t\u00e9cnica y tecnol\u00f3gica.<\/a><\/div>\r\n\r\n<div class=\"pdf\"><a href=\"https:\/\/www.ces.gob.ec\/documentos\/istcs\/GuiaMetodologicaCES-CPIC-2019-0420-M.pdf\" target=\"_blank\" rel=\"noopener noreferrer\">Gu\u00eda metodol\u00f3gica para la presentaci\u00f3n de proyectos de creaci\u00f3n de institutos y conservatorios superiores.<\/a><\/div>\t\t\t\t\t\t  <\/div>\r\n\t\t\t\t\t\t<\/div>\r\n\t\t\t\t\t<\/div>\r\n\t\t\t\t\t<!-- Inner panel End -->\r\n\t\t\t\t\t\r\n\t\t\t\t\t\t\t\t\r\n\t\t\t\t\t<!-- Inner panel Start -->\r\n\t\t\t\t\t<div class=\"wpsm_panel wpsm_panel-default\">\r\n\t\t\t\t\t\t<div class=\"wpsm_panel-heading\" role=\"tab\" >\r\n\t\t\t\t\t\t  <h4 class=\"wpsm_panel-title\">\r\n\t\t\t\t\t\t\t<a  class=\"collapsed\"  data-toggle=\"collapse\" data-parent=\"#wpsm_accordion_4659 \" href=\"javascript:void(0)\" data-target=\"#ac_4659_collapse2\" onclick=\"do_resize()\">\r\n\t\t\t\t\t\t\t\t\t\t\t\t\t\t\t\t\t<span class=\"ac_open_cl_icon fa fa-plus\"><\/span>\r\n\t\t\t\t\t\t\t\t\t\r\n\t\t\t\t\t\t\t\t \r\n\t\t\t\t\t\t\t\t<span class=\"ac_title_class\">\r\n\t\t\t\t\t\t\t\t\t\t\t\t\t\t\t\t\t\t\t\t<span style=\"margin-right:6px;\" class=\"fa fa-arrow-circle-down\"><\/span>\r\n\t\t\t\t\t\t\t\t\tConsejo de Aseguramiento de la Calidad de la Educaci\u00f3n Superior (CACES)\t\t\t\t\t\t\t\t<\/span>\r\n\t\t\t\t\t\t\t<\/a>\r\n\t\t\t\t\t\t  <\/h4>\r\n\t\t\t\t\t\t<\/div>\r\n\t\t\t\t\t\t<div id=\"ac_4659_collapse2\" class=\"wpsm_panel-collapse collapse \"  >\r\n\t\t\t\t\t\t  <div class=\"wpsm_panel-body\">\r\n\t\t\t\t\t\t\t<div class=\"pdf\"><a href=\"https:\/\/www.ces.gob.ec\/documentos\/istcs\/CRITERIOS_DE_EVALUACION.pdf\" target=\"_blank\" rel=\"noopener noreferrer\">Instructivo para la elaboraci\u00f3n y emisi\u00f3n del informe previo a la creaci\u00f3n de institutos y conservatorios superiores, sus sedes y extensiones.<\/a><\/div>\r\n\r\n<div class=\"pdf\"><a href=\"https:\/\/www.ces.gob.ec\/documentos\/istcs\/Anexo_R_009-so-04-caces-2020.xls\" target=\"_blank\" rel=\"noopener noreferrer\">Plantilla de informe previo para la creaci\u00f3n de institutos y conservatorios superiores.<\/a><\/div>\r\n\r\n<div class=\"pdf\"><a href=\"https:\/\/www.ces.gob.ec\/documentos\/istcs\/Resoluci%c3%b3n_009-so-04-caces-2020.pdf\" target=\"_blank\" rel=\"noopener noreferrer\">Resoluci\u00f3n No. 009-SO-04-CACES-2020.<\/a><\/div>\t\t\t\t\t\t  <\/div>\r\n\t\t\t\t\t\t<\/div>\r\n\t\t\t\t\t<\/div>\r\n\t\t\t\t\t<!-- Inner panel End -->\r\n\t\t\t\t\t\r\n\t\t\t\t\t\t\t\t\r\n\t\t\t\t\t<!-- Inner panel Start -->\r\n\t\t\t\t\t<div class=\"wpsm_panel wpsm_panel-default\">\r\n\t\t\t\t\t\t<div class=\"wpsm_panel-heading\" role=\"tab\" >\r\n\t\t\t\t\t\t  <h4 class=\"wpsm_panel-title\">\r\n\t\t\t\t\t\t\t<a  class=\"collapsed\"  data-toggle=\"collapse\" data-parent=\"#wpsm_accordion_4659 \" href=\"javascript:void(0)\" data-target=\"#ac_4659_collapse3\" onclick=\"do_resize()\">\r\n\t\t\t\t\t\t\t\t\t\t\t\t\t\t\t\t\t<span class=\"ac_open_cl_icon fa fa-plus\"><\/span>\r\n\t\t\t\t\t\t\t\t\t\r\n\t\t\t\t\t\t\t\t \r\n\t\t\t\t\t\t\t\t<span class=\"ac_title_class\">\r\n\t\t\t\t\t\t\t\t\t\t\t\t\t\t\t\t\t\t\t\t<span style=\"margin-right:6px;\" class=\"fa fa-arrow-circle-down\"><\/span>\r\n\t\t\t\t\t\t\t\t\tSecretar\u00eda Nacional de Planificaci\u00f3n\t\t\t\t\t\t\t\t<\/span>\r\n\t\t\t\t\t\t\t<\/a>\r\n\t\t\t\t\t\t  <\/h4>\r\n\t\t\t\t\t\t<\/div>\r\n\t\t\t\t\t\t<div id=\"ac_4659_collapse3\" class=\"wpsm_panel-collapse collapse \"  >\r\n\t\t\t\t\t\t  <div class=\"wpsm_panel-body\">\r\n\t\t\t\t\t\t\t<div class=\"pdf\"><a href=\"https:\/\/www.ces.gob.ec\/documentos\/istcs\/Matriz%20an%c3%a1lisis%20proyectos%20IST.pdf\" target=\"_blank\" rel=\"noopener noreferrer\">Matriz de criterios de revisi\u00f3n para presentaci\u00f3n de proyectos.<\/a><\/div>\t\t\t\t\t\t  <\/div>\r\n\t\t\t\t\t\t<\/div>\r\n\t\t\t\t\t<\/div>\r\n\t\t\t\t\t<!-- Inner panel End -->\r\n\t\t\t\t\t\r\n\t\t\t\t\t\t\t<\/div>\r\n\t\t\t\r\n<script type=\"text\/javascript\">\r\n\t\r\n\t\tfunction do_resize(){\r\n\r\n\t\t\tvar width=jQuery( '.wpsm_panel .wpsm_panel-body iframe' ).width();\r\n\t\t\tvar height=jQuery( '.wpsm_panel .wpsm_panel-body iframe' ).height();\r\n\r\n\t\t\tvar toggleSize = true;\r\n\t\t\tjQuery('iframe').animate({\r\n\t\t\t    width: toggleSize ? width : 640,\r\n\t\t\t    height: toggleSize ? height : 360\r\n\t\t\t  }, 250);\r\n\r\n\t\t\t  toggleSize = !toggleSize;\r\n\t\t}\r\n\t\t\r\n<\/script>\t\n","protected":false},"excerpt":{"rendered":"<p>Proceso de creaci\u00f3n de Institutos y Conservatorios Superiores<\/p>\n","protected":false},"author":1,"featured_media":0,"parent":0,"menu_order":0,"comment_status":"closed","ping_status":"closed","template":"","meta":{"_monsterinsights_skip_tracking":false,"_monsterinsights_sitenote_active":false,"_monsterinsights_sitenote_note":"","_monsterinsights_sitenote_category":0,"footnotes":""},"class_list":["post-4598","page","type-page","status-publish","hentry"],"_links":{"self":[{"href":"https:\/\/www.ces.gob.ec\/index.php?rest_route=\/wp\/v2\/pages\/4598","targetHints":{"allow":["GET"]}}],"collection":[{"href":"https:\/\/www.ces.gob.ec\/index.php?rest_route=\/wp\/v2\/pages"}],"about":[{"href":"https:\/\/www.ces.gob.ec\/index.php?rest_route=\/wp\/v2\/types\/page"}],"author":[{"embeddable":true,"href":"https:\/\/www.ces.gob.ec\/index.php?rest_route=\/wp\/v2\/users\/1"}],"replies":[{"embeddable":true,"href":"https:\/\/www.ces.gob.ec\/index.php?rest_route=%2Fwp%2Fv2%2Fcomments&post=4598"}],"version-history":[{"count":13,"href":"https:\/\/www.ces.gob.ec\/index.php?rest_route=\/wp\/v2\/pages\/4598\/revisions"}],"predecessor-version":[{"id":4664,"href":"https:\/\/www.ces.gob.ec\/index.php?rest_route=\/wp\/v2\/pages\/4598\/revisions\/4664"}],"wp:attachment":[{"href":"https:\/\/www.ces.gob.ec\/index.php?rest_route=%2Fwp%2Fv2%2Fmedia&parent=4598"}],"curies":[{"name":"wp","href":"https:\/\/api.w.org\/{rel}","templated":true}]}}