{"id":4500,"date":"2022-02-22T11:47:07","date_gmt":"2022-02-22T16:47:07","guid":{"rendered":"https:\/\/www.ces.gob.ec\/?page_id=4500"},"modified":"2022-02-22T11:49:01","modified_gmt":"2022-02-22T16:49:01","slug":"rendicion-de-cuentas-periodo-2021","status":"publish","type":"page","link":"https:\/\/www.ces.gob.ec\/?page_id=4500","title":{"rendered":"Rendici\u00f3n de cuentas Periodo 2021"},"content":{"rendered":"\n<h3 class=\"wp-block-heading\">Rendici\u00f3n de cuentas Periodo 2021<\/h3>\n\n\n\t\t\t\t\t\t<style>\r\n\t\t\t\t<style>\r\n#wpsm_accordion_4498 .wpsm_panel-heading{\r\n\tpadding:0px !important;\r\n}\r\n#wpsm_accordion_4498 .wpsm_panel-title {\r\n\tmargin:0px !important; \r\n\ttext-transform:none !important;\r\n\tline-height: 1 !important;\r\n}\r\n#wpsm_accordion_4498 .wpsm_panel-title a{\r\n\ttext-decoration:none;\r\n\toverflow:hidden;\r\n\tdisplay:block;\r\n\tpadding:0px;\r\n\tfont-size: 15px !important;\r\n\tfont-family: Verdana !important;\r\n\tcolor:#1e73be !important;\r\n\tborder-bottom:0px !important;\r\n}\r\n\r\n#wpsm_accordion_4498 .wpsm_panel-title a:focus {\r\noutline: 0px !important;\r\n}\r\n\r\n#wpsm_accordion_4498 .wpsm_panel-title a:hover, #wpsm_accordion_4498 .wpsm_panel-title a:focus {\r\n\tcolor:#1e73be !important;\r\n}\r\n#wpsm_accordion_4498 .acc-a{\r\n\tcolor: #1e73be !important;\r\n\tbackground-color:#e8e8e8 !important;\r\n\tborder-color: #ddd;\r\n}\r\n#wpsm_accordion_4498 .wpsm_panel-default > .wpsm_panel-heading{\r\n\tcolor: #1e73be !important;\r\n\tbackground-color: #e8e8e8 !important;\r\n\tborder-color: #e8e8e8 !important;\r\n\tborder-top-left-radius: 0px;\r\n\tborder-top-right-radius: 0px;\r\n}\r\n#wpsm_accordion_4498 .wpsm_panel-default {\r\n\t\tborder:1px solid transparent !important;\r\n\t}\r\n#wpsm_accordion_4498 {\r\n\tmargin-bottom: 20px;\r\n\toverflow: hidden;\r\n\tfloat: none;\r\n\twidth: 100%;\r\n\tdisplay: block;\r\n}\r\n#wpsm_accordion_4498 .ac_title_class{\r\n\tdisplay: block;\r\n\tpadding-top: 12px;\r\n\tpadding-bottom: 12px;\r\n\tpadding-left: 15px;\r\n\tpadding-right: 15px;\r\n}\r\n#wpsm_accordion_4498  .wpsm_panel {\r\n\toverflow:hidden;\r\n\t-webkit-box-shadow: 0 0px 0px rgba(0, 0, 0, .05);\r\n\tbox-shadow: 0 0px 0px rgba(0, 0, 0, .05);\r\n\t\tborder-radius: 4px;\r\n\t}\r\n#wpsm_accordion_4498  .wpsm_panel + .wpsm_panel {\r\n\t\tmargin-top: 5px;\r\n\t}\r\n#wpsm_accordion_4498  .wpsm_panel-body{\r\n\tbackground-color:#ffffff !important;\r\n\tcolor:#000000 !important;\r\n\tborder-top-color: #e8e8e8 !important;\r\n\tfont-size:14px !important;\r\n\tfont-family: Verdana !important;\r\n\toverflow: hidden;\r\n\t\tborder: 2px solid #e8e8e8 !important;\r\n\t}\r\n\r\n#wpsm_accordion_4498 .ac_open_cl_icon{\r\n\tbackground-color:#e8e8e8 !important;\r\n\tcolor: #1e73be !important;\r\n\tfloat:right !important;\r\n\tpadding-top: 12px !important;\r\n\tpadding-bottom: 12px !important;\r\n\tline-height: 1.0 !important;\r\n\tpadding-left: 15px !important;\r\n\tpadding-right: 15px !important;\r\n\tdisplay: inline-block !important;\r\n}\r\n\r\n\t\t\t\r\n\t\t\t<\/style>\t\r\n\t\t\t<\/style>\r\n\t\t\t<div class=\"wpsm_panel-group\" id=\"wpsm_accordion_4498\" >\r\n\t\t\t\t\t\t\t\t\r\n\t\t\t\t\t<!-- Inner panel Start -->\r\n\t\t\t\t\t<div class=\"wpsm_panel wpsm_panel-default\">\r\n\t\t\t\t\t\t<div class=\"wpsm_panel-heading\" role=\"tab\" >\r\n\t\t\t\t\t\t  <h4 class=\"wpsm_panel-title\">\r\n\t\t\t\t\t\t\t<a  class=\"\"  data-toggle=\"collapse\" data-parent=\"#wpsm_accordion_4498 \" href=\"javascript:void(0)\" data-target=\"#ac_4498_collapse1\" onclick=\"do_resize()\">\r\n\t\t\t\t\t\t\t\t\t\t\t\t\t\t\t\t\t<span class=\"ac_open_cl_icon fa fa-plus\"><\/span>\r\n\t\t\t\t\t\t\t\t\t\r\n\t\t\t\t\t\t\t\t \r\n\t\t\t\t\t\t\t\t<span class=\"ac_title_class\">\r\n\t\t\t\t\t\t\t\t\t\t\t\t\t\t\t\t\t\t\t\t<span style=\"margin-right:6px;\" class=\"fa fa-calendar\"><\/span>\r\n\t\t\t\t\t\t\t\t\tFase 0\t\t\t\t\t\t\t\t<\/span>\r\n\t\t\t\t\t\t\t<\/a>\r\n\t\t\t\t\t\t  <\/h4>\r\n\t\t\t\t\t\t<\/div>\r\n\t\t\t\t\t\t<div id=\"ac_4498_collapse1\" class=\"wpsm_panel-collapse collapse \"  >\r\n\t\t\t\t\t\t  <div class=\"wpsm_panel-body\">\r\n\t\t\t\t\t\t\t<div class=\"pdf\"><a href=\"https:\/\/www.ces.gob.ec\/doc\/historico_LOTAIP\/Rendicion_de_cuentas\/Rendicion2021\/Fase0\/Conformaci%c3%b3n%20del%20Equipo%20responsable.pdf\" target=\"_blank\" rel=\"noopener noreferrer\">Conformaci\u00f3n del Equipo responsable<\/a><\/div>\r\n\r\n<div class=\"pdf\"><a href=\"https:\/\/www.ces.gob.ec\/doc\/historico_LOTAIP\/Rendicion_de_cuentas\/Rendicion2021\/Fase0\/Metodolog%c3%ada%20de%20rendici%c3%b3n%20de%20cuentas%202021.pdf\" target=\"_blank\" rel=\"noopener noreferrer\">Metodolog\u00eda de rendici\u00f3n de cuentas 2021<\/a><\/div>\t\t\t\t\t\t  <\/div>\r\n\t\t\t\t\t\t<\/div>\r\n\t\t\t\t\t<\/div>\r\n\t\t\t\t\t<!-- Inner panel End -->\r\n\t\t\t\t\t\r\n\t\t\t\t\t\t\t\t\r\n\t\t\t\t\t<!-- Inner panel Start -->\r\n\t\t\t\t\t<div class=\"wpsm_panel wpsm_panel-default\">\r\n\t\t\t\t\t\t<div class=\"wpsm_panel-heading\" role=\"tab\" >\r\n\t\t\t\t\t\t  <h4 class=\"wpsm_panel-title\">\r\n\t\t\t\t\t\t\t<a  class=\"collapsed\"  data-toggle=\"collapse\" data-parent=\"#wpsm_accordion_4498 \" href=\"javascript:void(0)\" data-target=\"#ac_4498_collapse2\" onclick=\"do_resize()\">\r\n\t\t\t\t\t\t\t\t\t\t\t\t\t\t\t\t\t<span class=\"ac_open_cl_icon fa fa-plus\"><\/span>\r\n\t\t\t\t\t\t\t\t\t\r\n\t\t\t\t\t\t\t\t \r\n\t\t\t\t\t\t\t\t<span class=\"ac_title_class\">\r\n\t\t\t\t\t\t\t\t\t\t\t\t\t\t\t\t\t\t\t\t<span style=\"margin-right:6px;\" class=\"fa fa-calendar\"><\/span>\r\n\t\t\t\t\t\t\t\t\tFase 1\t\t\t\t\t\t\t\t<\/span>\r\n\t\t\t\t\t\t\t<\/a>\r\n\t\t\t\t\t\t  <\/h4>\r\n\t\t\t\t\t\t<\/div>\r\n\t\t\t\t\t\t<div id=\"ac_4498_collapse2\" class=\"wpsm_panel-collapse collapse \"  >\r\n\t\t\t\t\t\t  <div class=\"wpsm_panel-body\">\r\n\t\t\t\t\t\t\t<div class=\"pdf\"><a href=\"https:\/\/www.ces.gob.ec\/doc\/historico_LOTAIP\/Rendicion_de_cuentas\/Rendicion2021\/Fase1\/Invitacion(RC2021).png\" target=\"_blank\" rel=\"noopener noreferrer\">Invitaci\u00f3n<\/a><\/div>\r\n\r\n<div class=\"pdf\"><a href=\"https:\/\/www.ces.gob.ec\/doc\/historico_LOTAIP\/Rendicion_de_cuentas\/Rendicion2021\/Fase1\/Listado%20invitados.pdf\" target=\"_blank\" rel=\"noopener noreferrer\">Listado de invitados<\/a><\/div>\r\n\r\n<div class=\"pdf\"><a href=\"https:\/\/www.ces.gob.ec\/doc\/historico_LOTAIP\/Rendicion_de_cuentas\/Rendicion2021\/Fase1\/Difusi%c3%b3n%20medios%20electr%c3%b3nicos.pdf\" target=\"_blank\" rel=\"noopener noreferrer\">Difusi\u00f3n invitaci\u00f3n por canales electr\u00f3nicos<\/a><\/div>\t\t\t\t\t\t  <\/div>\r\n\t\t\t\t\t\t<\/div>\r\n\t\t\t\t\t<\/div>\r\n\t\t\t\t\t<!-- Inner panel End -->\r\n\t\t\t\t\t\r\n\t\t\t\t\t\t\t\t\r\n\t\t\t\t\t<!-- Inner panel Start -->\r\n\t\t\t\t\t<div class=\"wpsm_panel wpsm_panel-default\">\r\n\t\t\t\t\t\t<div class=\"wpsm_panel-heading\" role=\"tab\" >\r\n\t\t\t\t\t\t  <h4 class=\"wpsm_panel-title\">\r\n\t\t\t\t\t\t\t<a  class=\"collapsed\"  data-toggle=\"collapse\" data-parent=\"#wpsm_accordion_4498 \" href=\"javascript:void(0)\" data-target=\"#ac_4498_collapse3\" onclick=\"do_resize()\">\r\n\t\t\t\t\t\t\t\t\t\t\t\t\t\t\t\t\t<span class=\"ac_open_cl_icon fa fa-plus\"><\/span>\r\n\t\t\t\t\t\t\t\t\t\r\n\t\t\t\t\t\t\t\t \r\n\t\t\t\t\t\t\t\t<span class=\"ac_title_class\">\r\n\t\t\t\t\t\t\t\t\t\t\t\t\t\t\t\t\t\t\t\t<span style=\"margin-right:6px;\" class=\"fa fa-calendar\"><\/span>\r\n\t\t\t\t\t\t\t\t\tFase 2\t\t\t\t\t\t\t\t<\/span>\r\n\t\t\t\t\t\t\t<\/a>\r\n\t\t\t\t\t\t  <\/h4>\r\n\t\t\t\t\t\t<\/div>\r\n\t\t\t\t\t\t<div id=\"ac_4498_collapse3\" class=\"wpsm_panel-collapse collapse \"  >\r\n\t\t\t\t\t\t  <div class=\"wpsm_panel-body\">\r\n\t\t\t\t\t\t\t<div class=\"pdf\"><a href=\"https:\/\/www.ces.gob.ec\/doc\/historico_LOTAIP\/Rendicion_de_cuentas\/Rendicion2021\/Fase2\/PPT%20Rendici%c3%b3n%20de%20cuentas%202021%20VF.pdf\" target=\"_blank\" rel=\"noopener noreferrer\">Presentaci\u00f3n<\/a><\/div>\r\n\r\n<div class=\"pdf\"><a href=\"https:\/\/www.ces.gob.ec\/doc\/historico_LOTAIP\/Rendicion_de_cuentas\/Rendicion2021\/Fase2\/Asistencia.pdf\" target=\"_blank\" rel=\"noopener noreferrer\">Asistencia<\/a><\/div>\r\n\r\n<div class=\"pdf\"><a href=\"https:\/\/youtu.be\/2cb7iWzwqa4\" target=\"_blank\" rel=\"noopener noreferrer\">Video<\/a><\/div>\t\t\t\t\t\t  <\/div>\r\n\t\t\t\t\t\t<\/div>\r\n\t\t\t\t\t<\/div>\r\n\t\t\t\t\t<!-- Inner panel End -->\r\n\t\t\t\t\t\r\n\t\t\t\t\t\t\t\t\r\n\t\t\t\t\t<!-- Inner panel Start -->\r\n\t\t\t\t\t<div class=\"wpsm_panel wpsm_panel-default\">\r\n\t\t\t\t\t\t<div class=\"wpsm_panel-heading\" role=\"tab\" >\r\n\t\t\t\t\t\t  <h4 class=\"wpsm_panel-title\">\r\n\t\t\t\t\t\t\t<a  class=\"collapsed\"  data-toggle=\"collapse\" data-parent=\"#wpsm_accordion_4498 \" href=\"javascript:void(0)\" data-target=\"#ac_4498_collapse4\" onclick=\"do_resize()\">\r\n\t\t\t\t\t\t\t\t\t\t\t\t\t\t\t\t\t<span class=\"ac_open_cl_icon fa fa-plus\"><\/span>\r\n\t\t\t\t\t\t\t\t\t\r\n\t\t\t\t\t\t\t\t \r\n\t\t\t\t\t\t\t\t<span class=\"ac_title_class\">\r\n\t\t\t\t\t\t\t\t\t\t\t\t\t\t\t\t\t\t\t\t<span style=\"margin-right:6px;\" class=\"fa fa-calendar\"><\/span>\r\n\t\t\t\t\t\t\t\t\tFase 3\t\t\t\t\t\t\t\t<\/span>\r\n\t\t\t\t\t\t\t<\/a>\r\n\t\t\t\t\t\t  <\/h4>\r\n\t\t\t\t\t\t<\/div>\r\n\t\t\t\t\t\t<div id=\"ac_4498_collapse4\" class=\"wpsm_panel-collapse collapse \"  >\r\n\t\t\t\t\t\t  <div class=\"wpsm_panel-body\">\r\n\t\t\t\t\t\t\t<div class=\"pdf\"><a href=\"https:\/\/www.ces.gob.ec\/doc\/historico_LOTAIP\/Rendicion_de_cuentas\/Rendicion2021\/Fase3\/Informe%20de%20Rendici%c3%b3n%20de%20Cuentas%202021%20-%20Nro.%204167.pdf\" target=\"_blank\" rel=\"noopener noreferrer\">Informe de Rendici\u00f3n de Cuentas 2021 Nro.4167 <\/a><\/div>\r\n\r\n<div class=\"pdf\"><a href=\"https:\/\/www.ces.gob.ec\/doc\/historico_LOTAIP\/Rendicion_de_cuentas\/Rendicion2021\/Fase3\/Certificado%20de%20presentaci%c3%b3n%20de%20informe%20anual%202021%20Nro.%20609290574.pdf\" target=\"_blank\" rel=\"noopener noreferrer\">Certificado de presentaci\u00f3n de informe anual 2021 Nro.609290574<\/a><\/div>\r\n\r\n<div class=\"pdf\"><a href=\"https:\/\/www.ces.gob.ec\/doc\/historico_LOTAIP\/Rendicion_de_cuentas\/Rendicion2021\/Fase3\/Informe%20de%20Rendici%c3%b3n%20de%20Cuentas%202021.pdf\" target=\"_blank\" rel=\"noopener noreferrer\">Informe de Rendici\u00f3n de Cuentas 2021<\/a><\/div>\t\t\t\t\t\t  <\/div>\r\n\t\t\t\t\t\t<\/div>\r\n\t\t\t\t\t<\/div>\r\n\t\t\t\t\t<!-- Inner panel End -->\r\n\t\t\t\t\t\r\n\t\t\t\t\t\t\t<\/div>\r\n\t\t\t\r\n<script type=\"text\/javascript\">\r\n\t\r\n\t\tfunction do_resize(){\r\n\r\n\t\t\tvar width=jQuery( '.wpsm_panel .wpsm_panel-body iframe' ).width();\r\n\t\t\tvar height=jQuery( '.wpsm_panel .wpsm_panel-body iframe' ).height();\r\n\r\n\t\t\tvar toggleSize = true;\r\n\t\t\tjQuery('iframe').animate({\r\n\t\t\t    width: toggleSize ? width : 640,\r\n\t\t\t    height: toggleSize ? height : 360\r\n\t\t\t  }, 250);\r\n\r\n\t\t\t  toggleSize = !toggleSize;\r\n\t\t}\r\n\t\t\r\n<\/script>\t\n\n\n\n<p><\/p>\n","protected":false},"excerpt":{"rendered":"<p>Rendici\u00f3n de cuentas Periodo 2021<\/p>\n","protected":false},"author":1,"featured_media":0,"parent":0,"menu_order":0,"comment_status":"closed","ping_status":"closed","template":"","meta":{"_monsterinsights_skip_tracking":false,"_monsterinsights_sitenote_active":false,"_monsterinsights_sitenote_note":"","_monsterinsights_sitenote_category":0,"footnotes":""},"class_list":["post-4500","page","type-page","status-publish","hentry"],"_links":{"self":[{"href":"https:\/\/www.ces.gob.ec\/index.php?rest_route=\/wp\/v2\/pages\/4500","targetHints":{"allow":["GET"]}}],"collection":[{"href":"https:\/\/www.ces.gob.ec\/index.php?rest_route=\/wp\/v2\/pages"}],"about":[{"href":"https:\/\/www.ces.gob.ec\/index.php?rest_route=\/wp\/v2\/types\/page"}],"author":[{"embeddable":true,"href":"https:\/\/www.ces.gob.ec\/index.php?rest_route=\/wp\/v2\/users\/1"}],"replies":[{"embeddable":true,"href":"https:\/\/www.ces.gob.ec\/index.php?rest_route=%2Fwp%2Fv2%2Fcomments&post=4500"}],"version-history":[{"count":1,"href":"https:\/\/www.ces.gob.ec\/index.php?rest_route=\/wp\/v2\/pages\/4500\/revisions"}],"predecessor-version":[{"id":4501,"href":"https:\/\/www.ces.gob.ec\/index.php?rest_route=\/wp\/v2\/pages\/4500\/revisions\/4501"}],"wp:attachment":[{"href":"https:\/\/www.ces.gob.ec\/index.php?rest_route=%2Fwp%2Fv2%2Fmedia&parent=4500"}],"curies":[{"name":"wp","href":"https:\/\/api.w.org\/{rel}","templated":true}]}}