{"id":44,"date":"2019-03-22T21:41:02","date_gmt":"2019-03-23T03:41:02","guid":{"rendered":"https:\/\/www.ces.gob.ec\/?page_id=44"},"modified":"2023-06-29T10:50:27","modified_gmt":"2023-06-29T15:50:27","slug":"mision-vision-y-objetivos","status":"publish","type":"page","link":"https:\/\/www.ces.gob.ec\/?page_id=44","title":{"rendered":"Misi\u00f3n, visi\u00f3n y objetivos"},"content":{"rendered":"\n<ol class=\"wp-block-list\"><\/ol>\n\n\n\n<h3 class=\"has-text-align-center wp-block-heading\">Misi\u00f3n, visi\u00f3n y objetivos<\/h3>\n\n\n<div class=\"n2_clear\"><ss3-force-full-width data-overflow-x=\"body\" data-horizontal-selector=\"body\"><div class=\"n2-section-smartslider fitvidsignore  n2_clear\" data-ssid=\"7\" tabindex=\"0\" role=\"region\" aria-label=\"Slider\"><div id=\"n2-ss-7-align\" class=\"n2-ss-align\"><div class=\"n2-padding\"><div id=\"n2-ss-7\" data-creator=\"Smart Slider 3\" data-responsive=\"fullwidth\" class=\"n2-ss-slider n2-ow n2-has-hover n2notransition  \">\n\n\n\n\n\n\n\n<div class=\"n2-ss-slider-wrapper-inside\">\n        <div class=\"n2-ss-slider-1 n2_ss__touch_element n2-ow\">\n            <div class=\"n2-ss-slider-2 n2-ow\">\n                                                <div class=\"n2-ss-slider-3 n2-ow\">\n\n                    <div class=\"n2-ss-slide-backgrounds n2-ow-all\"><div class=\"n2-ss-slide-background\" data-public-id=\"1\" data-mode=\"fill\"><div data-color=\"RGBA(255,255,255,1)\" style=\"background-color: RGBA(255,255,255,1);\" class=\"n2-ss-slide-background-color\"><\/div><\/div><div class=\"n2-ss-slide-background\" data-public-id=\"2\" data-mode=\"fill\" aria-hidden=\"true\"><div data-color=\"RGBA(255,255,255,1)\" style=\"background-color: RGBA(255,255,255,1);\" class=\"n2-ss-slide-background-color\"><\/div><\/div><div class=\"n2-ss-slide-background\" data-public-id=\"3\" data-mode=\"fill\" aria-hidden=\"true\"><div data-color=\"RGBA(255,255,255,1)\" style=\"background-color: RGBA(255,255,255,1);\" class=\"n2-ss-slide-background-color\"><\/div><\/div><div class=\"n2-ss-slide-background\" data-public-id=\"4\" data-mode=\"fill\" aria-hidden=\"true\"><div data-color=\"RGBA(255,255,255,1)\" style=\"background-color: RGBA(255,255,255,1);\" class=\"n2-ss-slide-background-color\"><\/div><\/div><\/div>                    <div class=\"n2-ss-slider-4 n2-ow\">\n                        <svg xmlns=\"http:\/\/www.w3.org\/2000\/svg\" viewBox=\"0 0 1200 400\" data-related-device=\"desktopPortrait\" class=\"n2-ow n2-ss-preserve-size n2-ss-preserve-size--slider n2-ss-slide-limiter\"><\/svg><div data-first=\"1\" data-slide-duration=\"0\" data-id=\"193\" data-slide-public-id=\"1\" data-title=\"Slide 1\" class=\"n2-ss-slide n2-ow  n2-ss-slide-193\"><div role=\"note\" class=\"n2-ss-slide--focus\" tabindex=\"-1\">Slide 1<\/div><div class=\"n2-ss-layers-container n2-ss-slide-limiter n2-ow\"><div class=\"n2-ss-layer n2-ow n-uc-Zel5ObYE4vJT\" data-sstype=\"slide\" data-pm=\"default\"><div class=\"n2-ss-layer n2-ow n-uc-16610d53ccff8\" data-pm=\"default\" data-sstype=\"content\" data-hasbackground=\"0\"><div class=\"n2-ss-section-main-content n2-ss-layer-with-background n2-ss-layer-content n2-ow n-uc-16610d53ccff8-inner\"><div class=\"n2-ss-layer n2-ow n-uc-BzFqspi6IS4U\" data-pm=\"normal\" data-sstype=\"layer\"><div class=\" n2-ss-item-image-content n2-ss-item-content n2-ow-all\"><img loading=\"lazy\" decoding=\"async\" id=\"n2-ss-7item1\" alt=\"\" class=\"skip-lazy\" width=\"748\" height=\"294\" data-skip-lazy=\"1\" src=\"\/\/www.ces.gob.ec\/wp-content\/uploads\/2023\/06\/LOGO.png\" \/><\/div><\/div><div class=\"n2-ss-layer n2-ow n-uc-5Gud9vhdxzdh\" data-pm=\"normal\" data-sstype=\"layer\"><div id=\"n2-ss-7item2\" class=\"n2-font-e52603b64eab4ad5c9c412cdfc56f57d-hover   n2-ss-item-content n2-ss-text n2-ow\" style=\"display:block;\">Excellent Education Program<\/div><\/div><div class=\"n2-ss-layer n2-ow n-uc-1OFl0R8PWOE6\" data-pm=\"normal\" data-sstype=\"layer\"><div class=\"n2-ss-item-content n2-ss-text n2-ow-all\"><div class=\"\"><p class=\"n2-font-ade8b3ea12612f43c43a6963ea040996-paragraph   \">El Consejo de Educaci\u00f3n Superior (CES)  tiene como su raz\u00f3n de ser planificar, regular y coordinar el Sistema  de Educaci\u00f3n Superior, y la relaci\u00f3n entre sus distintos actores con la  Funci\u00f3n Ejecutiva y la sociedad ecuatoriana; para as\u00ed garantizar a toda  la ciudadan\u00eda una Educaci\u00f3n Superior de calidad que contribuya al  crecimiento del pa\u00eds.<\/p>\n<\/div><\/div><\/div><\/div><\/div><\/div><\/div><\/div><div data-slide-duration=\"0\" data-id=\"194\" data-slide-public-id=\"2\" aria-hidden=\"true\" data-title=\"Slide 2\" class=\"n2-ss-slide n2-ow  n2-ss-slide-194\"><div role=\"note\" class=\"n2-ss-slide--focus\" tabindex=\"-1\">Slide 2<\/div><div class=\"n2-ss-layers-container n2-ss-slide-limiter n2-ow\"><div class=\"n2-ss-layer n2-ow n-uc-ED8DCGbjWMq0\" data-sstype=\"slide\" data-pm=\"default\"><div class=\"n2-ss-layer n2-ow n-uc-1bc3fe1320016\" data-pm=\"default\" data-sstype=\"content\" data-hasbackground=\"0\"><div class=\"n2-ss-section-main-content n2-ss-layer-with-background n2-ss-layer-content n2-ow n-uc-1bc3fe1320016-inner\"><div class=\"n2-ss-layer n2-ow n-uc-eJKdOo9I3Wju\" data-pm=\"normal\" data-sstype=\"layer\"><div class=\" n2-ss-item-image-content n2-ss-item-content n2-ow-all\"><img decoding=\"async\" id=\"n2-ss-7item4\" alt=\"\" class=\"skip-lazy\" loading=\"lazy\" width=\"458\" height=\"403\" data-skip-lazy=\"1\" src=\"\/\/www.ces.gob.ec\/wp-content\/uploads\/2023\/06\/Vision-1-1.png\" \/><\/div><\/div><div class=\"n2-ss-layer n2-ow n-uc-yW0LWplIqiRr\" data-pm=\"normal\" data-sstype=\"layer\"><div id=\"n2-ss-7item5\" class=\"n2-font-3c5656d11895ac2eddb72d1b00aaaad7-hover   n2-ss-item-content n2-ss-text n2-ow\" style=\"display:block;\">MISI\u00d3N<\/div><\/div><div class=\"n2-ss-layer n2-ow n-uc-BgdOun4Id9rs\" data-pm=\"normal\" data-sstype=\"layer\"><div class=\"n2-ss-item-content n2-ss-text n2-ow-all\"><div class=\"\"><p class=\"n2-font-89cf0b4acd76d4861bb9030b89efde0b-paragraph   \">Ejercer la planificaci\u00f3n y coordinaci\u00f3n del Sistema de Educaci\u00f3n Superior, acompa\u00f1ando a las universidades, escuelas polit\u00e9cnicas, institutos y conservatorios superiores, con procesos eficientes que les permitan formar mejores seres humanos y profesionales capaces de aportar de manera pertinente al desarrollo del pa\u00eds.<\/p>\n<\/div><\/div><\/div><\/div><\/div><\/div><\/div><\/div><div data-slide-duration=\"0\" data-id=\"196\" data-slide-public-id=\"3\" aria-hidden=\"true\" data-title=\"Slide 2\" class=\"n2-ss-slide n2-ow  n2-ss-slide-196\"><div role=\"note\" class=\"n2-ss-slide--focus\" tabindex=\"-1\">Slide 2<\/div><div class=\"n2-ss-layers-container n2-ss-slide-limiter n2-ow\"><div class=\"n2-ss-layer n2-ow n-uc-4BVcu0vZahy2\" data-sstype=\"slide\" data-pm=\"default\"><div class=\"n2-ss-layer n2-ow n-uc-sJl2xNCZqRUa\" data-pm=\"default\" data-sstype=\"content\" data-hasbackground=\"0\"><div class=\"n2-ss-section-main-content n2-ss-layer-with-background n2-ss-layer-content n2-ow n-uc-sJl2xNCZqRUa-inner\"><div class=\"n2-ss-layer n2-ow n-uc-t63OMqjij5Rr\" data-pm=\"normal\" data-sstype=\"layer\"><div class=\" n2-ss-item-image-content n2-ss-item-content n2-ow-all\"><img decoding=\"async\" id=\"n2-ss-7item7\" alt=\"\" class=\"skip-lazy\" loading=\"lazy\" width=\"488\" height=\"388\" data-skip-lazy=\"1\" src=\"\/\/www.ces.gob.ec\/wp-content\/uploads\/2023\/06\/mision.png\" \/><\/div><\/div><div class=\"n2-ss-layer n2-ow n-uc-dcGd65BeNt5y\" data-pm=\"normal\" data-sstype=\"layer\"><div id=\"n2-ss-7item8\" class=\"n2-font-3c5656d11895ac2eddb72d1b00aaaad7-hover   n2-ss-item-content n2-ss-text n2-ow\" style=\"display:block;\">VISI\u00d3N<\/div><\/div><div class=\"n2-ss-layer n2-ow n-uc-ghoGjc3Ov5z6\" data-pm=\"normal\" data-sstype=\"layer\"><div class=\"n2-ss-item-content n2-ss-text n2-ow-all\"><div class=\"\"><p class=\"n2-font-89cf0b4acd76d4861bb9030b89efde0b-paragraph   \">Ser un organismo que trabaja de manera articulada con el Consejo de Aseguramiento de la Calidad de la Educaci\u00f3n Superior, con el \u00f3rgano rector de la pol\u00edtica p\u00fablica de educaci\u00f3n superior, y con los actores del Sistema de Educaci\u00f3n Superior y del sector productivo, impulsando el efectivo ejercicio de la autonom\u00eda responsable y de los principios que rigen el sistema a trav\u00e9s de la oferta de carreras y programas pertinentes y de calidad, que promuevan y se adapten oportunamente a las necesidades de desarrollo social y econ\u00f3mico del pa\u00eds.<\/p>\n<\/div><\/div><\/div><\/div><\/div><\/div><\/div><\/div><div data-slide-duration=\"0\" data-id=\"197\" data-slide-public-id=\"4\" aria-hidden=\"true\" data-title=\"Slide 2\" class=\"n2-ss-slide n2-ow  n2-ss-slide-197\"><div role=\"note\" class=\"n2-ss-slide--focus\" tabindex=\"-1\">Slide 2<\/div><div class=\"n2-ss-layers-container n2-ss-slide-limiter n2-ow\"><div class=\"n2-ss-layer n2-ow n-uc-iCqvRk4aCSwy\" data-sstype=\"slide\" data-pm=\"default\"><div class=\"n2-ss-layer n2-ow n-uc-sQIRt0R0Ar7J\" data-pm=\"default\" data-sstype=\"content\" data-hasbackground=\"0\"><div class=\"n2-ss-section-main-content n2-ss-layer-with-background n2-ss-layer-content n2-ow n-uc-sQIRt0R0Ar7J-inner\"><div class=\"n2-ss-layer n2-ow n-uc-ALD7i2rfs3yN\" data-pm=\"normal\" data-sstype=\"layer\"><div class=\" n2-ss-item-image-content n2-ss-item-content n2-ow-all\"><img decoding=\"async\" id=\"n2-ss-7item10\" alt=\"\" class=\"skip-lazy\" loading=\"lazy\" width=\"417\" height=\"403\" data-skip-lazy=\"1\" src=\"\/\/www.ces.gob.ec\/wp-content\/uploads\/2023\/06\/Obejrctos.png\" \/><\/div><\/div><div class=\"n2-ss-layer n2-ow n-uc-j4XMsp0KZApw\" data-pm=\"normal\" data-sstype=\"layer\"><div id=\"n2-ss-7item11\" class=\"n2-font-3c5656d11895ac2eddb72d1b00aaaad7-hover   n2-ss-item-content n2-ss-text n2-ow\" style=\"display:block;\">OBJETIVOS ESTRAT\u00c9GICOS<\/div><\/div><div class=\"n2-ss-layer n2-ow n-uc-J9aQ9yrzuv8k\" data-pm=\"normal\" data-sstype=\"layer\"><div class=\"n2-ss-item-content n2-ss-text n2-ow-all\"><div class=\"\"><p class=\"n2-font-89cf0b4acd76d4861bb9030b89efde0b-paragraph   \">1.- Consolidar el Sistema de Educaci\u00f3n Superior, con la participaci\u00f3n de los distintos actores del sector educativo, mediante la diversificaci\u00f3n acad\u00e9mica que responda a las demandas del pa\u00eds en los \u00e1mbitos sociales, pol\u00edtico, econ\u00f3mico y tecnol\u00f3gico.<\/p>\n<\/div><\/div><\/div><div class=\"n2-ss-layer n2-ow n-uc-179c29b6d0a86\" data-pm=\"normal\" data-sstype=\"layer\"><div class=\"n2-ss-item-content n2-ss-text n2-ow-all\"><div class=\"\"><p class=\"n2-font-89cf0b4acd76d4861bb9030b89efde0b-paragraph   \">2.- Fortalecer la eficiencia en la expedici\u00f3n y reforma de la normativa necesaria para el ejercicio de la autonom\u00eda responsable de las Instituciones de Educaci\u00f3n Superior.<\/p>\n<\/div><\/div><\/div><div class=\"n2-ss-layer n2-ow n-uc-13bcec96763fa\" data-pm=\"normal\" data-sstype=\"layer\"><div class=\"n2-ss-item-content n2-ss-text n2-ow-all\"><div class=\"\"><p class=\"n2-font-89cf0b4acd76d4861bb9030b89efde0b-paragraph   \">3.- Fortalecer las capacidades Institucionales.<\/p>\n<\/div><\/div><\/div><\/div><\/div><\/div><\/div><\/div>                    <\/div>\n\n                                    <\/div>\n            <\/div>\n        <\/div>\n        <div class=\"n2-ss-slider-controls n2-ss-slider-controls-absolute-left-center\"><div style=\"--widget-offset:15px;\" class=\"n2-ss-widget n2-style-107cb0e4b96e295f0c4852cfc0854d07-heading nextend-arrow n2-ow-all nextend-arrow-previous  nextend-arrow-animated-fade\" data-hide-mobileportrait=\"1\" id=\"n2-ss-7-arrow-previous\" role=\"button\" aria-label=\"previous arrow\" tabindex=\"0\"><img loading=\"lazy\" decoding=\"async\" width=\"32\" height=\"32\" class=\"skip-lazy\" data-skip-lazy=\"1\" src=\"data:image\/svg+xml;base64,PHN2ZyB4bWxucz0iaHR0cDovL3d3dy53My5vcmcvMjAwMC9zdmciIHdpZHRoPSIzMiIgaGVpZ2h0PSIzMiIgdmlld0JveD0iMCAwIDMyIDMyIj4KICAgIDxwYXRoIGZpbGw9IiNmZmZmZmYiIG9wYWNpdHk9IjAuOCIgZmlsbC1ydWxlPSJldmVub2RkIgogICAgICAgICAgZD0iTTE4Ljk5NTggOC45OTA3YzAtLjQyNC0uMjA0LS43MjMtLjYxLS44OTgtLjQwOS0uMTczLS43NzItLjEwNC0xLjA5My4yMDlsLTcuMDA2IDYuOTc1Yy0uMjAxLjE5OS0uMjk3LjQzNy0uMjg2LjcxNiAwIC4yNjcuMDk2LjQ5OC4yODYuNjg5bDcuMDA2IDcuMDAxYy4zMjEuMzIxLjY4NC4zODkgMS4wOTMuMjA5LjQwNi0uMTc0LjYxLS40ODIuNjEtLjkyMlY4Ljk5MDd6Ii8+Cjwvc3ZnPg==\" alt=\"previous arrow\"><\/div><\/div><div class=\"n2-ss-slider-controls n2-ss-slider-controls-absolute-right-center\"><div style=\"--widget-offset:15px;\" class=\"n2-ss-widget n2-style-107cb0e4b96e295f0c4852cfc0854d07-heading nextend-arrow n2-ow-all nextend-arrow-next  nextend-arrow-animated-fade\" data-hide-mobileportrait=\"1\" id=\"n2-ss-7-arrow-next\" role=\"button\" aria-label=\"next arrow\" tabindex=\"0\"><img loading=\"lazy\" decoding=\"async\" width=\"32\" height=\"32\" class=\"skip-lazy\" data-skip-lazy=\"1\" src=\"data:image\/svg+xml;base64,PHN2ZyB3aWR0aD0iMzIiIGhlaWdodD0iMzIiIHZpZXdCb3g9IjAgMCAzMiAzMiIgeG1sbnM9Imh0dHA6Ly93d3cudzMub3JnLzIwMDAvc3ZnIj4KICAgIDxwYXRoIGQ9Ik0xMiA4Ljk5YzAtLjQyMy4yMDQtLjcyMi42MS0uODk3LjQwOC0uMTczLjc3Mi0uMTA0IDEuMDkyLjIxbDcuMDA2IDYuOTc0Yy4yMDIuMi4yOTguNDM3LjI4Ny43MTYgMCAuMjY3LS4wOTYuNDk4LS4yODcuNjlsLTcuMDA2IDdjLS4zMi4zMi0uNjg0LjM5LTEuMDkyLjIxLS40MDYtLjE3NS0uNjEtLjQ4My0uNjEtLjkyM1Y4Ljk5eiIKICAgICAgICAgIGZpbGw9IiNmZmZmZmYiIG9wYWNpdHk9IjAuOCIgZmlsbC1ydWxlPSJldmVub2RkIi8+Cjwvc3ZnPg==\" alt=\"next arrow\"><\/div><\/div><div class=\"n2-ss-slider-controls n2-ss-slider-controls-absolute-center-bottom\"><div style=\"--widget-offset:10px;\" class=\"n2-ss-widget n2-ss-control-bullet n2-ow-all n2-ss-control-bullet-horizontal\"><div class=\" nextend-bullet-bar n2-bar-justify-content-center\" role=\"group\" aria-label=\"Choose slide to display.\"><div class=\"n2-bullet n2-style-bcef68443b2682444059e693254dd628-dot \" style=\"visibility:hidden;\"><\/div><\/div><\/div><\/div><\/div><\/div><ss3-loader><\/ss3-loader><\/div><\/div><div class=\"n2_clear\"><\/div><\/div><\/ss3-force-full-width><\/div>","protected":false},"excerpt":{"rendered":"<p>Misi\u00f3n, visi\u00f3n y objetivos<\/p>\n","protected":false},"author":1,"featured_media":0,"parent":0,"menu_order":0,"comment_status":"closed","ping_status":"closed","template":"template-full-width.php","meta":{"_monsterinsights_skip_tracking":false,"_monsterinsights_sitenote_active":false,"_monsterinsights_sitenote_note":"","_monsterinsights_sitenote_category":0,"footnotes":""},"class_list":["post-44","page","type-page","status-publish","hentry"],"_links":{"self":[{"href":"https:\/\/www.ces.gob.ec\/index.php?rest_route=\/wp\/v2\/pages\/44","targetHints":{"allow":["GET"]}}],"collection":[{"href":"https:\/\/www.ces.gob.ec\/index.php?rest_route=\/wp\/v2\/pages"}],"about":[{"href":"https:\/\/www.ces.gob.ec\/index.php?rest_route=\/wp\/v2\/types\/page"}],"author":[{"embeddable":true,"href":"https:\/\/www.ces.gob.ec\/index.php?rest_route=\/wp\/v2\/users\/1"}],"replies":[{"embeddable":true,"href":"https:\/\/www.ces.gob.ec\/index.php?rest_route=%2Fwp%2Fv2%2Fcomments&post=44"}],"version-history":[{"count":30,"href":"https:\/\/www.ces.gob.ec\/index.php?rest_route=\/wp\/v2\/pages\/44\/revisions"}],"predecessor-version":[{"id":5567,"href":"https:\/\/www.ces.gob.ec\/index.php?rest_route=\/wp\/v2\/pages\/44\/revisions\/5567"}],"wp:attachment":[{"href":"https:\/\/www.ces.gob.ec\/index.php?rest_route=%2Fwp%2Fv2%2Fmedia&parent=44"}],"curies":[{"name":"wp","href":"https:\/\/api.w.org\/{rel}","templated":true}]}}