{"id":291,"date":"2019-04-02T15:18:41","date_gmt":"2019-04-02T21:18:41","guid":{"rendered":"https:\/\/www.ces.gob.ec\/?page_id=291"},"modified":"2020-02-15T10:30:49","modified_gmt":"2020-02-15T16:30:49","slug":"proceso-de-promocion-y-recategorizacion","status":"publish","type":"page","link":"https:\/\/www.ces.gob.ec\/?page_id=291","title":{"rendered":"Proceso de promoci\u00f3n y recategorizaci\u00f3n"},"content":{"rendered":"\n<h3 class=\"wp-block-heading\">PROCESOS DE PROMOCI\u00d3N Y RECATEGORIZACI\u00d3N DE PROFESORES E INVESTIGADORES EN INSTITUCIONES DE EDUCACI\u00d3N SUPERIOR<\/h3>\n\n\n\n","protected":false},"excerpt":{"rendered":"<p>PROCESOS DE PROMOCI\u00d3N Y RECATEGORIZACI\u00d3N DE PROFESORES E INVESTIGADORES EN INSTITUCIONES DE EDUCACI\u00d3N SUPERIOR<\/p>\n","protected":false},"author":1,"featured_media":0,"parent":0,"menu_order":0,"comment_status":"closed","ping_status":"closed","template":"","meta":{"_monsterinsights_skip_tracking":false,"_monsterinsights_sitenote_active":false,"_monsterinsights_sitenote_note":"","_monsterinsights_sitenote_category":0,"footnotes":""},"class_list":["post-291","page","type-page","status-publish","hentry"],"_links":{"self":[{"href":"https:\/\/www.ces.gob.ec\/index.php?rest_route=\/wp\/v2\/pages\/291","targetHints":{"allow":["GET"]}}],"collection":[{"href":"https:\/\/www.ces.gob.ec\/index.php?rest_route=\/wp\/v2\/pages"}],"about":[{"href":"https:\/\/www.ces.gob.ec\/index.php?rest_route=\/wp\/v2\/types\/page"}],"author":[{"embeddable":true,"href":"https:\/\/www.ces.gob.ec\/index.php?rest_route=\/wp\/v2\/users\/1"}],"replies":[{"embeddable":true,"href":"https:\/\/www.ces.gob.ec\/index.php?rest_route=%2Fwp%2Fv2%2Fcomments&post=291"}],"version-history":[{"count":4,"href":"https:\/\/www.ces.gob.ec\/index.php?rest_route=\/wp\/v2\/pages\/291\/revisions"}],"predecessor-version":[{"id":3186,"href":"https:\/\/www.ces.gob.ec\/index.php?rest_route=\/wp\/v2\/pages\/291\/revisions\/3186"}],"wp:attachment":[{"href":"https:\/\/www.ces.gob.ec\/index.php?rest_route=%2Fwp%2Fv2%2Fmedia&parent=291"}],"curies":[{"name":"wp","href":"https:\/\/api.w.org\/{rel}","templated":true}]}}