{"id":2540,"date":"2019-08-14T14:52:20","date_gmt":"2019-08-14T20:52:20","guid":{"rendered":"https:\/\/www.ces.gob.ec\/?page_id=2540"},"modified":"2019-08-14T14:52:22","modified_gmt":"2019-08-14T20:52:22","slug":"rendicion-de-cuentas-periodo-2015","status":"publish","type":"page","link":"https:\/\/www.ces.gob.ec\/?page_id=2540","title":{"rendered":"Rendici\u00f3n de cuentas Periodo 2015"},"content":{"rendered":"\n<h3 class=\"wp-block-heading\"> Rendici\u00f3n de cuentas Periodo 2015<\/h3>\n\n\n\t\t\t\t\t\t<style>\r\n\t\t\t\t<style>\r\n#wpsm_accordion_2536 .wpsm_panel-heading{\r\n\tpadding:0px !important;\r\n}\r\n#wpsm_accordion_2536 .wpsm_panel-title {\r\n\tmargin:0px !important; \r\n\ttext-transform:none !important;\r\n\tline-height: 1 !important;\r\n}\r\n#wpsm_accordion_2536 .wpsm_panel-title a{\r\n\ttext-decoration:none;\r\n\toverflow:hidden;\r\n\tdisplay:block;\r\n\tpadding:0px;\r\n\tfont-size: 15px !important;\r\n\tfont-family: Verdana !important;\r\n\tcolor:#1e73be !important;\r\n\tborder-bottom:0px !important;\r\n}\r\n\r\n#wpsm_accordion_2536 .wpsm_panel-title a:focus {\r\noutline: 0px !important;\r\n}\r\n\r\n#wpsm_accordion_2536 .wpsm_panel-title a:hover, #wpsm_accordion_2536 .wpsm_panel-title a:focus {\r\n\tcolor:#1e73be !important;\r\n}\r\n#wpsm_accordion_2536 .acc-a{\r\n\tcolor: #1e73be !important;\r\n\tbackground-color:#e8e8e8 !important;\r\n\tborder-color: #ddd;\r\n}\r\n#wpsm_accordion_2536 .wpsm_panel-default > .wpsm_panel-heading{\r\n\tcolor: #1e73be !important;\r\n\tbackground-color: #e8e8e8 !important;\r\n\tborder-color: #e8e8e8 !important;\r\n\tborder-top-left-radius: 0px;\r\n\tborder-top-right-radius: 0px;\r\n}\r\n#wpsm_accordion_2536 .wpsm_panel-default {\r\n\t\tborder:1px solid transparent !important;\r\n\t}\r\n#wpsm_accordion_2536 {\r\n\tmargin-bottom: 20px;\r\n\toverflow: hidden;\r\n\tfloat: none;\r\n\twidth: 100%;\r\n\tdisplay: block;\r\n}\r\n#wpsm_accordion_2536 .ac_title_class{\r\n\tdisplay: block;\r\n\tpadding-top: 12px;\r\n\tpadding-bottom: 12px;\r\n\tpadding-left: 15px;\r\n\tpadding-right: 15px;\r\n}\r\n#wpsm_accordion_2536  .wpsm_panel {\r\n\toverflow:hidden;\r\n\t-webkit-box-shadow: 0 0px 0px rgba(0, 0, 0, .05);\r\n\tbox-shadow: 0 0px 0px rgba(0, 0, 0, .05);\r\n\t\tborder-radius: 4px;\r\n\t}\r\n#wpsm_accordion_2536  .wpsm_panel + .wpsm_panel {\r\n\t\tmargin-top: 5px;\r\n\t}\r\n#wpsm_accordion_2536  .wpsm_panel-body{\r\n\tbackground-color:#ffffff !important;\r\n\tcolor:#333333 !important;\r\n\tborder-top-color: #e8e8e8 !important;\r\n\tfont-size:14px !important;\r\n\tfont-family: Verdana !important;\r\n\toverflow: hidden;\r\n\t\tborder: 2px solid #e8e8e8 !important;\r\n\t}\r\n\r\n#wpsm_accordion_2536 .ac_open_cl_icon{\r\n\tbackground-color:#e8e8e8 !important;\r\n\tcolor: #1e73be !important;\r\n\tfloat:right !important;\r\n\tpadding-top: 12px !important;\r\n\tpadding-bottom: 12px !important;\r\n\tline-height: 1.0 !important;\r\n\tpadding-left: 15px !important;\r\n\tpadding-right: 15px !important;\r\n\tdisplay: inline-block !important;\r\n}\r\n\r\n\t\t\t\r\n\t\t\tp{\r\nfont-family: &#039;Roboto&#039;, sans-serif;\r\n}<\/style>\t\r\n\t\t\t<\/style>\r\n\t\t\t<div class=\"wpsm_panel-group\" id=\"wpsm_accordion_2536\" >\r\n\t\t\t\t\t\t\t\t\r\n\t\t\t\t\t<!-- Inner panel Start -->\r\n\t\t\t\t\t<div class=\"wpsm_panel wpsm_panel-default\">\r\n\t\t\t\t\t\t<div class=\"wpsm_panel-heading\" role=\"tab\" >\r\n\t\t\t\t\t\t  <h4 class=\"wpsm_panel-title\">\r\n\t\t\t\t\t\t\t<a  class=\"\"  data-toggle=\"collapse\" data-parent=\"#wpsm_accordion_2536 \" href=\"javascript:void(0)\" data-target=\"#ac_2536_collapse1\" onclick=\"do_resize()\">\r\n\t\t\t\t\t\t\t\t\t\t\t\t\t\t\t\t\t<span class=\"ac_open_cl_icon fa fa-plus\"><\/span>\r\n\t\t\t\t\t\t\t\t\t\r\n\t\t\t\t\t\t\t\t \r\n\t\t\t\t\t\t\t\t<span class=\"ac_title_class\">\r\n\t\t\t\t\t\t\t\t\t\t\t\t\t\t\t\t\t\t\t\t<span style=\"margin-right:6px;\" class=\"fa fa-calendar\"><\/span>\r\n\t\t\t\t\t\t\t\t\tFASE 0\t\t\t\t\t\t\t\t<\/span>\r\n\t\t\t\t\t\t\t<\/a>\r\n\t\t\t\t\t\t  <\/h4>\r\n\t\t\t\t\t\t<\/div>\r\n\t\t\t\t\t\t<div id=\"ac_2536_collapse1\" class=\"wpsm_panel-collapse collapse \"  >\r\n\t\t\t\t\t\t  <div class=\"wpsm_panel-body\">\r\n\t\t\t\t\t\t\t<div class=\"pdf\"><a href=\"\/doc\/historico_LOTAIP\/Rendicion_de_cuentas\/Rendicion2016\/FASE_0\/Conformaci%C3%B3n%20del%20equipo%20responsable%20del%20evento%20p%C3%BAblico%20de%20Rendici%C3%B3n%20de%20Cuentas.pdf\" target=\"_blank\" rel=\"noopener noreferrer\">Conformacio\u0301n del equipo responsable del evento pu\u0301blico de Rendicio\u0301n de Cuentas<\/a><\/div>\r\n\r\n<div class=\"pdf\"><a href=\"\/doc\/historico_LOTAIP\/Rendicion_de_cuentas\/Rendicion2016\/FASE_0\/Metodolog%C3%ADa%20del%20proceso%20de%20rendici%C3%B3n%20de%20cuentas.pdf\" target=\"_blank\" rel=\"noopener noreferrer\">Metodolog\u00eda rendici\u00f3n de cuentas<\/a><\/div>\t\t\t\t\t\t  <\/div>\r\n\t\t\t\t\t\t<\/div>\r\n\t\t\t\t\t<\/div>\r\n\t\t\t\t\t<!-- Inner panel End -->\r\n\t\t\t\t\t\r\n\t\t\t\t\t\t\t\t\r\n\t\t\t\t\t<!-- Inner panel Start -->\r\n\t\t\t\t\t<div class=\"wpsm_panel wpsm_panel-default\">\r\n\t\t\t\t\t\t<div class=\"wpsm_panel-heading\" role=\"tab\" >\r\n\t\t\t\t\t\t  <h4 class=\"wpsm_panel-title\">\r\n\t\t\t\t\t\t\t<a  class=\"collapsed\"  data-toggle=\"collapse\" data-parent=\"#wpsm_accordion_2536 \" href=\"javascript:void(0)\" data-target=\"#ac_2536_collapse2\" onclick=\"do_resize()\">\r\n\t\t\t\t\t\t\t\t\t\t\t\t\t\t\t\t\t<span class=\"ac_open_cl_icon fa fa-plus\"><\/span>\r\n\t\t\t\t\t\t\t\t\t\r\n\t\t\t\t\t\t\t\t \r\n\t\t\t\t\t\t\t\t<span class=\"ac_title_class\">\r\n\t\t\t\t\t\t\t\t\t\t\t\t\t\t\t\t\t\t\t\t<span style=\"margin-right:6px;\" class=\"fa fa-calendar\"><\/span>\r\n\t\t\t\t\t\t\t\t\tFASE 1\t\t\t\t\t\t\t\t<\/span>\r\n\t\t\t\t\t\t\t<\/a>\r\n\t\t\t\t\t\t  <\/h4>\r\n\t\t\t\t\t\t<\/div>\r\n\t\t\t\t\t\t<div id=\"ac_2536_collapse2\" class=\"wpsm_panel-collapse collapse \"  >\r\n\t\t\t\t\t\t  <div class=\"wpsm_panel-body\">\r\n\t\t\t\t\t\t\t<div class=\"pdf\"><a href=\"\/doc\/historico_LOTAIP\/Rendicion_de_cuentas\/Rendicion2016\/FASE_1\/Invitaci%C3%B3n.pdf\" target=\"_blank\" rel=\"noopener noreferrer\">Invitaci\u00f3n a la rendici\u00f3n de cuentas<\/a><\/div>\r\n\r\n<div class=\"pdf\"><a href=\"\/doc\/historico_LOTAIP\/Rendicion_de_cuentas\/Rendicion2016\/FASE_1\/Invitaci%C3%B3n%20%20Rendici%C3%B3n%20Alcance.pdf\" target=\"_blank\" rel=\"noopener noreferrer\">Invitaci\u00f3n a la rendici\u00f3n de cuentas - alcance<\/a><\/div>\r\n\r\n<div class=\"pdf\"><a href=\"\/doc\/historico_LOTAIP\/Rendicion_de_cuentas\/Rendicion2016\/FASE_1\/Agenda%20definitiva%20del%20evento%20p%C3%BAblico%20de%20Rendici%C3%B3n%20de%20Cuentas.pdf\" target=\"_blank\" rel=\"noopener noreferrer\">Agenda del evento<\/a><\/div>\r\n\r\n<div class=\"pdf\"><a href=\"\/doc\/historico_LOTAIP\/Rendicion_de_cuentas\/Rendicion2016\/FASE_1\/Lista%20Rendici%C3%B3n%20de%20Cuentas__2015.pdf\" target=\"_blank\" rel=\"noopener noreferrer\">Listado de invitados a rendici\u00f3n de cuentas<\/a><\/div>\t\t\t\t\t\t  <\/div>\r\n\t\t\t\t\t\t<\/div>\r\n\t\t\t\t\t<\/div>\r\n\t\t\t\t\t<!-- Inner panel End -->\r\n\t\t\t\t\t\r\n\t\t\t\t\t\t\t\t\r\n\t\t\t\t\t<!-- Inner panel Start -->\r\n\t\t\t\t\t<div class=\"wpsm_panel wpsm_panel-default\">\r\n\t\t\t\t\t\t<div class=\"wpsm_panel-heading\" role=\"tab\" >\r\n\t\t\t\t\t\t  <h4 class=\"wpsm_panel-title\">\r\n\t\t\t\t\t\t\t<a  class=\"collapsed\"  data-toggle=\"collapse\" data-parent=\"#wpsm_accordion_2536 \" href=\"javascript:void(0)\" data-target=\"#ac_2536_collapse3\" onclick=\"do_resize()\">\r\n\t\t\t\t\t\t\t\t\t\t\t\t\t\t\t\t\t<span class=\"ac_open_cl_icon fa fa-plus\"><\/span>\r\n\t\t\t\t\t\t\t\t\t\r\n\t\t\t\t\t\t\t\t \r\n\t\t\t\t\t\t\t\t<span class=\"ac_title_class\">\r\n\t\t\t\t\t\t\t\t\t\t\t\t\t\t\t\t\t\t\t\t<span style=\"margin-right:6px;\" class=\"fa fa-calendar\"><\/span>\r\n\t\t\t\t\t\t\t\t\tFASE 2\t\t\t\t\t\t\t\t<\/span>\r\n\t\t\t\t\t\t\t<\/a>\r\n\t\t\t\t\t\t  <\/h4>\r\n\t\t\t\t\t\t<\/div>\r\n\t\t\t\t\t\t<div id=\"ac_2536_collapse3\" class=\"wpsm_panel-collapse collapse \"  >\r\n\t\t\t\t\t\t  <div class=\"wpsm_panel-body\">\r\n\t\t\t\t\t\t\t<div class=\"pdf\"><a href=\"\/doc\/historico_LOTAIP\/Rendicion_de_cuentas\/Rendicion2016\/FASE_2\/Asistencia%20al%20evento.pdf\" target=\"_blank\" rel=\"noopener noreferrer\">Listado de asistencia rendici\u00f3n de cuentas<\/a><\/div>\r\n\r\n<div class=\"pdf\"><a href=\"\/doc\/historico_LOTAIP\/Rendicion_de_cuentas\/Rendicion2016\/FASE_2\/Memoria%20P%C3%BAblica%20P%C3%A1gina%20Web-%20Rendici%C3%B3n%20de%20Cuentas.pdf\" target=\"_blank\" rel=\"noopener noreferrer\">Memoria publicaciones p\u00e1gina web del evento p\u00fablico de rendici\u00f3n de cuentas<\/a><\/div>\r\n\r\n<div class=\"pdf\"><a href=\"\/doc\/historico_LOTAIP\/Rendicion_de_cuentas\/Rendicion2016\/FASE_2\/Presentaciones_aprobadas_Rendicion_de_Cuentas\/0\/Presentaci%C3%B3n%201-Dr.%20Cevallos.pdf\" target=\"_blank\" rel=\"noopener noreferrer\">Presentaci\u00f3n del evento de rendici\u00f3n de cuentas<\/a><\/div>\r\n\r\n<hr \/>\r\n<b>0.- Presentacio\u0301n General<\/b>\r\n<hr \/>\r\n\r\n<div class=\"pdf\"><a href=\"\/doc\/historico_LOTAIP\/Rendicion_de_cuentas\/Rendicion2016\/FASE_2\/Presentaciones_aprobadas_Rendicion_de_Cuentas\/0\/Presentaci%C3%B3n%201-Dr.%20Cevallos.pdf\" rel=\"noopener\" target=\"_blank\">Presentaci\u00f3n 1 - Dr. Cevallos<\/a><\/div>\r\n\r\n<div class=\"pdf\"><a href=\"\/doc\/historico_LOTAIP\/Rendicion_de_cuentas\/Rendicion2016\/FASE_2\/Presentaciones_aprobadas_Rendicion_de_Cuentas\/0\/Presentaci%C3%B3n%202.-Dra%20D%C3%ADaz.pdf\" rel=\"noopener\" target=\"_blank\">Presentaci\u00f3n 2 - Dra D\u00edaz<\/a><\/div>\r\n\r\n<div class=\"pdf\"><a href=\"\/doc\/historico_LOTAIP\/Rendicion_de_cuentas\/Rendicion2016\/FASE_2\/Presentaciones_aprobadas_Rendicion_de_Cuentas\/0\/Presentaci%C3%B3n%203-Dr.%20Grijalva.pdf\" rel=\"noopener\" target=\"_blank\">Presentaci\u00f3n 3 - Dr. Grijalva<\/a><\/div>\r\n\r\n<div class=\"pdf\"><a href=\"\/doc\/historico_LOTAIP\/Rendicion_de_cuentas\/Rendicion2016\/FASE_2\/Presentaciones_aprobadas_Rendicion_de_Cuentas\/0\/Presentaci%C3%B3n%204-Dr.%20Santos.pdf\" rel=\"noopener\" target=\"_blank\">Presentaci\u00f3n 4 - Dr. Santos<\/a><\/div>\r\n\r\n<hr \/>\r\n<b>1.- Comisio\u0301n de Institutos<\/b>\r\n<hr \/>\r\n\r\n<div class=\"pdf\"><a href=\"\/doc\/historico_LOTAIP\/Rendicion_de_cuentas\/Rendicion2016\/FASE_2\/Presentaciones_aprobadas_Rendicion_de_Cuentas\/1\/Rendici%C3%B3n%20de%20cuentas%20CPICS%202015%20original.pdf\" rel=\"noopener\" target=\"_blank\">Rendici\u00f3n de cuentas CPICS 2015 original<\/a><\/div>\r\n\r\n<hr \/>\r\n<b>2.- Comisio\u0301n Postgrados<\/b>\r\n<hr \/>\r\n\r\n<div class=\"pdf\"><a href=\"\/doc\/historico_LOTAIP\/Rendicion_de_cuentas\/Rendicion2016\/FASE_2\/Presentaciones_aprobadas_Rendicion_de_Cuentas\/2\/Rendici%C3%B3n%20de%20cuentas%20presentaci%C3%B3n%20marzo%202015.pdf\" rel=\"noopener\" target=\"_blank\">Rendici\u00f3n de cuentas presentaci\u00f3n marzo 2015<\/a><\/div>\r\n\r\n<hr \/>\r\n<b>3.- Comisio\u0301n Ocasional de Educacio\u0301n<\/b>\r\n<hr \/>\r\n\r\n<div class=\"pdf\"><a href=\"\/doc\/historico_LOTAIP\/Rendicion_de_cuentas\/Rendicion2016\/FASE_2\/Presentaciones_aprobadas_Rendicion_de_Cuentas\/3\/Rendicion%20de%20cuentas%20presentaci%C3%B3n%20marzo%202015%20COE.pdf\" rel=\"noopener\" target=\"_blank\">Rendicion de cuentas presentaci\u00f3n marzo 2015 COE<\/a><\/div>\r\n\r\n<hr \/>\r\n<b>4.- Comisio\u0301n Universidades<\/b>\r\n<hr \/>\r\n\r\n<div class=\"pdf\"><a href=\"\/doc\/historico_LOTAIP\/Rendicion_de_cuentas\/Rendicion2016\/FASE_2\/Presentaciones_aprobadas_Rendicion_de_Cuentas\/4\/Rendicion%20de%20cuentas%20CPUEP.pdf\" rel=\"noopener\" target=\"_blank\">Rendicion de cuentas CPUEP<\/a><\/div>\t\t\t\t\t\t  <\/div>\r\n\t\t\t\t\t\t<\/div>\r\n\t\t\t\t\t<\/div>\r\n\t\t\t\t\t<!-- Inner panel End -->\r\n\t\t\t\t\t\r\n\t\t\t\t\t\t\t\t\r\n\t\t\t\t\t<!-- Inner panel Start -->\r\n\t\t\t\t\t<div class=\"wpsm_panel wpsm_panel-default\">\r\n\t\t\t\t\t\t<div class=\"wpsm_panel-heading\" role=\"tab\" >\r\n\t\t\t\t\t\t  <h4 class=\"wpsm_panel-title\">\r\n\t\t\t\t\t\t\t<a  class=\"collapsed\"  data-toggle=\"collapse\" data-parent=\"#wpsm_accordion_2536 \" href=\"javascript:void(0)\" data-target=\"#ac_2536_collapse4\" onclick=\"do_resize()\">\r\n\t\t\t\t\t\t\t\t\t\t\t\t\t\t\t\t\t<span class=\"ac_open_cl_icon fa fa-plus\"><\/span>\r\n\t\t\t\t\t\t\t\t\t\r\n\t\t\t\t\t\t\t\t \r\n\t\t\t\t\t\t\t\t<span class=\"ac_title_class\">\r\n\t\t\t\t\t\t\t\t\t\t\t\t\t\t\t\t\t\t\t\t<span style=\"margin-right:6px;\" class=\"fa fa-calendar\"><\/span>\r\n\t\t\t\t\t\t\t\t\tFASE 3\t\t\t\t\t\t\t\t<\/span>\r\n\t\t\t\t\t\t\t<\/a>\r\n\t\t\t\t\t\t  <\/h4>\r\n\t\t\t\t\t\t<\/div>\r\n\t\t\t\t\t\t<div id=\"ac_2536_collapse4\" class=\"wpsm_panel-collapse collapse \"  >\r\n\t\t\t\t\t\t  <div class=\"wpsm_panel-body\">\r\n\t\t\t\t\t\t\t<div class=\"pdf\"><a href=\"\/doc\/historico_LOTAIP\/Rendicion_de_cuentas\/Rendicion2016\/FASE_3\/Certificado%20DPE%202015.pdf\" target=\"_blank\" rel=\"noopener noreferrer\">Certificado de presentacio\u0301n anual Defensori\u0301a del Pueblo<\/a><\/div>\r\n\r\n<div class=\"pdf\"><a href=\"\/doc\/historico_LOTAIP\/Rendicion_de_cuentas\/Rendicion2016\/FASE_3\/Rendici%C3%B3n%20CES%202015.pdf\" target=\"_blank\" rel=\"noopener noreferrer\">Reporte Informe Rendicio\u0301n de Cuentas<\/a><\/div>\t\t\t\t\t\t  <\/div>\r\n\t\t\t\t\t\t<\/div>\r\n\t\t\t\t\t<\/div>\r\n\t\t\t\t\t<!-- Inner panel End -->\r\n\t\t\t\t\t\r\n\t\t\t\t\t\t\t<\/div>\r\n\t\t\t\r\n<script type=\"text\/javascript\">\r\n\t\r\n\t\tfunction do_resize(){\r\n\r\n\t\t\tvar width=jQuery( '.wpsm_panel .wpsm_panel-body iframe' ).width();\r\n\t\t\tvar height=jQuery( '.wpsm_panel .wpsm_panel-body iframe' ).height();\r\n\r\n\t\t\tvar toggleSize = true;\r\n\t\t\tjQuery('iframe').animate({\r\n\t\t\t    width: toggleSize ? width : 640,\r\n\t\t\t    height: toggleSize ? height : 360\r\n\t\t\t  }, 250);\r\n\r\n\t\t\t  toggleSize = !toggleSize;\r\n\t\t}\r\n\t\t\r\n<\/script>\t\n","protected":false},"excerpt":{"rendered":"<p>Rendici\u00f3n de cuentas Periodo 2015<\/p>\n","protected":false},"author":1,"featured_media":0,"parent":0,"menu_order":0,"comment_status":"closed","ping_status":"closed","template":"","meta":{"_monsterinsights_skip_tracking":false,"_monsterinsights_sitenote_active":false,"_monsterinsights_sitenote_note":"","_monsterinsights_sitenote_category":0,"footnotes":""},"class_list":["post-2540","page","type-page","status-publish","hentry"],"_links":{"self":[{"href":"https:\/\/www.ces.gob.ec\/index.php?rest_route=\/wp\/v2\/pages\/2540","targetHints":{"allow":["GET"]}}],"collection":[{"href":"https:\/\/www.ces.gob.ec\/index.php?rest_route=\/wp\/v2\/pages"}],"about":[{"href":"https:\/\/www.ces.gob.ec\/index.php?rest_route=\/wp\/v2\/types\/page"}],"author":[{"embeddable":true,"href":"https:\/\/www.ces.gob.ec\/index.php?rest_route=\/wp\/v2\/users\/1"}],"replies":[{"embeddable":true,"href":"https:\/\/www.ces.gob.ec\/index.php?rest_route=%2Fwp%2Fv2%2Fcomments&post=2540"}],"version-history":[{"count":1,"href":"https:\/\/www.ces.gob.ec\/index.php?rest_route=\/wp\/v2\/pages\/2540\/revisions"}],"predecessor-version":[{"id":2542,"href":"https:\/\/www.ces.gob.ec\/index.php?rest_route=\/wp\/v2\/pages\/2540\/revisions\/2542"}],"wp:attachment":[{"href":"https:\/\/www.ces.gob.ec\/index.php?rest_route=%2Fwp%2Fv2%2Fmedia&parent=2540"}],"curies":[{"name":"wp","href":"https:\/\/api.w.org\/{rel}","templated":true}]}}