{"id":2136,"date":"2019-08-01T09:18:38","date_gmt":"2019-08-01T15:18:38","guid":{"rendered":"https:\/\/www.ces.gob.ec\/?page_id=2136"},"modified":"2019-08-01T09:20:00","modified_gmt":"2019-08-01T15:20:00","slug":"contactenos","status":"publish","type":"page","link":"https:\/\/www.ces.gob.ec\/?page_id=2136","title":{"rendered":"Cont\u00e1ctenos"},"content":{"rendered":"\n<h3 class=\"wp-block-heading\">Cont\u00e1ctenos<\/h3>\n\n\n<div class=\"rtbs  rtbs_contactenos\"><div class=\"rtbs_slug\" style=\"display:none\">contactenos<\/div><div class=\"rtbs_inactive_tab_background\" style=\"display:none\">transparent<\/div><div class=\"rtbs_breakpoint\" style=\"display:none\">600<\/div><div class=\"rtbs_color\" style=\"display:none\">#1e73be<\/div>\r\n        <div class=\"rtbs_menu\">\r\n            <ul>\r\n                <li class=\"mobile_toggle\">&zwnj;<\/li><li class=\"current\"><a style=\"background:#1e73be\" class=\"active contactenos-tab-link-0\" href=\"#\" data-tab=\"#contactenos-tab-0\"> Cont\u00e1ctenos<\/a><\/li><li><a href=\"#\" data-tab=\"#contactenos-tab-1\" class=\"contactenos-tab-link-1\">Redes Sociales<\/a><\/li>\r\n            <\/ul>\r\n        <\/div><div style=\"border-top:7px solid #1e73be;\" id=\"contactenos-tab-0\" class=\"rtbs_content active\"><h3 style=\"text-align: center\"><span style=\"font-family: Roboto, sans-serif\">Cualquier inquietud por favor, escr\u00edbanos a la direcci\u00f3n de correo electr\u00f3nico:<\/span><\/h3>\n<p><a href=\"https:\/\/www.ces.gob.ec\/?page_id=519\"><img loading=\"lazy\" decoding=\"async\" class=\"alignleft wp-image-6216\" src=\"https:\/\/www.ces.gob.ec\/wp-content\/uploads\/2024\/12\/Sin-ti\u0301tulo-2-02-1024x140.png\" alt=\"\" width=\"724\" height=\"99\" srcset=\"https:\/\/www.ces.gob.ec\/wp-content\/uploads\/2024\/12\/Sin-ti\u0301tulo-2-02-1024x140.png 1024w, https:\/\/www.ces.gob.ec\/wp-content\/uploads\/2024\/12\/Sin-ti\u0301tulo-2-02-300x41.png 300w, https:\/\/www.ces.gob.ec\/wp-content\/uploads\/2024\/12\/Sin-ti\u0301tulo-2-02-768x105.png 768w, https:\/\/www.ces.gob.ec\/wp-content\/uploads\/2024\/12\/Sin-ti\u0301tulo-2-02.png 1366w\" sizes=\"auto, (max-width: 724px) 100vw, 724px\" \/><\/a> \u00a0 \u00a0 <a href=\"mailto:comunicacion@ces.gob.ec\"><img loading=\"lazy\" decoding=\"async\" class=\"alignleft wp-image-6215\" src=\"https:\/\/www.ces.gob.ec\/wp-content\/uploads\/2024\/12\/Sin-ti\u0301tulo-2-03-1024x140.png\" alt=\"\" width=\"724\" height=\"99\" srcset=\"https:\/\/www.ces.gob.ec\/wp-content\/uploads\/2024\/12\/Sin-ti\u0301tulo-2-03-1024x140.png 1024w, https:\/\/www.ces.gob.ec\/wp-content\/uploads\/2024\/12\/Sin-ti\u0301tulo-2-03-300x41.png 300w, https:\/\/www.ces.gob.ec\/wp-content\/uploads\/2024\/12\/Sin-ti\u0301tulo-2-03-768x105.png 768w, https:\/\/www.ces.gob.ec\/wp-content\/uploads\/2024\/12\/Sin-ti\u0301tulo-2-03.png 1366w\" sizes=\"auto, (max-width: 724px) 100vw, 724px\" \/><\/a><a href=\"https:\/\/www.ces.gob.ec\/wp-content\/uploads\/2024\/12\/Formulario-de-Solicitud-de-Acceso-a-la-Informacio\u0301n-Pu\u0301blica.pdf\"><img loading=\"lazy\" decoding=\"async\" class=\"wp-image-6214  alignleft\" src=\"https:\/\/www.ces.gob.ec\/wp-content\/uploads\/2024\/12\/Sin-ti\u0301tulo-2_Mesa-de-trabajo-1-1024x140.png\" alt=\"\" width=\"724\" height=\"99\" srcset=\"https:\/\/www.ces.gob.ec\/wp-content\/uploads\/2024\/12\/Sin-ti\u0301tulo-2_Mesa-de-trabajo-1-1024x140.png 1024w, https:\/\/www.ces.gob.ec\/wp-content\/uploads\/2024\/12\/Sin-ti\u0301tulo-2_Mesa-de-trabajo-1-300x41.png 300w, https:\/\/www.ces.gob.ec\/wp-content\/uploads\/2024\/12\/Sin-ti\u0301tulo-2_Mesa-de-trabajo-1-768x105.png 768w, https:\/\/www.ces.gob.ec\/wp-content\/uploads\/2024\/12\/Sin-ti\u0301tulo-2_Mesa-de-trabajo-1.png 1366w\" sizes=\"auto, (max-width: 724px) 100vw, 724px\" \/><\/a><\/p>\n<div style=\"margin-top:30px; clear:both;\"><\/div><\/div><div style=\"border-top:7px solid #1e73be;\" id=\"contactenos-tab-1\" class=\"rtbs_content\"><p><a href=\"https:\/\/www.youtube.com\/user\/ConsejoES\" target=\"_blank\" rel=\"noopener\"><img loading=\"lazy\" decoding=\"async\" class=\"alignnone wp-image-2133\" src=\"\/wp-content\/uploads\/2019\/08\/Redes-Sociales-WebCES-03.png\" alt=\"\" width=\"432\" height=\"47\" srcset=\"https:\/\/www.ces.gob.ec\/wp-content\/uploads\/2019\/08\/Redes-Sociales-WebCES-03.png 1498w, https:\/\/www.ces.gob.ec\/wp-content\/uploads\/2019\/08\/Redes-Sociales-WebCES-03-300x33.png 300w, https:\/\/www.ces.gob.ec\/wp-content\/uploads\/2019\/08\/Redes-Sociales-WebCES-03-768x84.png 768w, https:\/\/www.ces.gob.ec\/wp-content\/uploads\/2019\/08\/Redes-Sociales-WebCES-03-1024x112.png 1024w\" sizes=\"auto, (max-width: 432px) 100vw, 432px\" \/><\/a> <a href=\"https:\/\/www.facebook.com\/consejodeeducacionsuperior\" target=\"_blank\" rel=\"noopener\"><img loading=\"lazy\" decoding=\"async\" class=\"alignnone wp-image-2129\" src=\"\/wp-content\/uploads\/2019\/08\/Redes-Sociales-WebCES_Mesa-de-trabajo-1.png\" alt=\"\" width=\"432\" height=\"47\" srcset=\"https:\/\/www.ces.gob.ec\/wp-content\/uploads\/2019\/08\/Redes-Sociales-WebCES_Mesa-de-trabajo-1.png 1498w, https:\/\/www.ces.gob.ec\/wp-content\/uploads\/2019\/08\/Redes-Sociales-WebCES_Mesa-de-trabajo-1-300x33.png 300w, https:\/\/www.ces.gob.ec\/wp-content\/uploads\/2019\/08\/Redes-Sociales-WebCES_Mesa-de-trabajo-1-768x84.png 768w, https:\/\/www.ces.gob.ec\/wp-content\/uploads\/2019\/08\/Redes-Sociales-WebCES_Mesa-de-trabajo-1-1024x111.png 1024w\" sizes=\"auto, (max-width: 432px) 100vw, 432px\" \/><\/a>  <a href=\"https:\/\/twitter.com\/ces_ec\" target=\"_blank\" rel=\"noopener\"><img loading=\"lazy\" decoding=\"async\" class=\"alignnone wp-image-2130\" src=\"\/wp-content\/uploads\/2019\/08\/Redes-Sociales-WebCES-02.png\" alt=\"\" width=\"432\" height=\"47\" srcset=\"https:\/\/www.ces.gob.ec\/wp-content\/uploads\/2019\/08\/Redes-Sociales-WebCES-02.png 1498w, https:\/\/www.ces.gob.ec\/wp-content\/uploads\/2019\/08\/Redes-Sociales-WebCES-02-300x33.png 300w, https:\/\/www.ces.gob.ec\/wp-content\/uploads\/2019\/08\/Redes-Sociales-WebCES-02-768x84.png 768w, https:\/\/www.ces.gob.ec\/wp-content\/uploads\/2019\/08\/Redes-Sociales-WebCES-02-1024x111.png 1024w\" sizes=\"auto, (max-width: 432px) 100vw, 432px\" \/><\/a><\/p>\n<div style=\"margin-top:30px; clear:both;\"><\/div><\/div>\r\n    <\/div>\r\n    \n\n\n\n<p><\/p>\n","protected":false},"excerpt":{"rendered":"<p>Cont\u00e1ctenos<\/p>\n","protected":false},"author":1,"featured_media":0,"parent":0,"menu_order":0,"comment_status":"closed","ping_status":"closed","template":"","meta":{"_monsterinsights_skip_tracking":false,"_monsterinsights_sitenote_active":false,"_monsterinsights_sitenote_note":"","_monsterinsights_sitenote_category":0,"footnotes":""},"class_list":["post-2136","page","type-page","status-publish","hentry"],"_links":{"self":[{"href":"https:\/\/www.ces.gob.ec\/index.php?rest_route=\/wp\/v2\/pages\/2136","targetHints":{"allow":["GET"]}}],"collection":[{"href":"https:\/\/www.ces.gob.ec\/index.php?rest_route=\/wp\/v2\/pages"}],"about":[{"href":"https:\/\/www.ces.gob.ec\/index.php?rest_route=\/wp\/v2\/types\/page"}],"author":[{"embeddable":true,"href":"https:\/\/www.ces.gob.ec\/index.php?rest_route=\/wp\/v2\/users\/1"}],"replies":[{"embeddable":true,"href":"https:\/\/www.ces.gob.ec\/index.php?rest_route=%2Fwp%2Fv2%2Fcomments&post=2136"}],"version-history":[{"count":3,"href":"https:\/\/www.ces.gob.ec\/index.php?rest_route=\/wp\/v2\/pages\/2136\/revisions"}],"predecessor-version":[{"id":2139,"href":"https:\/\/www.ces.gob.ec\/index.php?rest_route=\/wp\/v2\/pages\/2136\/revisions\/2139"}],"wp:attachment":[{"href":"https:\/\/www.ces.gob.ec\/index.php?rest_route=%2Fwp%2Fv2%2Fmedia&parent=2136"}],"curies":[{"name":"wp","href":"https:\/\/api.w.org\/{rel}","templated":true}]}}