{"id":2113,"date":"2019-07-25T11:06:23","date_gmt":"2019-07-25T17:06:23","guid":{"rendered":"https:\/\/www.ces.gob.ec\/?page_id=2113"},"modified":"2026-04-23T14:23:48","modified_gmt":"2026-04-23T19:23:48","slug":"mat-paul-leonardo-medina-vasquez-ph-d","status":"publish","type":"page","link":"https:\/\/www.ces.gob.ec\/?page_id=2113","title":{"rendered":"Mat. Pa\u00fal Leonardo Medina V\u00e1squez, Ph.D."},"content":{"rendered":"\n<div class=\"wp-block-columns has-2-columns is-layout-flex wp-container-core-columns-is-layout-9d6595d7 wp-block-columns-is-layout-flex\">\n<div class=\"wp-block-column is-layout-flow wp-block-column-is-layout-flow\">\n<h2 class=\"wp-block-heading\"><strong>Mat. Pa\u00fal Leonardo Medina V\u00e1squez, Ph.D.<\/strong><\/h2>\n\n\n\n<p><strong>Consejero Acad\u00e9mico del Consejo de Educaci\u00f3n Superior <\/strong><\/p>\n\n\n\n<p><strong>Tel:<\/strong> (02) 3947 820&nbsp;&nbsp; <\/p>\n\n\n\n<p><strong>Correo: <\/strong><a href=\"paul.medina@ces.gob.ec\">paul.medina@ces.gob.ec<\/a><\/p>\n<\/div>\n\n\n\n<div class=\"wp-block-column is-layout-flow wp-block-column-is-layout-flow\">\n<figure class=\"wp-block-gallery has-nested-images columns-default is-cropped wp-block-gallery-1 is-layout-flex wp-block-gallery-is-layout-flex\">\n<figure class=\"wp-block-image size-full\"><img loading=\"lazy\" decoding=\"async\" width=\"1620\" height=\"1080\" data-id=\"6896\" src=\"https:\/\/www.ces.gob.ec\/wp-content\/uploads\/2026\/04\/R62_0269.jpg\" alt=\"\" class=\"wp-image-6896\" srcset=\"https:\/\/www.ces.gob.ec\/wp-content\/uploads\/2026\/04\/R62_0269.jpg 1620w, https:\/\/www.ces.gob.ec\/wp-content\/uploads\/2026\/04\/R62_0269-300x200.jpg 300w, https:\/\/www.ces.gob.ec\/wp-content\/uploads\/2026\/04\/R62_0269-1024x683.jpg 1024w, https:\/\/www.ces.gob.ec\/wp-content\/uploads\/2026\/04\/R62_0269-768x512.jpg 768w, https:\/\/www.ces.gob.ec\/wp-content\/uploads\/2026\/04\/R62_0269-1536x1024.jpg 1536w\" sizes=\"auto, (max-width: 1620px) 100vw, 1620px\" \/><\/figure>\n<\/figure>\n\n\n\n<p><\/p>\n<\/div>\n<\/div>\n\n\n\n<h3 class=\"wp-block-heading\">Formaci\u00f3n Acad\u00e9mica <\/h3>\n\n\n\n<ul class=\"wp-block-list\">\n<li>Doctor  en Ingenier\u00eda Matem\u00e1tica (PhD.) por la Universidad Carlos III de Madrid.  Madrid \u2013 Espa\u00f1a, 2009 Calificaci\u00f3n: SOBRESALIENTE CUM LAUDE.  Seleccionado para premio extraordinario.<\/li>\n\n\n\n<li>M\u00e1ster  en Mercados Burs\u00e1tiles y Derivados Financieros. Universidad Nacional de  Educaci\u00f3n a Distancia (UNED) Madrid-Espa\u00f1a, 2008. Calificaci\u00f3n:  SOBRESALIENTE.<\/li>\n\n\n\n<li>M\u00e1ster en Ingenier\u00eda Matem\u00e1tica por la Universidad Carlos III de Madrid. Madrid \u2013 Espa\u00f1a, 2007. Calificaci\u00f3n: SOBRESALIENTE.<\/li>\n\n\n\n<li>Matem\u00e1tico por la Escuela Polit\u00e9cnica Nacional. Quito-Ecuador, 2003. Calificaci\u00f3n: CUM LAUDE.<\/li>\n\n\n\n<li>Diplomado  Internacional en Competencias Docentes. Tecnol\u00f3gico de Monterrey \u2013  Universidad de Cambridge, 2014. Calificaci\u00f3n SOBRESALIENTE.<\/li>\n\n\n\n<li>Autor y coautor de varios art\u00edculos cient\u00edficos publicados en revistas nacionales e internacionales indexadas de alto impacto.<\/li>\n<\/ul>\n\n\n\n<h3 class=\"wp-block-heading\">Trayectoria Acad\u00e9mica<\/h3>\n\n\n\n<ul class=\"wp-block-list\">\n<li>Gerente General de Num\u00e9rica Investigaci\u00f3n Innovaci\u00f3n y Desarrollo, Num\u00e9rica IID. Quito \u2013 Ecuador.<\/li>\n\n\n\n<li>Profesor titular Principal 1 de la Universidad las Fuerzas Armadas ESPE \u2013 Departamento de Ciencias Exactas. Quito \u2013 Ecuador.<\/li>\n\n\n\n<li>Coordinador  del Grupo de Investigaci\u00f3n en Modelamiento Matem\u00e1tico. Universidad las  Fuerzas Armadas \u2013 Departamento de Ciencias Exactas. Quito \u2013 Ecuador.<\/li>\n\n\n\n<li>Coordinador de Investigaci\u00f3n. Universidad las Fuerzas Armadas \u2013 Departamento de Ciencias Exactas. Quito \u2013 Ecuador.<\/li>\n\n\n\n<li>Miembro \u2013 Comit\u00e9 Editorial Internacional Revista de Investigaci\u00f3n en Ciencias Contables y Administrativas (M\u00e9xico).<\/li>\n\n\n\n<li>Investigador  Adjunto, Modelling and Numerical Simulation Group, Instituto  Universitario Gregorio Mill\u00e1n Barbany, Universidad Carlos III de Madrid,  UC3M, Madrid \u2013 Espa\u00f1a.<\/li>\n\n\n\n<li>Asesor y consultor de varias universidades e instituciones nacionales e internacionales.<\/li>\n\n\n\n<li>Director de Proyectos de investigaci\u00f3n con universidades e instituciones dentro y fuera del pa\u00eds.<\/li>\n\n\n\n<li>Director  de Tesis y Proyectos de Titulaci\u00f3n de Grado y Posgrado de universidades  como la Escuela Polit\u00e9cnica Nacional, EPN, y la Universidad de las  Fuerzas Armadas ESPE.<\/li>\n\n\n\n<li>Docente  de Grado y Posgrado en la Universidad de las Fuerzas Armadas (ESPE);  Escuela Polit\u00e9cnica Nacional (EPN); Universidad Carlos III de Madrid;  Universidad de las Am\u00e9ricas (UDLA); Pontificia Universidad Cat\u00f3lica del  Ecuador, Sede Ambato, (PUCESA); Universidad T\u00e9cnica de Ambato, (UTA).<\/li>\n\n\n\n<li>Ha  trabajado en varias \u00e1reas de investigaci\u00f3n como Modelizaci\u00f3n matem\u00e1tica;  Simulaci\u00f3n Num\u00e9rica; Tomograf\u00eda de \u00d3ptica Difusa; Ecuaciones  Diferenciales Parciales; Edici\u00f3n Cient\u00edfica; Mercados Burs\u00e1tiles;  Derivados Financieros; Riesgos Financieros y Econ\u00f3micos; y An\u00e1lisis Estad\u00edstico.<\/li>\n<\/ul>\n","protected":false},"excerpt":{"rendered":"<p>Mat. Pa\u00fal Leonardo Medina V\u00e1squez, Ph.D. Consejero Acad\u00e9mico del Consejo de Educaci\u00f3n Superior Tel: (02) 3947 820&nbsp;&nbsp; Correo: paul.medina@ces.gob.ec Formaci\u00f3n Acad\u00e9mica Trayectoria Acad\u00e9mica<\/p>\n","protected":false},"author":1,"featured_media":0,"parent":0,"menu_order":0,"comment_status":"closed","ping_status":"closed","template":"","meta":{"_monsterinsights_skip_tracking":false,"_monsterinsights_sitenote_active":false,"_monsterinsights_sitenote_note":"","_monsterinsights_sitenote_category":0,"footnotes":""},"class_list":["post-2113","page","type-page","status-publish","hentry"],"_links":{"self":[{"href":"https:\/\/www.ces.gob.ec\/index.php?rest_route=\/wp\/v2\/pages\/2113","targetHints":{"allow":["GET"]}}],"collection":[{"href":"https:\/\/www.ces.gob.ec\/index.php?rest_route=\/wp\/v2\/pages"}],"about":[{"href":"https:\/\/www.ces.gob.ec\/index.php?rest_route=\/wp\/v2\/types\/page"}],"author":[{"embeddable":true,"href":"https:\/\/www.ces.gob.ec\/index.php?rest_route=\/wp\/v2\/users\/1"}],"replies":[{"embeddable":true,"href":"https:\/\/www.ces.gob.ec\/index.php?rest_route=%2Fwp%2Fv2%2Fcomments&post=2113"}],"version-history":[{"count":12,"href":"https:\/\/www.ces.gob.ec\/index.php?rest_route=\/wp\/v2\/pages\/2113\/revisions"}],"predecessor-version":[{"id":6899,"href":"https:\/\/www.ces.gob.ec\/index.php?rest_route=\/wp\/v2\/pages\/2113\/revisions\/6899"}],"wp:attachment":[{"href":"https:\/\/www.ces.gob.ec\/index.php?rest_route=%2Fwp%2Fv2%2Fmedia&parent=2113"}],"curies":[{"name":"wp","href":"https:\/\/api.w.org\/{rel}","templated":true}]}}