{"id":2111,"date":"2019-07-25T11:01:36","date_gmt":"2019-07-25T17:01:36","guid":{"rendered":"https:\/\/www.ces.gob.ec\/?page_id=2111"},"modified":"2026-04-23T14:15:46","modified_gmt":"2026-04-23T19:15:46","slug":"dra-lineth-fernandez-sanchez-ph-d","status":"publish","type":"page","link":"https:\/\/www.ces.gob.ec\/?page_id=2111","title":{"rendered":"Dra. \u00c1ngela del Roc\u00edo Calder\u00f3n Tobar"},"content":{"rendered":"\n<div class=\"wp-block-columns has-2-columns is-layout-flex wp-container-core-columns-is-layout-9d6595d7 wp-block-columns-is-layout-flex\">\n<div class=\"wp-block-column is-layout-flow wp-block-column-is-layout-flow\">\n<h2 class=\"wp-block-heading\"><strong>Dra. \u00c1ngela del Roc\u00edo Calder\u00f3n Tobar<\/strong> <strong>Ph.D.<\/strong><\/h2>\n\n\n\n<p><strong>Consejera Acad\u00e9mica del Consejo de Educaci\u00f3n Superior <\/strong><\/p>\n\n\n\n<p><strong>Tel:<\/strong> (02) 3947 820&nbsp;&nbsp; <\/p>\n\n\n\n<p><strong>Correo: <\/strong><a href=\"angela.calderon@ces.gob.ec\">angela.calderon@ces.gob.ec<\/a><\/p>\n<\/div>\n\n\n\n<div class=\"wp-block-column is-layout-flow wp-block-column-is-layout-flow\">\n<figure class=\"wp-block-gallery has-nested-images columns-default is-cropped wp-block-gallery-1 is-layout-flex wp-block-gallery-is-layout-flex\">\n<figure class=\"wp-block-image size-full\"><img loading=\"lazy\" decoding=\"async\" width=\"1620\" height=\"1080\" data-id=\"6895\" src=\"https:\/\/www.ces.gob.ec\/wp-content\/uploads\/2026\/04\/R62_0283.jpg\" alt=\"\" class=\"wp-image-6895\" srcset=\"https:\/\/www.ces.gob.ec\/wp-content\/uploads\/2026\/04\/R62_0283.jpg 1620w, https:\/\/www.ces.gob.ec\/wp-content\/uploads\/2026\/04\/R62_0283-300x200.jpg 300w, https:\/\/www.ces.gob.ec\/wp-content\/uploads\/2026\/04\/R62_0283-1024x683.jpg 1024w, https:\/\/www.ces.gob.ec\/wp-content\/uploads\/2026\/04\/R62_0283-768x512.jpg 768w, https:\/\/www.ces.gob.ec\/wp-content\/uploads\/2026\/04\/R62_0283-1536x1024.jpg 1536w\" sizes=\"auto, (max-width: 1620px) 100vw, 1620px\" \/><\/figure>\n<\/figure>\n\n\n\n<p><\/p>\n<\/div>\n<\/div>\n\n\n\n<h3 class=\"wp-block-heading\">Formaci\u00f3n Acad\u00e9mica <\/h3>\n\n\n\n<ul class=\"wp-block-list\">\n<li>Ph.D. en Ciencias Veterinarias, Universidad Agraria de la Habana.<\/li>\n\n\n\n<li>Magister en Gerencia de Empresas Agropecuarias, Universidad Estatal de Bol\u00edvar.<\/li>\n\n\n\n<li>Especialista en Producci\u00f3n Agropecuaria, Universidad Estatal de Bol\u00edvar.<\/li>\n\n\n\n<li>Diploma Superior en Proyectos de Investigaci\u00f3n Social, Universidad Estatal de Bol\u00edvar.<\/li>\n\n\n\n<li>Diploma Superior en Econom\u00eda agropecuaria, Universidad Estatal de Bol\u00edvar.<\/li>\n\n\n\n<li>Dra. En Medicina Veterinaria, Instituto Superior de Ciencias Agropecuarias de la Habana- reconocido y validado por la Universidad Estatal de Bol\u00edvar.<\/li>\n<\/ul>\n\n\n\n<h3 class=\"wp-block-heading\">Trayectoria Acad\u00e9mica<\/h3>\n\n\n\n<ul class=\"wp-block-list\">\n<li>Docente-investigador titular principal II de la Universidad Estatal de Bol\u00edvar.<\/li>\n\n\n\n<li>Rectora subrogante y Vicerrectora Acad\u00e9mica de la Universidad Nacional de Chimborazo.<\/li>\n\n\n\n<li>Presidenta de la Comisi\u00f3n de Evaluaci\u00f3n y Aseguramiento de la Calidad para la Acreditaci\u00f3n Institucional UNACH.<\/li>\n\n\n\n<li>Directora de la Carrera de Medicina Veterinaria y Zootecnia de la Universidad Estatal de Bol\u00edvar.<\/li>\n\n\n\n<li>Miembro del equipo acad\u00e9mico en la carrera de Medicina Veterinaria y Zootecnia de la Comisi\u00f3n de Evaluaci\u00f3n y Aseguramiento de la Calidad para la Acreditaci\u00f3n Institucional de la Universidad Estatal de Bol\u00edvar.<\/li>\n\n\n\n<li>Par Acad\u00e9mico Internacional de ARCOSUR para la Evaluaci\u00f3n y Aseguramiento de la Calidad para la Acreditaci\u00f3n de las carreras de Medicina Veterinaria de Colombia.<\/li>\n\n\n\n<li>Miembro del equipo de Redise\u00f1os curriculares de la Carrera de Medicina Veterinaria y Zootecnia de la Universidad Estatal de Bol\u00edvar.<\/li>\n\n\n\n<li>Directora de varios proyectos de investigaci\u00f3n en el sector agropecuario en la Universidad Estatal de Bol\u00edvar.<\/li>\n\n\n\n<li>Investigadora adjunta de varios proyectos de investigaci\u00f3n en el \u00e1rea de la producci\u00f3n agroindustrial en la Universidad Nacional de Chimborazo.<\/li>\n\n\n\n<li>Autora y coautora de varios art\u00edculos cient\u00edficos en el \u00e1rea de la Salud, producci\u00f3n y Reproducci\u00f3n Animal.<\/li>\n\n\n\n<li>Autora de cap\u00edtulos de libros enfocados a la formaci\u00f3n doctoral en el Ecuador.<\/li>\n\n\n\n<li>Docente- expositora en varios congresos nacionales e internacionales en tem\u00e1ticas de la veterinaria.<\/li>\n\n\n\n<li>Docente invitada de Posgrado en la Universidad Estatal de Bol\u00edvar.<\/li>\n\n\n\n<li>Docente invitada de Posgrado en varias Universidades del pa\u00eds.<\/li>\n\n\n\n<li>Consejera Acad\u00e9mica. Presidenta de la Comisi\u00f3n Permanente de Doctorados del CES y miembro acad\u00e9mico de la Comisi\u00f3n Permanente de Posgrados, per\u00edodo mayo 2022-noviembre 2024.<\/li>\n\n\n\n<li>Consejera Acad\u00e9mica. Presidenta de la Comisi\u00f3n de Institutos y Conservatorios Superiores del CES, miembro acad\u00e9mico de la Comisi\u00f3n de Universidades y Escuelas Polit\u00e9cnicas y de la Comisi\u00f3n Permanente de Doctorados, per\u00edodo noviembre 2024- y continua.<\/li>\n<\/ul>\n\n\n\n<h3 class=\"wp-block-heading\"><strong>Publicaciones<\/strong><\/h3>\n\n\n\n<ul class=\"wp-block-list\">\n<li>Caracterizaci\u00f3n de la harina de c\u00e1scara de chocho (Lupinus mutabilis Sweet) para aplicaciones agroindustriales y medicinales. 2021- Alfa Publicaciones N\u00b0 ISSN: 2773-7330<\/li>\n\n\n\n<li>La elaboraci\u00f3n de la secci\u00f3n \u00abDiscusi\u00f3n\u00bb de art\u00edculos cient\u00edficos originales. \u00bfUn reto para los docentes universitarios? 2019 Educaci\u00f3n M\u00e9dica EL SEVIER N\u00b0 ISSN: 1575-1813<\/li>\n\n\n\n<li>The Strategic Marketing in the Process of Sales of the pulpes of fruits Processed in the Agrotal Factory of Echeandia, Province of Bolivar (Ecuador). International Business Management. 2018 Medwell Journal, N\u00b0 ISSN: 1993-5250.<\/li>\n\n\n\n<li>Status of Milk Production In Bolivar. Parish Salinas, Guaranda. 2016 USA International Journal of Applied Science and Technology. N\u00b0 ISSN 2221-0997 (print) N\u00b0 ISSN 2221-1004 (online).<\/li>\n\n\n\n<li>&nbsp;Diagnostic bovine enzootic hematuria safety and milking Bolivar, Province- Ecuador.2015 USA International Journal of Applied Science and Technology. N\u00b0 ISSN 2221-097(Print) N\u00b0&nbsp; ISSN 2221- 1004(Online).<\/li>\n\n\n\n<li>Diagn\u00f3stico Epidemiol\u00f3gico y Cl\u00ednico de la Hematuria Enzo\u00f3tica Bovina en la Provincia Bol\u00edvar. Ecuador. 2015 Universidad Estatal de Bol\u00edvar Rev. De Investigaci\u00f3n Talentos N\u00b0&nbsp; ISSN: 1390-8197.<\/li>\n<\/ul>\n\n\n\n<p><\/p>\n","protected":false},"excerpt":{"rendered":"<p>Dra. \u00c1ngela del Roc\u00edo Calder\u00f3n Tobar Ph.D. Consejera Acad\u00e9mica del Consejo de Educaci\u00f3n Superior Tel: (02) 3947 820&nbsp;&nbsp; Correo: angela.calderon@ces.gob.ec Formaci\u00f3n Acad\u00e9mica Trayectoria Acad\u00e9mica Publicaciones<\/p>\n","protected":false},"author":1,"featured_media":0,"parent":0,"menu_order":0,"comment_status":"closed","ping_status":"closed","template":"","meta":{"_monsterinsights_skip_tracking":false,"_monsterinsights_sitenote_active":false,"_monsterinsights_sitenote_note":"","_monsterinsights_sitenote_category":0,"footnotes":""},"class_list":["post-2111","page","type-page","status-publish","hentry"],"_links":{"self":[{"href":"https:\/\/www.ces.gob.ec\/index.php?rest_route=\/wp\/v2\/pages\/2111","targetHints":{"allow":["GET"]}}],"collection":[{"href":"https:\/\/www.ces.gob.ec\/index.php?rest_route=\/wp\/v2\/pages"}],"about":[{"href":"https:\/\/www.ces.gob.ec\/index.php?rest_route=\/wp\/v2\/types\/page"}],"author":[{"embeddable":true,"href":"https:\/\/www.ces.gob.ec\/index.php?rest_route=\/wp\/v2\/users\/1"}],"replies":[{"embeddable":true,"href":"https:\/\/www.ces.gob.ec\/index.php?rest_route=%2Fwp%2Fv2%2Fcomments&post=2111"}],"version-history":[{"count":12,"href":"https:\/\/www.ces.gob.ec\/index.php?rest_route=\/wp\/v2\/pages\/2111\/revisions"}],"predecessor-version":[{"id":6897,"href":"https:\/\/www.ces.gob.ec\/index.php?rest_route=\/wp\/v2\/pages\/2111\/revisions\/6897"}],"wp:attachment":[{"href":"https:\/\/www.ces.gob.ec\/index.php?rest_route=%2Fwp%2Fv2%2Fmedia&parent=2111"}],"curies":[{"name":"wp","href":"https:\/\/api.w.org\/{rel}","templated":true}]}}