{"id":1550,"date":"2019-06-11T11:50:36","date_gmt":"2019-06-11T17:50:36","guid":{"rendered":"https:\/\/www.ces.gob.ec\/?page_id=1550"},"modified":"2023-06-26T14:54:30","modified_gmt":"2023-06-26T19:54:30","slug":"institutos-superiores","status":"publish","type":"page","link":"https:\/\/www.ces.gob.ec\/?page_id=1550","title":{"rendered":"Institutos Superiores"},"content":{"rendered":"\n<h3 class=\"wp-block-heading\">Institutos superiores t\u00e9cnicos, tecnol\u00f3gicos, pedag\u00f3gicos de artes y conservatorios superiores<\/h3>\n\n\n\n<div class=\"caja card\">\n  <a href=\"?page_id=1543\"><img decoding=\"async\" src=\"wp-content\/uploads\/2019\/07\/Universidad.png\">\n  <h4>P\u00fablicos<\/a><\/h4>\n<\/div><br>\n\n<div class=\"caja card\">\n  <a href=\"?page_id=5058\"><img decoding=\"async\" src=\"wp-content\/uploads\/2019\/07\/Universidad.png\">\n  <h4>Particulares<\/a><\/h4>\n<\/div>\n","protected":false},"excerpt":{"rendered":"<p>Institutos superiores t\u00e9cnicos, tecnol\u00f3gicos, pedag\u00f3gicos de artes y conservatorios superiores P\u00fablicos Particulares<\/p>\n","protected":false},"author":1,"featured_media":0,"parent":0,"menu_order":0,"comment_status":"closed","ping_status":"closed","template":"","meta":{"_monsterinsights_skip_tracking":false,"_monsterinsights_sitenote_active":false,"_monsterinsights_sitenote_note":"","_monsterinsights_sitenote_category":0,"footnotes":""},"class_list":["post-1550","page","type-page","status-publish","hentry"],"_links":{"self":[{"href":"https:\/\/www.ces.gob.ec\/index.php?rest_route=\/wp\/v2\/pages\/1550","targetHints":{"allow":["GET"]}}],"collection":[{"href":"https:\/\/www.ces.gob.ec\/index.php?rest_route=\/wp\/v2\/pages"}],"about":[{"href":"https:\/\/www.ces.gob.ec\/index.php?rest_route=\/wp\/v2\/types\/page"}],"author":[{"embeddable":true,"href":"https:\/\/www.ces.gob.ec\/index.php?rest_route=\/wp\/v2\/users\/1"}],"replies":[{"embeddable":true,"href":"https:\/\/www.ces.gob.ec\/index.php?rest_route=%2Fwp%2Fv2%2Fcomments&post=1550"}],"version-history":[{"count":6,"href":"https:\/\/www.ces.gob.ec\/index.php?rest_route=\/wp\/v2\/pages\/1550\/revisions"}],"predecessor-version":[{"id":5502,"href":"https:\/\/www.ces.gob.ec\/index.php?rest_route=\/wp\/v2\/pages\/1550\/revisions\/5502"}],"wp:attachment":[{"href":"https:\/\/www.ces.gob.ec\/index.php?rest_route=%2Fwp%2Fv2%2Fmedia&parent=1550"}],"curies":[{"name":"wp","href":"https:\/\/api.w.org\/{rel}","templated":true}]}}