{"id":1380,"date":"2019-06-06T11:45:46","date_gmt":"2019-06-06T17:45:46","guid":{"rendered":"https:\/\/www.ces.gob.ec\/?page_id=1380"},"modified":"2019-06-06T11:45:49","modified_gmt":"2019-06-06T17:45:49","slug":"rendicion-de-cuentas-periodo-2017","status":"publish","type":"page","link":"https:\/\/www.ces.gob.ec\/?page_id=1380","title":{"rendered":"Rendici\u00f3n de cuentas Periodo 2017"},"content":{"rendered":"\n<h3 class=\"wp-block-heading\"> Rendici\u00f3n de cuentas Periodo 2017 <\/h3>\n\n\n\t\t\t\t\t\t\t<h3 style=\"margin-bottom:20px;display:block;width:100%;margin-top:10px\">Rendici\u00f3n de cuentas Periodo 2017 <\/h3>\r\n\t\t\t\t\t\t<style>\r\n\t\t\t\t<style>\r\n#wpsm_accordion_1379 .wpsm_panel-heading{\r\n\tpadding:0px !important;\r\n}\r\n#wpsm_accordion_1379 .wpsm_panel-title {\r\n\tmargin:0px !important; \r\n\ttext-transform:none !important;\r\n\tline-height: 1 !important;\r\n}\r\n#wpsm_accordion_1379 .wpsm_panel-title a{\r\n\ttext-decoration:none;\r\n\toverflow:hidden;\r\n\tdisplay:block;\r\n\tpadding:0px;\r\n\tfont-size: 18px !important;\r\n\tfont-family: Open Sans !important;\r\n\tcolor:#000000 !important;\r\n\tborder-bottom:0px !important;\r\n}\r\n\r\n#wpsm_accordion_1379 .wpsm_panel-title a:focus {\r\noutline: 0px !important;\r\n}\r\n\r\n#wpsm_accordion_1379 .wpsm_panel-title a:hover, #wpsm_accordion_1379 .wpsm_panel-title a:focus {\r\n\tcolor:#000000 !important;\r\n}\r\n#wpsm_accordion_1379 .acc-a{\r\n\tcolor: #000000 !important;\r\n\tbackground-color:#e8e8e8 !important;\r\n\tborder-color: #ddd;\r\n}\r\n#wpsm_accordion_1379 .wpsm_panel-default > .wpsm_panel-heading{\r\n\tcolor: #000000 !important;\r\n\tbackground-color: #e8e8e8 !important;\r\n\tborder-color: #e8e8e8 !important;\r\n\tborder-top-left-radius: 0px;\r\n\tborder-top-right-radius: 0px;\r\n}\r\n#wpsm_accordion_1379 .wpsm_panel-default {\r\n\t\tborder:1px solid transparent !important;\r\n\t}\r\n#wpsm_accordion_1379 {\r\n\tmargin-bottom: 20px;\r\n\toverflow: hidden;\r\n\tfloat: none;\r\n\twidth: 100%;\r\n\tdisplay: block;\r\n}\r\n#wpsm_accordion_1379 .ac_title_class{\r\n\tdisplay: block;\r\n\tpadding-top: 12px;\r\n\tpadding-bottom: 12px;\r\n\tpadding-left: 15px;\r\n\tpadding-right: 15px;\r\n}\r\n#wpsm_accordion_1379  .wpsm_panel {\r\n\toverflow:hidden;\r\n\t-webkit-box-shadow: 0 0px 0px rgba(0, 0, 0, .05);\r\n\tbox-shadow: 0 0px 0px rgba(0, 0, 0, .05);\r\n\t\tborder-radius: 4px;\r\n\t}\r\n#wpsm_accordion_1379  .wpsm_panel + .wpsm_panel {\r\n\t\tmargin-top: 5px;\r\n\t}\r\n#wpsm_accordion_1379  .wpsm_panel-body{\r\n\tbackground-color:#ffffff !important;\r\n\tcolor:#000000 !important;\r\n\tborder-top-color: #e8e8e8 !important;\r\n\tfont-size:16px !important;\r\n\tfont-family: Open Sans !important;\r\n\toverflow: hidden;\r\n\t\tborder: 2px solid #e8e8e8 !important;\r\n\t}\r\n\r\n#wpsm_accordion_1379 .ac_open_cl_icon{\r\n\tbackground-color:#e8e8e8 !important;\r\n\tcolor: #000000 !important;\r\n\tfloat:right !important;\r\n\tpadding-top: 12px !important;\r\n\tpadding-bottom: 12px !important;\r\n\tline-height: 1.0 !important;\r\n\tpadding-left: 15px !important;\r\n\tpadding-right: 15px !important;\r\n\tdisplay: inline-block !important;\r\n}\r\n\r\n\t\t\t\r\n\t\t\t<\/style>\t\r\n\t\t\t<\/style>\r\n\t\t\t<div class=\"wpsm_panel-group\" id=\"wpsm_accordion_1379\" >\r\n\t\t\t\t\t\t\t\t\r\n\t\t\t\t\t<!-- Inner panel Start -->\r\n\t\t\t\t\t<div class=\"wpsm_panel wpsm_panel-default\">\r\n\t\t\t\t\t\t<div class=\"wpsm_panel-heading\" role=\"tab\" >\r\n\t\t\t\t\t\t  <h4 class=\"wpsm_panel-title\">\r\n\t\t\t\t\t\t\t<a  class=\"\"  data-toggle=\"collapse\" data-parent=\"#wpsm_accordion_1379 \" href=\"javascript:void(0)\" data-target=\"#ac_1379_collapse1\" onclick=\"do_resize()\">\r\n\t\t\t\t\t\t\t\t\t\t\t\t\t\t\t\t\t<span class=\"ac_open_cl_icon fa fa-minus\"><\/span>\r\n\t\t\t\t\t\t\t\t\t\r\n\t\t\t\t\t\t\t\t \r\n\t\t\t\t\t\t\t\t<span class=\"ac_title_class\">\r\n\t\t\t\t\t\t\t\t\t\t\t\t\t\t\t\t\t\t\t\t<span style=\"margin-right:6px;\" class=\"fa fa-calendar\"><\/span>\r\n\t\t\t\t\t\t\t\t\tFASE 0\t\t\t\t\t\t\t\t<\/span>\r\n\t\t\t\t\t\t\t<\/a>\r\n\t\t\t\t\t\t  <\/h4>\r\n\t\t\t\t\t\t<\/div>\r\n\t\t\t\t\t\t<div id=\"ac_1379_collapse1\" class=\"wpsm_panel-collapse collapse in\"  >\r\n\t\t\t\t\t\t  <div class=\"wpsm_panel-body\">\r\n\t\t\t\t\t\t\t<div class=\"pdf\"><a href=\"\/doc\/historico_LOTAIP\/Rendicion_de_cuentas\/Rendicion2017\/FASE_0\/Conformaci%c3%b3n%20del%20equipo%20responsable%20del%20evento%20p%c3%bablico%20de%20Rendici%c3%b3n%20de%20Cuentas.pdf\" target=\"_blank\" rel=\"noopener noreferrer\">Conformacio\u0301n del equipo responsable del evento pu\u0301blico de Rendicio\u0301n de Cuentas 2017<\/a><\/div>\r\n\r\n<div class=\"pdf\"><a href=\"\/doc\/historico_LOTAIP\/Rendicion_de_cuentas\/Rendicion2017\/FASE_0\/Metodolog%c3%ada%20rendici%c3%b3n%20de%20cuentas%202017.pdf\" target=\"_blank\" rel=\"noopener noreferrer\">Metodolog\u00eda rendici\u00f3n de cuentas 2017<\/a><\/div>\t\t\t\t\t\t  <\/div>\r\n\t\t\t\t\t\t<\/div>\r\n\t\t\t\t\t<\/div>\r\n\t\t\t\t\t<!-- Inner panel End -->\r\n\t\t\t\t\t\r\n\t\t\t\t\t\t\t\t\r\n\t\t\t\t\t<!-- Inner panel Start -->\r\n\t\t\t\t\t<div class=\"wpsm_panel wpsm_panel-default\">\r\n\t\t\t\t\t\t<div class=\"wpsm_panel-heading\" role=\"tab\" >\r\n\t\t\t\t\t\t  <h4 class=\"wpsm_panel-title\">\r\n\t\t\t\t\t\t\t<a  class=\"collapsed\"  data-toggle=\"collapse\" data-parent=\"#wpsm_accordion_1379 \" href=\"javascript:void(0)\" data-target=\"#ac_1379_collapse2\" onclick=\"do_resize()\">\r\n\t\t\t\t\t\t\t\t\t\t\t\t\t\t\t\t\t<span class=\"ac_open_cl_icon fa fa-plus\"><\/span>\r\n\t\t\t\t\t\t\t\t\t\r\n\t\t\t\t\t\t\t\t \r\n\t\t\t\t\t\t\t\t<span class=\"ac_title_class\">\r\n\t\t\t\t\t\t\t\t\t\t\t\t\t\t\t\t\t\t\t\t<span style=\"margin-right:6px;\" class=\"fa fa-calendar\"><\/span>\r\n\t\t\t\t\t\t\t\t\tFASE 1\t\t\t\t\t\t\t\t<\/span>\r\n\t\t\t\t\t\t\t<\/a>\r\n\t\t\t\t\t\t  <\/h4>\r\n\t\t\t\t\t\t<\/div>\r\n\t\t\t\t\t\t<div id=\"ac_1379_collapse2\" class=\"wpsm_panel-collapse collapse \"  >\r\n\t\t\t\t\t\t  <div class=\"wpsm_panel-body\">\r\n\t\t\t\t\t\t\t<div class=\"pdf\"><a href=\"\/doc\/historico_LOTAIP\/Rendicion_de_cuentas\/Rendicion2017\/FASE_1\/Invitaci%c3%b3n%20a%20la%20rendici%c3%b3n%20de%20cuentas%202017.pdf\" target=\"_blank\" rel=\"noopener noreferrer\">Invitaci\u00f3n a la rendici\u00f3n de cuentas 2017<\/a><\/div>\r\n\r\n<div class=\"pdf\"><a href=\"\/doc\/historico_LOTAIP\/Rendicion_de_cuentas\/Rendicion2017\/FASE_1\/Agenda%20del%20evento.pdf\" target=\"_blank\" rel=\"noopener noreferrer\">Agenda del evento<\/a><\/div>\r\n\r\n<div class=\"pdf\"><a href=\"\/doc\/historico_LOTAIP\/Rendicion_de_cuentas\/Rendicion2017\/FASE_1\/Listado%20de%20invitados%20a%20rendici%c3%b3n%20de%20cuentas%202017.pdf\" target=\"_blank\" rel=\"noopener noreferrer\">Listado de invitados a rendici\u00f3n de cuentas 2017<\/a><\/div>\t\t\t\t\t\t  <\/div>\r\n\t\t\t\t\t\t<\/div>\r\n\t\t\t\t\t<\/div>\r\n\t\t\t\t\t<!-- Inner panel End -->\r\n\t\t\t\t\t\r\n\t\t\t\t\t\t\t\t\r\n\t\t\t\t\t<!-- Inner panel Start -->\r\n\t\t\t\t\t<div class=\"wpsm_panel wpsm_panel-default\">\r\n\t\t\t\t\t\t<div class=\"wpsm_panel-heading\" role=\"tab\" >\r\n\t\t\t\t\t\t  <h4 class=\"wpsm_panel-title\">\r\n\t\t\t\t\t\t\t<a  class=\"collapsed\"  data-toggle=\"collapse\" data-parent=\"#wpsm_accordion_1379 \" href=\"javascript:void(0)\" data-target=\"#ac_1379_collapse3\" onclick=\"do_resize()\">\r\n\t\t\t\t\t\t\t\t\t\t\t\t\t\t\t\t\t<span class=\"ac_open_cl_icon fa fa-plus\"><\/span>\r\n\t\t\t\t\t\t\t\t\t\r\n\t\t\t\t\t\t\t\t \r\n\t\t\t\t\t\t\t\t<span class=\"ac_title_class\">\r\n\t\t\t\t\t\t\t\t\t\t\t\t\t\t\t\t\t\t\t\t<span style=\"margin-right:6px;\" class=\"fa fa-calendar\"><\/span>\r\n\t\t\t\t\t\t\t\t\tFASE 2\t\t\t\t\t\t\t\t<\/span>\r\n\t\t\t\t\t\t\t<\/a>\r\n\t\t\t\t\t\t  <\/h4>\r\n\t\t\t\t\t\t<\/div>\r\n\t\t\t\t\t\t<div id=\"ac_1379_collapse3\" class=\"wpsm_panel-collapse collapse \"  >\r\n\t\t\t\t\t\t  <div class=\"wpsm_panel-body\">\r\n\t\t\t\t\t\t\t<div class=\"pdf\"><a href=\"\/doc\/historico_LOTAIP\/Rendicion_de_cuentas\/Rendicion2017\/FASE_2\/Presentaci%c3%b3n%20del%20evento%20de%20rendici%c3%b3n%20de%20cuentas%202017.pdf\" target=\"_blank\" rel=\"noopener noreferrer\">Presentaci\u00f3n del evento de rendici\u00f3n de cuentas 2017<\/a><\/div>\r\n\r\n<div class=\"pdf\"><a href=\"\/doc\/historico_LOTAIP\/Rendicion_de_cuentas\/Rendicion2017\/FASE_2\/Listado%20de%20asistencia%20rendici%c3%b3n%20de%20cuentas%202017.pdf\" target=\"_blank\" rel=\"noopener noreferrer\">Listado de asistencia rendici\u00f3n de cuentas 2017<\/a><\/div>\r\n\r\n<div class=\"pdf\"><a href=\"\/doc\/historico_LOTAIP\/Rendicion_de_cuentas\/Rendicion2017\/FASE_2\/Memoria%20publicaciones%20pagina%20web%20del%20evento%20p%c3%bablico%20de%20rendicion%20de%20cuentas%202017.pdf\" target=\"_blank\" rel=\"noopener noreferrer\">Memoria publicaciones p\u00e1gina web del evento p\u00fablico de rendici\u00f3n de cuentas 2018<\/a><\/div>\t\t\t\t\t\t  <\/div>\r\n\t\t\t\t\t\t<\/div>\r\n\t\t\t\t\t<\/div>\r\n\t\t\t\t\t<!-- Inner panel End -->\r\n\t\t\t\t\t\r\n\t\t\t\t\t\t\t\t\r\n\t\t\t\t\t<!-- Inner panel Start -->\r\n\t\t\t\t\t<div class=\"wpsm_panel wpsm_panel-default\">\r\n\t\t\t\t\t\t<div class=\"wpsm_panel-heading\" role=\"tab\" >\r\n\t\t\t\t\t\t  <h4 class=\"wpsm_panel-title\">\r\n\t\t\t\t\t\t\t<a  class=\"collapsed\"  data-toggle=\"collapse\" data-parent=\"#wpsm_accordion_1379 \" href=\"javascript:void(0)\" data-target=\"#ac_1379_collapse4\" onclick=\"do_resize()\">\r\n\t\t\t\t\t\t\t\t\t\t\t\t\t\t\t\t\t<span class=\"ac_open_cl_icon fa fa-plus\"><\/span>\r\n\t\t\t\t\t\t\t\t\t\r\n\t\t\t\t\t\t\t\t \r\n\t\t\t\t\t\t\t\t<span class=\"ac_title_class\">\r\n\t\t\t\t\t\t\t\t\t\t\t\t\t\t\t\t\t\t\t\t<span style=\"margin-right:6px;\" class=\"fa fa-calendar\"><\/span>\r\n\t\t\t\t\t\t\t\t\tFASE 3\t\t\t\t\t\t\t\t<\/span>\r\n\t\t\t\t\t\t\t<\/a>\r\n\t\t\t\t\t\t  <\/h4>\r\n\t\t\t\t\t\t<\/div>\r\n\t\t\t\t\t\t<div id=\"ac_1379_collapse4\" class=\"wpsm_panel-collapse collapse \"  >\r\n\t\t\t\t\t\t  <div class=\"wpsm_panel-body\">\r\n\t\t\t\t\t\t\t<div class=\"pdf\"><a href=\"\/doc\/historico_LOTAIP\/Rendicion_de_cuentas\/Rendicion2017\/FASE_3\/A\/Cedula%20presupuestaria%20de%20ejecuci%C3%B3n%202017.pdf\" target=\"_blank\" rel=\"noopener noreferrer\">C\u00e9dula de ejecuci\u00f3n presupuestaria 2017<\/a><\/div>\r\n<div class=\"pdf\"><a href=\"\/doc\/historico_LOTAIP\/Rendicion_de_cuentas\/Rendicion2017\/FASE_3\/B\/TRASPASOS%202017.pdf\" target=\"_blank\" rel=\"noopener noreferrer\">Enajenacio\u0301n, Donaciones y Expropiaciones de Bienes<\/a><\/div>\r\n<div class=\"pdf\"><a href=\"\/doc\/historico_LOTAIP\/Rendicion_de_cuentas\/Rendicion2017\/FASE_3\/Informe%20de%20rendici%C3%B3n%20de%20cuentas%202017%20%20No.%204760.pdf\" target=\"_blank\" rel=\"noopener noreferrer\">Informe de rendici\u00f3n de cuentas Nro. 4760 periodo 2017<\/a><\/div>\r\n\r\n<hr \/>\r\n\r\n<b>Recomendaciones y Dicta\u0301menes<\/b>\r\n\r\n<hr \/>\r\n\r\n<div class=\"pdf\"><a href=\"\/doc\/historico_LOTAIP\/Rendicion_de_cuentas\/Rendicion2017\/FASE_3\/C\/CES-CES-2018-0019-CO.pdf\" target=\"_blank\" rel=\"noopener noreferrer\">CES-CES-2018-0019-CO<\/a><\/div>\r\n<div class=\"pdf\"><a href=\"\/doc\/historico_LOTAIP\/Rendicion_de_cuentas\/Rendicion2017\/FASE_3\/C\/CES-CES-2018-0095-CO.pdf\" target=\"_blank\" rel=\"noopener noreferrer\">CES-CES-2018-0095-CO<\/a><\/div>\r\n<div class=\"pdf\"><a href=\"\/doc\/historico_LOTAIP\/Rendicion_de_cuentas\/Rendicion2017\/FASE_3\/C\/RPC-SO-41-No.759-2017.pdf\" target=\"_blank\" rel=\"noopener noreferrer\">RPC-SO-41-No.759-2017<\/a><\/div>\t\t\t\t\t\t  <\/div>\r\n\t\t\t\t\t\t<\/div>\r\n\t\t\t\t\t<\/div>\r\n\t\t\t\t\t<!-- Inner panel End -->\r\n\t\t\t\t\t\r\n\t\t\t\t\t\t\t<\/div>\r\n\t\t\t\r\n<script type=\"text\/javascript\">\r\n\t\r\n\t\tfunction do_resize(){\r\n\r\n\t\t\tvar width=jQuery( '.wpsm_panel .wpsm_panel-body iframe' ).width();\r\n\t\t\tvar height=jQuery( '.wpsm_panel .wpsm_panel-body iframe' ).height();\r\n\r\n\t\t\tvar toggleSize = true;\r\n\t\t\tjQuery('iframe').animate({\r\n\t\t\t    width: toggleSize ? width : 640,\r\n\t\t\t    height: toggleSize ? height : 360\r\n\t\t\t  }, 250);\r\n\r\n\t\t\t  toggleSize = !toggleSize;\r\n\t\t}\r\n\t\t\r\n<\/script>\t\n","protected":false},"excerpt":{"rendered":"<p>Rendici\u00f3n de cuentas Periodo 2017<\/p>\n","protected":false},"author":1,"featured_media":0,"parent":0,"menu_order":0,"comment_status":"closed","ping_status":"closed","template":"","meta":{"_monsterinsights_skip_tracking":false,"_monsterinsights_sitenote_active":false,"_monsterinsights_sitenote_note":"","_monsterinsights_sitenote_category":0,"footnotes":""},"class_list":["post-1380","page","type-page","status-publish","hentry"],"_links":{"self":[{"href":"https:\/\/www.ces.gob.ec\/index.php?rest_route=\/wp\/v2\/pages\/1380","targetHints":{"allow":["GET"]}}],"collection":[{"href":"https:\/\/www.ces.gob.ec\/index.php?rest_route=\/wp\/v2\/pages"}],"about":[{"href":"https:\/\/www.ces.gob.ec\/index.php?rest_route=\/wp\/v2\/types\/page"}],"author":[{"embeddable":true,"href":"https:\/\/www.ces.gob.ec\/index.php?rest_route=\/wp\/v2\/users\/1"}],"replies":[{"embeddable":true,"href":"https:\/\/www.ces.gob.ec\/index.php?rest_route=%2Fwp%2Fv2%2Fcomments&post=1380"}],"version-history":[{"count":1,"href":"https:\/\/www.ces.gob.ec\/index.php?rest_route=\/wp\/v2\/pages\/1380\/revisions"}],"predecessor-version":[{"id":1381,"href":"https:\/\/www.ces.gob.ec\/index.php?rest_route=\/wp\/v2\/pages\/1380\/revisions\/1381"}],"wp:attachment":[{"href":"https:\/\/www.ces.gob.ec\/index.php?rest_route=%2Fwp%2Fv2%2Fmedia&parent=1380"}],"curies":[{"name":"wp","href":"https:\/\/api.w.org\/{rel}","templated":true}]}}