{"id":1274,"date":"2019-06-05T15:29:10","date_gmt":"2019-06-05T21:29:10","guid":{"rendered":"https:\/\/www.ces.gob.ec\/?page_id=1274"},"modified":"2026-03-12T08:51:14","modified_gmt":"2026-03-12T13:51:14","slug":"rendicion-de-cuentas","status":"publish","type":"page","link":"https:\/\/www.ces.gob.ec\/?page_id=1274","title":{"rendered":"Rendici\u00f3n de cuentas"},"content":{"rendered":"\n<h3 class=\"wp-block-heading\"> Rendici\u00f3n de cuentas <\/h3>\n\n\n\n<div class=\"caja\">\n<ul class=\"rss\">\n<li><a href=\"?page_id=6826\" rel=\"noopener\">Rendici\u00f3n de cuentas Periodo 2025<\/a><\/li>\n<\/ul>\n<\/div>\n\n\n\n<div class=\"caja\">\n<ul class=\"rss\">\n<li><a href=\"?page_id=6351\">Rendici\u00f3n de cuentas Periodo 2024<\/a><\/li>\n<\/ul>\n<\/div>\n\n\n\n<div class=\"caja\">\n<ul class=\"rss\">\n<li><a href=\"?page_id=5917\">Rendici\u00f3n de cuentas Periodo 2023<\/a><\/li>\n<\/ul>\n<\/div>\n\n\n\n<div class=\"caja\">\n<ul class=\"rss\">\n<li><a href=\"?page_id=5274\">Rendici\u00f3n de cuentas Periodo 2022<\/a><\/li>\n<\/ul>\n<\/div>\n\n\n\n<div class=\"caja\">\n<ul class=\"rss\">\n<li><a href=\"?page_id=4500\">Rendici\u00f3n de cuentas Periodo 2021<\/a><\/li>\n<\/ul>\n<\/div>\n\n\n\n<div class=\"caja\">\n<ul class=\"rss\">\n<li><a href=\"?page_id=3997\">Rendici\u00f3n de cuentas Periodo 2020<\/a><\/li>\n<\/ul>\n<\/div>\n\n\n\n<div class=\"caja\">\n<ul class=\"rss\">\n<li><a href=\"?page_id=3175\">Rendici\u00f3n de cuentas Periodo 2019<\/a><\/li>\n<\/ul>\n<\/div>\n\n\n\n<div class=\"caja\">\n<ul class=\"rss\">\n<li><a href=\"?page_id=1371\">Rendici\u00f3n de cuentas Periodo 2018<\/a><\/li>\n<\/ul>\n<\/div>\n\n\n\n<div class=\"caja\">\n<ul class=\"rss\">\n<li><a href=\"?page_id=1380\">Rendici\u00f3n de cuentas Periodo 2017<\/a><\/li>\n<\/ul>\n<\/div>\n\n\n\n<div class=\"caja\">\n<ul class=\"rss\">\n<li><a href=\"?page_id=2156\">Rendici\u00f3n de cuentas 2016<\/a><\/li>\n<\/ul>\n<\/div>\n\n\n\n<div class=\"caja\">\n<ul class=\"rss\">\n<li><a href=\"?page_id=2540\">Rendici\u00f3n de cuentas 2015<\/a><\/li>\n<\/ul>\n<\/div>\n\n\n\n<div class=\"caja\">\n<ul class=\"rss\">\n<li><a href=\"?page_id=2543\">Rendici\u00f3n de cuentas 2014<\/a><\/li>\n<\/ul>\n<\/div>\n\n\n\n<div class=\"caja\">\n<ul class=\"rss\">\n<li><a href=\"?page_id=2546\">Rendici\u00f3n de cuentas 2013<\/a><\/li>\n<\/ul>\n<\/div>\n\n\n\n<div class=\"caja\">\n<ul class=\"rss\">\n<li><a href=\"?page_id=2548\">Rendici\u00f3n de cuentas 2012<\/a><\/li>\n<\/ul>\n<\/div>\n","protected":false},"excerpt":{"rendered":"<p>Rendici\u00f3n de cuentas Rendici\u00f3n de cuentas Periodo 2025 Rendici\u00f3n de cuentas Periodo 2024 Rendici\u00f3n de cuentas Periodo 2023 Rendici\u00f3n de cuentas Periodo 2022 Rendici\u00f3n de cuentas Periodo 2021 Rendici\u00f3n de cuentas Periodo 2020 Rendici\u00f3n de cuentas Periodo 2019 Rendici\u00f3n de cuentas Periodo 2018 Rendici\u00f3n de cuentas Periodo 2017 Rendici\u00f3n de cuentas 2016 Rendici\u00f3n de cuentas <a class=\"read-more\" href=\"https:\/\/www.ces.gob.ec\/?page_id=1274\">Read More<\/a><\/p>\n","protected":false},"author":1,"featured_media":0,"parent":0,"menu_order":0,"comment_status":"closed","ping_status":"closed","template":"","meta":{"_monsterinsights_skip_tracking":false,"_monsterinsights_sitenote_active":false,"_monsterinsights_sitenote_note":"","_monsterinsights_sitenote_category":0,"footnotes":""},"class_list":["post-1274","page","type-page","status-publish","hentry"],"_links":{"self":[{"href":"https:\/\/www.ces.gob.ec\/index.php?rest_route=\/wp\/v2\/pages\/1274","targetHints":{"allow":["GET"]}}],"collection":[{"href":"https:\/\/www.ces.gob.ec\/index.php?rest_route=\/wp\/v2\/pages"}],"about":[{"href":"https:\/\/www.ces.gob.ec\/index.php?rest_route=\/wp\/v2\/types\/page"}],"author":[{"embeddable":true,"href":"https:\/\/www.ces.gob.ec\/index.php?rest_route=\/wp\/v2\/users\/1"}],"replies":[{"embeddable":true,"href":"https:\/\/www.ces.gob.ec\/index.php?rest_route=%2Fwp%2Fv2%2Fcomments&post=1274"}],"version-history":[{"count":104,"href":"https:\/\/www.ces.gob.ec\/index.php?rest_route=\/wp\/v2\/pages\/1274\/revisions"}],"predecessor-version":[{"id":6835,"href":"https:\/\/www.ces.gob.ec\/index.php?rest_route=\/wp\/v2\/pages\/1274\/revisions\/6835"}],"wp:attachment":[{"href":"https:\/\/www.ces.gob.ec\/index.php?rest_route=%2Fwp%2Fv2%2Fmedia&parent=1274"}],"curies":[{"name":"wp","href":"https:\/\/api.w.org\/{rel}","templated":true}]}}