{"id":1130,"date":"2019-06-04T14:14:48","date_gmt":"2019-06-04T20:14:48","guid":{"rendered":"https:\/\/www.ces.gob.ec\/?page_id=1130"},"modified":"2020-04-22T14:41:44","modified_gmt":"2020-04-22T20:41:44","slug":"noticias","status":"publish","type":"page","link":"https:\/\/www.ces.gob.ec\/?page_id=1130","title":{"rendered":"Noticias"},"content":{"rendered":"\n<div class=\"wp-block-group is-layout-flow wp-block-group-is-layout-flow\"><div class=\"wp-block-group__inner-container\"><\/div><\/div>\n\n\n\n<div class=\"wp-block-columns is-layout-flex wp-container-core-columns-is-layout-9d6595d7 wp-block-columns-is-layout-flex\">\n<div class=\"wp-block-column is-layout-flow wp-block-column-is-layout-flow\" style=\"flex-basis:60%\">\n<h3 class=\"wp-block-heading\">Noticias<\/h3>\n\n\n\n<p><\/p>\n<\/div>\n\n\n\n<div class=\"wp-block-column is-layout-flow wp-block-column-is-layout-flow\"><div class=\"asl_w_container asl_w_container_1\" data-id=\"1\" data-instance=\"1\">\n\t<div id='ajaxsearchlite1'\n\t\tdata-id=\"1\"\n\t\tdata-instance=\"1\"\n\t\tclass=\"asl_w asl_m asl_m_1 asl_m_1_1\">\n\t\t<div class=\"probox\">\n\n\t\n\t<div class='prosettings' style='display:none;' data-opened=0>\n\t\t\t\t<div class='innericon'>\n\t\t\t<svg version=\"1.1\" xmlns=\"http:\/\/www.w3.org\/2000\/svg\" xmlns:xlink=\"http:\/\/www.w3.org\/1999\/xlink\" x=\"0px\" y=\"0px\" width=\"22\" height=\"22\" viewBox=\"0 0 512 512\" enable-background=\"new 0 0 512 512\" xml:space=\"preserve\">\n\t\t\t\t\t<polygon transform = \"rotate(90 256 256)\" points=\"142.332,104.886 197.48,50 402.5,256 197.48,462 142.332,407.113 292.727,256 \"\/>\n\t\t\t\t<\/svg>\n\t\t<\/div>\n\t<\/div>\n\n\t\n\t\n\t<div class='proinput'>\n\t\t<form role=\"search\" action='#' autocomplete=\"off\"\n\t\t\t\taria-label=\"Search form\">\n\t\t\t<input aria-label=\"Search input\"\n\t\t\t\t\ttype='search' class='orig'\n\t\t\t\t\ttabindex=\"0\"\n\t\t\t\t\tname='phrase'\n\t\t\t\t\tplaceholder='Buscador de noticias'\n\t\t\t\t\tvalue=''\n\t\t\t\t\tautocomplete=\"off\"\/>\n\t\t\t<input aria-label=\"Search autocomplete input\"\n\t\t\t\t\ttype='text'\n\t\t\t\t\tclass='autocomplete'\n\t\t\t\t\ttabindex=\"-1\"\n\t\t\t\t\tname='phrase'\n\t\t\t\t\tvalue=''\n\t\t\t\t\tautocomplete=\"off\" disabled\/>\n\t\t\t<input type='submit' value=\"Start search\" style='width:0; height: 0; visibility: hidden;'>\n\t\t<\/form>\n\t<\/div>\n\n\t\n\t\n\t<button class='promagnifier' tabindex=\"0\" aria-label=\"Search magnifier button\">\n\t\t\t\t<span class='innericon' style=\"display:block;\">\n\t\t\t<svg version=\"1.1\" xmlns=\"http:\/\/www.w3.org\/2000\/svg\" xmlns:xlink=\"http:\/\/www.w3.org\/1999\/xlink\" x=\"0px\" y=\"0px\" width=\"22\" height=\"22\" viewBox=\"0 0 512 512\" enable-background=\"new 0 0 512 512\" xml:space=\"preserve\">\n\t\t\t\t\t<path d=\"M460.355,421.59L353.844,315.078c20.041-27.553,31.885-61.437,31.885-98.037\n\t\t\t\t\t\tC385.729,124.934,310.793,50,218.686,50C126.58,50,51.645,124.934,51.645,217.041c0,92.106,74.936,167.041,167.041,167.041\n\t\t\t\t\t\tc34.912,0,67.352-10.773,94.184-29.158L419.945,462L460.355,421.59z M100.631,217.041c0-65.096,52.959-118.056,118.055-118.056\n\t\t\t\t\t\tc65.098,0,118.057,52.959,118.057,118.056c0,65.096-52.959,118.056-118.057,118.056C153.59,335.097,100.631,282.137,100.631,217.041\n\t\t\t\t\t\tz\"\/>\n\t\t\t\t<\/svg>\n\t\t<\/span>\n\t<\/button>\n\n\t\n\t\n\t<div class='proloading'>\n\n\t\t<div class=\"asl_loader\"><div class=\"asl_loader-inner asl_simple-circle\"><\/div><\/div>\n\n\t\t\t<\/div>\n\n\t\t\t<div class='proclose'>\n\t\t\t<svg version=\"1.1\" xmlns=\"http:\/\/www.w3.org\/2000\/svg\" xmlns:xlink=\"http:\/\/www.w3.org\/1999\/xlink\" x=\"0px\"\n\t\t\t\ty=\"0px\"\n\t\t\t\twidth=\"12\" height=\"12\" viewBox=\"0 0 512 512\" enable-background=\"new 0 0 512 512\"\n\t\t\t\txml:space=\"preserve\">\n\t\t\t\t<polygon points=\"438.393,374.595 319.757,255.977 438.378,137.348 374.595,73.607 255.995,192.225 137.375,73.622 73.607,137.352 192.246,255.983 73.622,374.625 137.352,438.393 256.002,319.734 374.652,438.378 \"\/>\n\t\t\t<\/svg>\n\t\t<\/div>\n\t\n\t\n<\/div>\t<\/div>\n\t<div class='asl_data_container' style=\"display:none !important;\">\n\t\t<div class=\"asl_init_data wpdreams_asl_data_ct\"\n\tstyle=\"display:none !important;\"\n\tid=\"asl_init_id_1\"\n\tdata-asl-id=\"1\"\n\tdata-asl-instance=\"1\"\n\tdata-settings=\"{&quot;homeurl&quot;:&quot;https:\\\/\\\/www.ces.gob.ec\\\/&quot;,&quot;resultstype&quot;:&quot;vertical&quot;,&quot;resultsposition&quot;:&quot;hover&quot;,&quot;itemscount&quot;:4,&quot;charcount&quot;:0,&quot;highlight&quot;:false,&quot;highlightWholewords&quot;:true,&quot;singleHighlight&quot;:false,&quot;scrollToResults&quot;:{&quot;enabled&quot;:false,&quot;offset&quot;:0},&quot;resultareaclickable&quot;:1,&quot;autocomplete&quot;:{&quot;enabled&quot;:true,&quot;lang&quot;:&quot;en&quot;,&quot;trigger_charcount&quot;:0},&quot;mobile&quot;:{&quot;menu_selector&quot;:&quot;#menu-toggle&quot;},&quot;trigger&quot;:{&quot;click&quot;:&quot;results_page&quot;,&quot;click_location&quot;:&quot;same&quot;,&quot;update_href&quot;:false,&quot;return&quot;:&quot;results_page&quot;,&quot;return_location&quot;:&quot;same&quot;,&quot;facet&quot;:true,&quot;type&quot;:true,&quot;redirect_url&quot;:&quot;?s={phrase}&quot;,&quot;delay&quot;:300},&quot;animations&quot;:{&quot;pc&quot;:{&quot;settings&quot;:{&quot;anim&quot;:&quot;fadedrop&quot;,&quot;dur&quot;:300},&quot;results&quot;:{&quot;anim&quot;:&quot;fadedrop&quot;,&quot;dur&quot;:300},&quot;items&quot;:&quot;voidanim&quot;},&quot;mob&quot;:{&quot;settings&quot;:{&quot;anim&quot;:&quot;fadedrop&quot;,&quot;dur&quot;:300},&quot;results&quot;:{&quot;anim&quot;:&quot;fadedrop&quot;,&quot;dur&quot;:300},&quot;items&quot;:&quot;voidanim&quot;}},&quot;autop&quot;:{&quot;state&quot;:true,&quot;phrase&quot;:&quot;&quot;,&quot;count&quot;:&quot;1&quot;},&quot;resPage&quot;:{&quot;useAjax&quot;:false,&quot;selector&quot;:&quot;#main&quot;,&quot;trigger_type&quot;:true,&quot;trigger_facet&quot;:true,&quot;trigger_magnifier&quot;:false,&quot;trigger_return&quot;:false},&quot;resultsSnapTo&quot;:&quot;left&quot;,&quot;results&quot;:{&quot;width&quot;:&quot;auto&quot;,&quot;width_tablet&quot;:&quot;auto&quot;,&quot;width_phone&quot;:&quot;auto&quot;},&quot;settingsimagepos&quot;:&quot;right&quot;,&quot;closeOnDocClick&quot;:true,&quot;overridewpdefault&quot;:false,&quot;override_method&quot;:&quot;get&quot;}\"><\/div>\n\t<div id=\"asl_hidden_data\">\n\t\t<svg style=\"position:absolute\" height=\"0\" width=\"0\">\n\t\t\t<filter id=\"aslblur\">\n\t\t\t\t<feGaussianBlur in=\"SourceGraphic\" stdDeviation=\"4\"\/>\n\t\t\t<\/filter>\n\t\t<\/svg>\n\t\t<svg style=\"position:absolute\" height=\"0\" width=\"0\">\n\t\t\t<filter id=\"no_aslblur\"><\/filter>\n\t\t<\/svg>\n\t<\/div>\n\t<\/div>\n\n\t<div id='ajaxsearchliteres1'\n\tclass='vertical wpdreams_asl_results asl_w asl_r asl_r_1 asl_r_1_1'>\n\n\t\n\t<div class=\"results\">\n\n\t\t\n\t\t<div class=\"resdrg\">\n\t\t<\/div>\n\n\t\t\n\t<\/div>\n\n\t\n\t\n<\/div>\n\n\t<div id='__original__ajaxsearchlitesettings1'\n\t\tdata-id=\"1\"\n\t\tclass=\"searchsettings wpdreams_asl_settings asl_w asl_s asl_s_1\">\n\t\t<form name='options'\n\t\taria-label=\"Search settings form\"\n\t\tautocomplete = 'off'>\n\n\t\n\t\n\t<input type=\"hidden\" name=\"filters_changed\" style=\"display:none;\" value=\"0\">\n\t<input type=\"hidden\" name=\"filters_initial\" style=\"display:none;\" value=\"1\">\n\n\t<div class=\"asl_option_inner hiddend\">\n\t\t<input type='hidden' name='qtranslate_lang' id='qtranslate_lang'\n\t\t\t\tvalue='0'\/>\n\t<\/div>\n\n\t\n\t\n\t<fieldset class=\"asl_sett_scroll\">\n\t\t<legend style=\"display: none;\">Generic selectors<\/legend>\n\t\t<div class=\"asl_option\" tabindex=\"0\">\n\t\t\t<div class=\"asl_option_inner\">\n\t\t\t\t<input type=\"checkbox\" value=\"exact\"\n\t\t\t\t\t\taria-label=\"Exact matches only\"\n\t\t\t\t\t\tname=\"asl_gen[]\" \/>\n\t\t\t\t<div class=\"asl_option_checkbox\"><\/div>\n\t\t\t<\/div>\n\t\t\t<div class=\"asl_option_label\">\n\t\t\t\tExact matches only\t\t\t<\/div>\n\t\t<\/div>\n\t\t<div class=\"asl_option\" tabindex=\"0\">\n\t\t\t<div class=\"asl_option_inner\">\n\t\t\t\t<input type=\"checkbox\" value=\"title\"\n\t\t\t\t\t\taria-label=\"Search in title\"\n\t\t\t\t\t\tname=\"asl_gen[]\"  checked=\"checked\"\/>\n\t\t\t\t<div class=\"asl_option_checkbox\"><\/div>\n\t\t\t<\/div>\n\t\t\t<div class=\"asl_option_label\">\n\t\t\t\tSearch in title\t\t\t<\/div>\n\t\t<\/div>\n\t\t<div class=\"asl_option\" tabindex=\"0\">\n\t\t\t<div class=\"asl_option_inner\">\n\t\t\t\t<input type=\"checkbox\" value=\"content\"\n\t\t\t\t\t\taria-label=\"Search in content\"\n\t\t\t\t\t\tname=\"asl_gen[]\"  checked=\"checked\"\/>\n\t\t\t\t<div class=\"asl_option_checkbox\"><\/div>\n\t\t\t<\/div>\n\t\t\t<div class=\"asl_option_label\">\n\t\t\t\tSearch in content\t\t\t<\/div>\n\t\t<\/div>\n\t\t<div class=\"asl_option_inner hiddend\">\n\t\t\t<input type=\"checkbox\" value=\"excerpt\"\n\t\t\t\t\taria-label=\"Search in excerpt\"\n\t\t\t\t\tname=\"asl_gen[]\"  checked=\"checked\"\/>\n\t\t\t<div class=\"asl_option_checkbox\"><\/div>\n\t\t<\/div>\n\t<\/fieldset>\n\t<fieldset class=\"asl_sett_scroll\">\n\t\t<legend style=\"display: none;\">Post Type Selectors<\/legend>\n\t\t\t\t\t<div class=\"asl_option_inner hiddend\">\n\t\t\t\t<input type=\"checkbox\" value=\"te_announcements\"\n\t\t\t\t\t\taria-label=\"Hidden option, ignore please\"\n\t\t\t\t\t\tname=\"customset[]\" checked=\"checked\"\/>\n\t\t\t<\/div>\n\t\t\t\t<\/fieldset>\n\t<\/form>\n\t<\/div>\n<\/div>\n\n<\/div>\n<\/div>\n\n\n\n<hr class=\"wp-block-separator\"\/>\n\n\n<style>.wp-show-posts-columns#wpsp-2554 {margin-left: -2em; }.wp-show-posts-columns#wpsp-2554 .wp-show-posts-inner {margin: 0 0 2em 2em; }<\/style><section id=\"wpsp-2554\" class=\" wp-show-posts-columns wp-show-posts\" style=\"\"><article class=\" wp-show-posts-single post-6692 te_announcements type-te_announcements status-publish hentry wpsp-col-6\" itemtype=\"http:\/\/schema.org\/CreativeWork\" itemscope><div class=\"wp-show-posts-inner\" style=\"\">\t\t\t\t\t\t<header class=\"wp-show-posts-entry-header\">\n\t\t\t\t\t\t\t<h5 class=\"wp-show-posts-entry-title\" itemprop=\"headline\"><a href=\"https:\/\/www.ces.gob.ec\/?te_announcements=ces-aprueba-la-actualizacion-del-plan-de-desarrollo-del-sistema-de-educacion-superior-2022-2027\" rel=\"bookmark\">CES APRUEBA LA ACTUALIZACI\u00d3N DEL PLAN DE DESARROLLO DEL SISTEMA  DE EDUCACI\u00d3N SUPERIOR 2022\u20132027<\/a><\/h5>\t\t\t\t\t\t<\/header><!-- .entry-header -->\n\t\t\t\t\t<div class=\"wpsp-read-more\"><a title=\"CES APRUEBA LA ACTUALIZACI\u00d3N DEL PLAN DE DESARROLLO DEL SISTEMA  DE EDUCACI\u00d3N SUPERIOR 2022\u20132027\" class=\"wp-show-posts-read-more\" href=\"https:\/\/www.ces.gob.ec\/?te_announcements=ces-aprueba-la-actualizacion-del-plan-de-desarrollo-del-sistema-de-educacion-superior-2022-2027\">LEER M\u00c1S<\/a><\/div><\/div><!-- wp-show-posts-inner --><\/article><article class=\" wp-show-posts-single post-6673 te_announcements type-te_announcements status-publish hentry wpsp-col-6\" itemtype=\"http:\/\/schema.org\/CreativeWork\" itemscope><div class=\"wp-show-posts-inner\" style=\"\">\t\t\t\t\t\t<header class=\"wp-show-posts-entry-header\">\n\t\t\t\t\t\t\t<h5 class=\"wp-show-posts-entry-title\" itemprop=\"headline\"><a href=\"https:\/\/www.ces.gob.ec\/?te_announcements=fidel-marquez-designado-como-nuevo-presidente-del-consejo-de-educacion-superior\" rel=\"bookmark\">FIDEL M\u00c1RQUEZ, DESIGNADO COMO NUEVO PRESIDENTE DEL CONSEJO DE EDUCACI\u00d3N SUPERIOR<\/a><\/h5>\t\t\t\t\t\t<\/header><!-- .entry-header -->\n\t\t\t\t\t<div class=\"wpsp-read-more\"><a title=\"FIDEL M\u00c1RQUEZ, DESIGNADO COMO NUEVO PRESIDENTE DEL CONSEJO DE EDUCACI\u00d3N SUPERIOR\" class=\"wp-show-posts-read-more\" href=\"https:\/\/www.ces.gob.ec\/?te_announcements=fidel-marquez-designado-como-nuevo-presidente-del-consejo-de-educacion-superior\">LEER M\u00c1S<\/a><\/div><\/div><!-- wp-show-posts-inner --><\/article><article class=\" wp-show-posts-single post-6659 te_announcements type-te_announcements status-publish hentry wpsp-col-6\" itemtype=\"http:\/\/schema.org\/CreativeWork\" itemscope><div class=\"wp-show-posts-inner\" style=\"\">\t\t\t\t\t\t<header class=\"wp-show-posts-entry-header\">\n\t\t\t\t\t\t\t<h5 class=\"wp-show-posts-entry-title\" itemprop=\"headline\"><a href=\"https:\/\/www.ces.gob.ec\/?te_announcements=ces-reune-a-rectoras-y-rectores-para-fortalecer-el-sistema-de-educacion-superior\" rel=\"bookmark\">CES RE\u00daNE A RECTORAS Y RECTORES PARA FORTALECER EL SISTEMA DE EDUCACI\u00d3N SUPERIOR<\/a><\/h5>\t\t\t\t\t\t<\/header><!-- .entry-header -->\n\t\t\t\t\t<div class=\"wpsp-read-more\"><a title=\"CES RE\u00daNE A RECTORAS Y RECTORES PARA FORTALECER EL SISTEMA DE EDUCACI\u00d3N SUPERIOR\" class=\"wp-show-posts-read-more\" href=\"https:\/\/www.ces.gob.ec\/?te_announcements=ces-reune-a-rectoras-y-rectores-para-fortalecer-el-sistema-de-educacion-superior\">LEER M\u00c1S<\/a><\/div><\/div><!-- wp-show-posts-inner --><\/article><article class=\" wp-show-posts-single post-6652 te_announcements type-te_announcements status-publish hentry wpsp-col-6\" itemtype=\"http:\/\/schema.org\/CreativeWork\" itemscope><div class=\"wp-show-posts-inner\" style=\"\">\t\t\t\t\t\t<header class=\"wp-show-posts-entry-header\">\n\t\t\t\t\t\t\t<h5 class=\"wp-show-posts-entry-title\" itemprop=\"headline\"><a href=\"https:\/\/www.ces.gob.ec\/?te_announcements=el-ces-recibe-propuesta-para-la-creacion-de-la-universidad-estatal-de-orellana-21-11-2026\" rel=\"bookmark\">EL CES RECIBE PROPUESTA PARA LA CREACI\u00d3N DE LA UNIVERSIDAD ESTATAL DE ORELLANA (21\/11\/2026)<\/a><\/h5>\t\t\t\t\t\t<\/header><!-- .entry-header -->\n\t\t\t\t\t<div class=\"wpsp-read-more\"><a title=\"EL CES RECIBE PROPUESTA PARA LA CREACI\u00d3N DE LA UNIVERSIDAD ESTATAL DE ORELLANA (21\/11\/2026)\" class=\"wp-show-posts-read-more\" href=\"https:\/\/www.ces.gob.ec\/?te_announcements=el-ces-recibe-propuesta-para-la-creacion-de-la-universidad-estatal-de-orellana-21-11-2026\">LEER M\u00c1S<\/a><\/div><\/div><!-- wp-show-posts-inner --><\/article><article class=\" wp-show-posts-single post-6632 te_announcements type-te_announcements status-publish hentry wpsp-col-6\" itemtype=\"http:\/\/schema.org\/CreativeWork\" itemscope><div class=\"wp-show-posts-inner\" style=\"\">\t\t\t\t\t\t<header class=\"wp-show-posts-entry-header\">\n\t\t\t\t\t\t\t<h5 class=\"wp-show-posts-entry-title\" itemprop=\"headline\"><a href=\"https:\/\/www.ces.gob.ec\/?te_announcements=presidencia-del-ces-impulsa-la-formacion-dual-en-ecuador-durante-conversatorio-con-empresas-y-graduados-12-11-2025\" rel=\"bookmark\">PRESIDENCIA DEL CES IMPULSA LA FORMACI\u00d3N DUAL EN ECUADOR DURANTE CONVERSATORIO CON EMPRESAS Y GRADUADOS (12\/11\/2025)<\/a><\/h5>\t\t\t\t\t\t<\/header><!-- .entry-header -->\n\t\t\t\t\t<div class=\"wpsp-read-more\"><a title=\"PRESIDENCIA DEL CES IMPULSA LA FORMACI\u00d3N DUAL EN ECUADOR DURANTE CONVERSATORIO CON EMPRESAS Y GRADUADOS (12\/11\/2025)\" class=\"wp-show-posts-read-more\" href=\"https:\/\/www.ces.gob.ec\/?te_announcements=presidencia-del-ces-impulsa-la-formacion-dual-en-ecuador-durante-conversatorio-con-empresas-y-graduados-12-11-2025\">LEER M\u00c1S<\/a><\/div><\/div><!-- wp-show-posts-inner --><\/article><article class=\" wp-show-posts-single post-6628 te_announcements type-te_announcements status-publish hentry wpsp-col-6\" itemtype=\"http:\/\/schema.org\/CreativeWork\" itemscope><div class=\"wp-show-posts-inner\" style=\"\">\t\t\t\t\t\t<header class=\"wp-show-posts-entry-header\">\n\t\t\t\t\t\t\t<h5 class=\"wp-show-posts-entry-title\" itemprop=\"headline\"><a href=\"https:\/\/www.ces.gob.ec\/?te_announcements=6628-2\" rel=\"bookmark\">CONTIN\u00daA ACTUALIZACI\u00d3N PARTICIPATIVA DEL PLAN DE DESARROLLO DEL SISTEMA DE EDUCACI\u00d3N SUPERIOR 2022 \u2013 2027 (11\/11\/2025)<\/a><\/h5>\t\t\t\t\t\t<\/header><!-- .entry-header -->\n\t\t\t\t\t<div class=\"wpsp-read-more\"><a title=\"CONTIN\u00daA ACTUALIZACI\u00d3N PARTICIPATIVA DEL PLAN DE DESARROLLO DEL SISTEMA DE EDUCACI\u00d3N SUPERIOR 2022 \u2013 2027 (11\/11\/2025)\" class=\"wp-show-posts-read-more\" href=\"https:\/\/www.ces.gob.ec\/?te_announcements=6628-2\">LEER M\u00c1S<\/a><\/div><\/div><!-- wp-show-posts-inner --><\/article><article class=\" wp-show-posts-single post-6625 te_announcements type-te_announcements status-publish hentry wpsp-col-6\" itemtype=\"http:\/\/schema.org\/CreativeWork\" itemscope><div class=\"wp-show-posts-inner\" style=\"\">\t\t\t\t\t\t<header class=\"wp-show-posts-entry-header\">\n\t\t\t\t\t\t\t<h5 class=\"wp-show-posts-entry-title\" itemprop=\"headline\"><a href=\"https:\/\/www.ces.gob.ec\/?te_announcements=con-acompanamiento-del-ces-la-espoch-morona-santiago-recibio-las-escrituras-de-su-sede-7-11-2025\" rel=\"bookmark\">CON ACOMPA\u00d1AMIENTO DEL CES, LA ESPOCH MORONA SANTIAGO RECIBI\u00d3 LAS ESCRITURAS DE SU SEDE (7\/11\/2025)<\/a><\/h5>\t\t\t\t\t\t<\/header><!-- .entry-header -->\n\t\t\t\t\t<div class=\"wpsp-read-more\"><a title=\"CON ACOMPA\u00d1AMIENTO DEL CES, LA ESPOCH MORONA SANTIAGO RECIBI\u00d3 LAS ESCRITURAS DE SU SEDE (7\/11\/2025)\" class=\"wp-show-posts-read-more\" href=\"https:\/\/www.ces.gob.ec\/?te_announcements=con-acompanamiento-del-ces-la-espoch-morona-santiago-recibio-las-escrituras-de-su-sede-7-11-2025\">LEER M\u00c1S<\/a><\/div><\/div><!-- wp-show-posts-inner --><\/article><article class=\" wp-show-posts-single post-6620 te_announcements type-te_announcements status-publish hentry wpsp-col-6\" itemtype=\"http:\/\/schema.org\/CreativeWork\" itemscope><div class=\"wp-show-posts-inner\" style=\"\">\t\t\t\t\t\t<header class=\"wp-show-posts-entry-header\">\n\t\t\t\t\t\t\t<h5 class=\"wp-show-posts-entry-title\" itemprop=\"headline\"><a href=\"https:\/\/www.ces.gob.ec\/?te_announcements=presidente-del-ces-desarrollo-importante-agenda-de-trabajo-en-alemania-y-peru-05-11-2025\" rel=\"bookmark\">PRESIDENTE DEL CES DESARROLL\u00d3 IMPORTANTE AGENDA DE TRABAJO EN ALEMANIA Y PER\u00da (05\/11\/2025)<\/a><\/h5>\t\t\t\t\t\t<\/header><!-- .entry-header -->\n\t\t\t\t\t<div class=\"wpsp-read-more\"><a title=\"PRESIDENTE DEL CES DESARROLL\u00d3 IMPORTANTE AGENDA DE TRABAJO EN ALEMANIA Y PER\u00da (05\/11\/2025)\" class=\"wp-show-posts-read-more\" href=\"https:\/\/www.ces.gob.ec\/?te_announcements=presidente-del-ces-desarrollo-importante-agenda-de-trabajo-en-alemania-y-peru-05-11-2025\">LEER M\u00c1S<\/a><\/div><\/div><!-- wp-show-posts-inner --><\/article><article class=\" wp-show-posts-single post-6612 te_announcements type-te_announcements status-publish hentry wpsp-col-6\" itemtype=\"http:\/\/schema.org\/CreativeWork\" itemscope><div class=\"wp-show-posts-inner\" style=\"\">\t\t\t\t\t\t<header class=\"wp-show-posts-entry-header\">\n\t\t\t\t\t\t\t<h5 class=\"wp-show-posts-entry-title\" itemprop=\"headline\"><a href=\"https:\/\/www.ces.gob.ec\/?te_announcements=el-ces-inicia-actualizacion-del-plan-de-desarrollo-del-sistema-de-educacion-superior-2022-2027-con-la-participacion-activa-de-los-actores-del-sistema-21-10-2025\" rel=\"bookmark\">EL CES INICIA ACTUALIZACI\u00d3N DEL PLAN DE DESARROLLO DEL SISTEMA DE EDUCACI\u00d3N SUPERIOR 2022\u20132027 CON LA PARTICIPACI\u00d3N ACTIVA DE LOS ACTORES DEL SISTEMA (21\/10\/2025)<\/a><\/h5>\t\t\t\t\t\t<\/header><!-- .entry-header -->\n\t\t\t\t\t<div class=\"wpsp-read-more\"><a title=\"EL CES INICIA ACTUALIZACI\u00d3N DEL PLAN DE DESARROLLO DEL SISTEMA DE EDUCACI\u00d3N SUPERIOR 2022\u20132027 CON LA PARTICIPACI\u00d3N ACTIVA DE LOS ACTORES DEL SISTEMA (21\/10\/2025)\" class=\"wp-show-posts-read-more\" href=\"https:\/\/www.ces.gob.ec\/?te_announcements=el-ces-inicia-actualizacion-del-plan-de-desarrollo-del-sistema-de-educacion-superior-2022-2027-con-la-participacion-activa-de-los-actores-del-sistema-21-10-2025\">LEER M\u00c1S<\/a><\/div><\/div><!-- wp-show-posts-inner --><\/article><article class=\" wp-show-posts-single post-6607 te_announcements type-te_announcements status-publish hentry wpsp-col-6\" itemtype=\"http:\/\/schema.org\/CreativeWork\" itemscope><div class=\"wp-show-posts-inner\" style=\"\">\t\t\t\t\t\t<header class=\"wp-show-posts-entry-header\">\n\t\t\t\t\t\t\t<h5 class=\"wp-show-posts-entry-title\" itemprop=\"headline\"><a href=\"https:\/\/www.ces.gob.ec\/?te_announcements=pablo-beltran-representa-al-ecuador-en-el-congreso-de-las-americas-sobre-educacion-internacional-caei-2025-costa-rica-15-10-2025\" rel=\"bookmark\">PABLO BELTR\u00c1N REPRESENTA AL ECUADOR EN EL CONGRESO DE LAS AM\u00c9RICAS SOBRE EDUCACI\u00d3N INTERNACIONAL (CAEI 2025) \u2013 COSTA RICA (15\/10\/2025)<\/a><\/h5>\t\t\t\t\t\t<\/header><!-- .entry-header -->\n\t\t\t\t\t<div class=\"wpsp-read-more\"><a title=\"PABLO BELTR\u00c1N REPRESENTA AL ECUADOR EN EL CONGRESO DE LAS AM\u00c9RICAS SOBRE EDUCACI\u00d3N INTERNACIONAL (CAEI 2025) \u2013 COSTA RICA (15\/10\/2025)\" class=\"wp-show-posts-read-more\" href=\"https:\/\/www.ces.gob.ec\/?te_announcements=pablo-beltran-representa-al-ecuador-en-el-congreso-de-las-americas-sobre-educacion-internacional-caei-2025-costa-rica-15-10-2025\">LEER M\u00c1S<\/a><\/div><\/div><!-- wp-show-posts-inner --><\/article><article class=\" wp-show-posts-single post-6598 te_announcements type-te_announcements status-publish hentry wpsp-col-6\" itemtype=\"http:\/\/schema.org\/CreativeWork\" itemscope><div class=\"wp-show-posts-inner\" style=\"\">\t\t\t\t\t\t<header class=\"wp-show-posts-entry-header\">\n\t\t\t\t\t\t\t<h5 class=\"wp-show-posts-entry-title\" itemprop=\"headline\"><a href=\"https:\/\/www.ces.gob.ec\/?te_announcements=ecuador-pais-con-mayor-avance-proporcional-en-universidades-en-el-qs-latin-america-caribbean-2026-03-10-2025\" rel=\"bookmark\">ECUADOR, PA\u00cdS CON MAYOR AVANCE PROPORCIONAL EN UNIVERSIDADES EN EL QS LATIN AMERICA &#038; CARIBBEAN 2026 (03\/ 10\/2025)<\/a><\/h5>\t\t\t\t\t\t<\/header><!-- .entry-header -->\n\t\t\t\t\t<div class=\"wpsp-read-more\"><a title=\"ECUADOR, PA\u00cdS CON MAYOR AVANCE PROPORCIONAL EN UNIVERSIDADES EN EL QS LATIN AMERICA &#038; CARIBBEAN 2026 (03\/ 10\/2025)\" class=\"wp-show-posts-read-more\" href=\"https:\/\/www.ces.gob.ec\/?te_announcements=ecuador-pais-con-mayor-avance-proporcional-en-universidades-en-el-qs-latin-america-caribbean-2026-03-10-2025\">LEER M\u00c1S<\/a><\/div><\/div><!-- wp-show-posts-inner --><\/article><article class=\" wp-show-posts-single post-6596 te_announcements type-te_announcements status-publish hentry wpsp-col-6\" itemtype=\"http:\/\/schema.org\/CreativeWork\" itemscope><div class=\"wp-show-posts-inner\" style=\"\">\t\t\t\t\t\t<header class=\"wp-show-posts-entry-header\">\n\t\t\t\t\t\t\t<h5 class=\"wp-show-posts-entry-title\" itemprop=\"headline\"><a href=\"https:\/\/www.ces.gob.ec\/?te_announcements=ces-impulsa-ley-para-vincular-educacion-superior-sector-productivo-y-promover-empleo-juvenil-03-10-2025\" rel=\"bookmark\">CES IMPULSA LEY PARA VINCULAR EDUCACI\u00d3N SUPERIOR, SECTOR PRODUCTIVO Y PROMOVER EMPLEO JUVENIL (03\/10\/2025)<\/a><\/h5>\t\t\t\t\t\t<\/header><!-- .entry-header -->\n\t\t\t\t\t<div class=\"wpsp-read-more\"><a title=\"CES IMPULSA LEY PARA VINCULAR EDUCACI\u00d3N SUPERIOR, SECTOR PRODUCTIVO Y PROMOVER EMPLEO JUVENIL (03\/10\/2025)\" class=\"wp-show-posts-read-more\" href=\"https:\/\/www.ces.gob.ec\/?te_announcements=ces-impulsa-ley-para-vincular-educacion-superior-sector-productivo-y-promover-empleo-juvenil-03-10-2025\">LEER M\u00c1S<\/a><\/div><\/div><!-- wp-show-posts-inner --><\/article><div class=\"wpsp-clear\"><\/div><\/section><!-- .wp-show-posts --><div class=\"wpsp-load-more\"><span aria-current=\"page\" class=\"page-numbers current\">1<\/span>\n<a class=\"page-numbers\" href=\"https:\/\/www.ces.gob.ec\/index.php\/?paged=2&#038;rest_route=%2Fwp%2Fv2%2Fpages%2F1130\">2<\/a>\n<span class=\"page-numbers dots\">&hellip;<\/span>\n<a class=\"page-numbers\" href=\"https:\/\/www.ces.gob.ec\/index.php\/?paged=39&#038;rest_route=%2Fwp%2Fv2%2Fpages%2F1130\">39<\/a>\n<a class=\"next page-numbers\" href=\"https:\/\/www.ces.gob.ec\/index.php\/?paged=2&#038;rest_route=%2Fwp%2Fv2%2Fpages%2F1130\">Siguiente &rarr;<\/a><\/div>\n\n\n\n<hr class=\"wp-block-separator\"\/>\n\n\n\n<p><\/p>\n","protected":false},"excerpt":{"rendered":"<p>Noticias<\/p>\n","protected":false},"author":1,"featured_media":0,"parent":0,"menu_order":0,"comment_status":"closed","ping_status":"closed","template":"","meta":{"_monsterinsights_skip_tracking":false,"_monsterinsights_sitenote_active":false,"_monsterinsights_sitenote_note":"","_monsterinsights_sitenote_category":0,"footnotes":""},"class_list":["post-1130","page","type-page","status-publish","hentry"],"_links":{"self":[{"href":"https:\/\/www.ces.gob.ec\/index.php?rest_route=\/wp\/v2\/pages\/1130","targetHints":{"allow":["GET"]}}],"collection":[{"href":"https:\/\/www.ces.gob.ec\/index.php?rest_route=\/wp\/v2\/pages"}],"about":[{"href":"https:\/\/www.ces.gob.ec\/index.php?rest_route=\/wp\/v2\/types\/page"}],"author":[{"embeddable":true,"href":"https:\/\/www.ces.gob.ec\/index.php?rest_route=\/wp\/v2\/users\/1"}],"replies":[{"embeddable":true,"href":"https:\/\/www.ces.gob.ec\/index.php?rest_route=%2Fwp%2Fv2%2Fcomments&post=1130"}],"version-history":[{"count":16,"href":"https:\/\/www.ces.gob.ec\/index.php?rest_route=\/wp\/v2\/pages\/1130\/revisions"}],"predecessor-version":[{"id":3463,"href":"https:\/\/www.ces.gob.ec\/index.php?rest_route=\/wp\/v2\/pages\/1130\/revisions\/3463"}],"wp:attachment":[{"href":"https:\/\/www.ces.gob.ec\/index.php?rest_route=%2Fwp%2Fv2%2Fmedia&parent=1130"}],"curies":[{"name":"wp","href":"https:\/\/api.w.org\/{rel}","templated":true}]}}